{"id":41409,"date":"2025-11-11T19:56:45","date_gmt":"2025-11-11T19:56:45","guid":{"rendered":"https:\/\/adra.org\/?page_id=41409"},"modified":"2026-03-06T02:26:11","modified_gmt":"2026-03-06T02:26:11","slug":"disasterresponse","status":"publish","type":"page","link":"https:\/\/adra.org\/pt\/disasterresponse","title":{"rendered":"Resposta a cat\u00e1strofes"},"content":{"rendered":"<div data-elementor-type=\"wp-page\" data-elementor-id=\"41409\" class=\"elementor elementor-41409\" data-elementor-post-type=\"page\">\n\t\t\t\t\t\t<section data-particle_enable=\"false\" data-particle-mobile-disabled=\"false\" class=\"elementor-section elementor-top-section elementor-element elementor-element-4e6ae8d6 elementor-section-full_width elementor-section-height-default elementor-section-height-default\" data-id=\"4e6ae8d6\" data-element_type=\"section\" data-e-type=\"section\" data-settings=\"{&quot;jet_parallax_layout_list&quot;:[]}\">\n\t\t\t\t\t\t\t<div class=\"elementor-background-overlay\"><\/div>\n\t\t\t\t\t\t\t<div class=\"elementor-container elementor-column-gap-no\">\n\t\t\t\t\t<div class=\"elementor-column elementor-col-100 elementor-top-column elementor-element elementor-element-224e52d9\" data-id=\"224e52d9\" data-element_type=\"column\" data-e-type=\"column\" data-settings=\"{&quot;background_background&quot;:&quot;classic&quot;}\">\n\t\t\t<div class=\"elementor-widget-wrap elementor-element-populated\">\n\t\t\t\t\t<div class=\"elementor-background-overlay\"><\/div>\n\t\t\t\t\t\t<div class=\"elementor-element elementor-element-6cf26c23 elementor-widget elementor-widget-spacer\" data-id=\"6cf26c23\" data-element_type=\"widget\" data-e-type=\"widget\" data-widget_type=\"spacer.default\">\n\t\t\t\t<div class=\"elementor-widget-container\">\n\t\t\t\t\t\t\t<div class=\"elementor-spacer\">\n\t\t\t<div class=\"elementor-spacer-inner\"><\/div>\n\t\t<\/div>\n\t\t\t\t\t\t<\/div>\n\t\t\t\t<\/div>\n\t\t\t\t<div class=\"elementor-element elementor-element-69ab4019 elementor-widget elementor-widget-heading\" data-id=\"69ab4019\" data-element_type=\"widget\" data-e-type=\"widget\" data-widget_type=\"heading.default\">\n\t\t\t\t<div class=\"elementor-widget-container\">\n\t\t\t\t\t<h2 class=\"elementor-heading-title elementor-size-default\">Resposta a cat\u00e1strofes<\/h2>\t\t\t\t<\/div>\n\t\t\t\t<\/div>\n\t\t\t\t\t<\/div>\n\t\t<\/div>\n\t\t\t\t\t<\/div>\n\t\t<\/section>\n\t\t\t\t<section data-particle_enable=\"false\" data-particle-mobile-disabled=\"false\" class=\"elementor-section elementor-top-section elementor-element elementor-element-7ed9e4e1 elementor-section-boxed elementor-section-height-default elementor-section-height-default\" data-id=\"7ed9e4e1\" data-element_type=\"section\" data-e-type=\"section\" data-settings=\"{&quot;jet_parallax_layout_list&quot;:[]}\">\n\t\t\t\t\t\t<div class=\"elementor-container elementor-column-gap-default\">\n\t\t\t\t\t<div class=\"elementor-column elementor-col-100 elementor-top-column elementor-element elementor-element-7f4d35d9\" data-id=\"7f4d35d9\" data-element_type=\"column\" data-e-type=\"column\">\n\t\t\t<div class=\"elementor-widget-wrap elementor-element-populated\">\n\t\t\t\t\t\t<div class=\"elementor-element elementor-element-363f0364 elementor-widget elementor-widget-spacer\" data-id=\"363f0364\" data-element_type=\"widget\" data-e-type=\"widget\" data-widget_type=\"spacer.default\">\n\t\t\t\t<div class=\"elementor-widget-container\">\n\t\t\t\t\t\t\t<div class=\"elementor-spacer\">\n\t\t\t<div class=\"elementor-spacer-inner\"><\/div>\n\t\t<\/div>\n\t\t\t\t\t\t<\/div>\n\t\t\t\t<\/div>\n\t\t\t\t<div class=\"elementor-element elementor-element-593c47d2 elementor-widget elementor-widget-text-editor\" data-id=\"593c47d2\" data-element_type=\"widget\" data-e-type=\"widget\" data-widget_type=\"text-editor.default\">\n\t\t\t\t<div class=\"elementor-widget-container\">\n\t\t\t\t\t\t\t\t\t<h4>Quando o desastre acontece, a ADRA responde<\/h4><p>Em tempos de crise, a ADRA est\u00e1 entre os primeiros a chegar e os \u00faltimos a partir. As nossas equipas trabalham incansavelmente para prestar socorro, restaurar a dignidade e ajudar as fam\u00edlias a reconstruir as suas vidas.<\/p><p>Nas Filipinas, a ADRA est\u00e1 a responder \u00e0 devasta\u00e7\u00e3o causada pelos recentes tuf\u00f5es e fortes terramotos - prestando assist\u00eancia urgente, apoiando a recupera\u00e7\u00e3o e ajudando as comunidades a reencontrar a esperan\u00e7a.<\/p><p>Pode ajudar a ADRA a estar pronta quando ocorre uma cat\u00e1strofe. O seu apoio garante que quando as emerg\u00eancias acontecem - em qualquer parte do mundo - a ADRA est\u00e1 pronta para responder, reconstruir e trazer esperan\u00e7a onde ela \u00e9 mais necess\u00e1ria.<\/p>\t\t\t\t\t\t\t\t<\/div>\n\t\t\t\t<\/div>\n\t\t\t\t<div class=\"elementor-element elementor-element-94e86c7 elementor-align-left elementor-widget elementor-widget-button\" data-id=\"94e86c7\" data-element_type=\"widget\" data-e-type=\"widget\" data-widget_type=\"button.default\">\n\t\t\t\t<div class=\"elementor-widget-container\">\n\t\t\t\t\t\t\t\t\t<div class=\"elementor-button-wrapper\">\n\t\t\t\t\t<a class=\"elementor-button elementor-button-link elementor-size-sm\" href=\"https:\/\/give.adra.org\/site\/Donation2?mfc_pref=T&#038;5581.donation=form1&#038;df_id=5581&#038;s_src=WEBLAN251101EMR&#038;s_subsrc=1001_2025EMR-TYPKAL\">\n\t\t\t\t\t\t<span class=\"elementor-button-content-wrapper\">\n\t\t\t\t\t\t\t\t\t<span class=\"elementor-button-text\">Doar agora<\/span>\n\t\t\t\t\t<\/span>\n\t\t\t\t\t<\/a>\n\t\t\t\t<\/div>\n\t\t\t\t\t\t\t\t<\/div>\n\t\t\t\t<\/div>\n\t\t\t\t<div class=\"elementor-element elementor-element-b0e1ae3 elementor-widget elementor-widget-spacer\" data-id=\"b0e1ae3\" data-element_type=\"widget\" data-e-type=\"widget\" data-widget_type=\"spacer.default\">\n\t\t\t\t<div class=\"elementor-widget-container\">\n\t\t\t\t\t\t\t<div class=\"elementor-spacer\">\n\t\t\t<div class=\"elementor-spacer-inner\"><\/div>\n\t\t<\/div>\n\t\t\t\t\t\t<\/div>\n\t\t\t\t<\/div>\n\t\t\t\t\t<\/div>\n\t\t<\/div>\n\t\t\t\t\t<\/div>\n\t\t<\/section>\n\t\t\t\t<\/div>","protected":false},"excerpt":{"rendered":"<p>When disaster strikes, ADRA responds. Donate now to support communities in the Philippines affected by the recent typhoons and earthquakes.<\/p>","protected":false},"author":42,"featured_media":41412,"parent":0,"menu_order":0,"comment_status":"closed","ping_status":"closed","template":"","meta":{"_acf_changed":false,"_eb_attr":"","footnotes":""},"class_list":["post-41409","page","type-page","status-publish","has-post-thumbnail","hentry"],"acf":[],"_links":{"self":[{"href":"https:\/\/adra.org\/pt\/wp-json\/wp\/v2\/pages\/41409","targetHints":{"allow":["GET"]}}],"collection":[{"href":"https:\/\/adra.org\/pt\/wp-json\/wp\/v2\/pages"}],"about":[{"href":"https:\/\/adra.org\/pt\/wp-json\/wp\/v2\/types\/page"}],"author":[{"embeddable":true,"href":"https:\/\/adra.org\/pt\/wp-json\/wp\/v2\/users\/42"}],"replies":[{"embeddable":true,"href":"https:\/\/adra.org\/pt\/wp-json\/wp\/v2\/comments?post=41409"}],"version-history":[{"count":5,"href":"https:\/\/adra.org\/pt\/wp-json\/wp\/v2\/pages\/41409\/revisions"}],"predecessor-version":[{"id":41434,"href":"https:\/\/adra.org\/pt\/wp-json\/wp\/v2\/pages\/41409\/revisions\/41434"}],"wp:featuredmedia":[{"embeddable":true,"href":"https:\/\/adra.org\/pt\/wp-json\/wp\/v2\/media\/41412"}],"wp:attachment":[{"href":"https:\/\/adra.org\/pt\/wp-json\/wp\/v2\/media?parent=41409"}],"curies":[{"name":"wp","href":"https:\/\/api.w.org\/{rel}","templated":true}]}}