{"id":37891,"date":"2025-03-28T05:58:32","date_gmt":"2025-03-28T05:58:32","guid":{"rendered":"https:\/\/adra.org\/?page_id=37891"},"modified":"2026-02-23T08:48:32","modified_gmt":"2026-02-23T08:48:32","slug":"church-emergency-response","status":"publish","type":"page","link":"https:\/\/adra.org\/pt\/church-emergency-response","title":{"rendered":"Resposta de emerg\u00eancia da Igreja"},"content":{"rendered":"<div data-elementor-type=\"wp-page\" data-elementor-id=\"37891\" class=\"elementor elementor-37891\" data-elementor-post-type=\"page\">\n\t\t\t\t\t\t<section data-particle_enable=\"false\" data-particle-mobile-disabled=\"false\" class=\"elementor-section elementor-top-section elementor-element elementor-element-35ee6c7 elementor-section-full_width elementor-section-height-default elementor-section-height-default\" data-id=\"35ee6c7\" data-element_type=\"section\" data-e-type=\"section\" data-settings=\"{&quot;background_background&quot;:&quot;classic&quot;,&quot;jet_parallax_layout_list&quot;:[]}\">\n\t\t\t\t\t\t<div class=\"elementor-container elementor-column-gap-no\">\n\t\t\t\t\t<div class=\"elementor-column elementor-col-50 elementor-top-column elementor-element elementor-element-5e121d4\" data-id=\"5e121d4\" data-element_type=\"column\" data-e-type=\"column\" data-settings=\"{&quot;background_background&quot;:&quot;classic&quot;}\">\n\t\t\t<div class=\"elementor-widget-wrap elementor-element-populated\">\n\t\t\t\t\t\t<div class=\"elementor-element elementor-element-de797c3 elementor-widget elementor-widget-image\" data-id=\"de797c3\" data-element_type=\"widget\" data-e-type=\"widget\" data-widget_type=\"image.default\">\n\t\t\t\t<div class=\"elementor-widget-container\">\n\t\t\t\t\t\t\t\t\t\t\t\t\t\t\t<img fetchpriority=\"high\" decoding=\"async\" width=\"800\" height=\"747\" src=\"https:\/\/adra.org\/wp-content\/uploads\/2025\/04\/2025-DFRO-Icon-RGB-1-1024x956.png\" class=\"attachment-large size-large wp-image-38084\" alt=\"\" srcset=\"https:\/\/adra.org\/wp-content\/uploads\/2025\/04\/2025-DFRO-Icon-RGB-1-1024x956.png 1024w, https:\/\/adra.org\/wp-content\/uploads\/2025\/04\/2025-DFRO-Icon-RGB-1-300x280.png 300w, https:\/\/adra.org\/wp-content\/uploads\/2025\/04\/2025-DFRO-Icon-RGB-1-768x717.png 768w, https:\/\/adra.org\/wp-content\/uploads\/2025\/04\/2025-DFRO-Icon-RGB-1.png 1200w\" sizes=\"(max-width: 800px) 100vw, 800px\" \/>\t\t\t\t\t\t\t\t\t\t\t\t\t\t\t<\/div>\n\t\t\t\t<\/div>\n\t\t\t\t<div class=\"elementor-element elementor-element-3ae6d15 elementor-widget elementor-widget-heading\" data-id=\"3ae6d15\" data-element_type=\"widget\" data-e-type=\"widget\" data-widget_type=\"heading.default\">\n\t\t\t\t<div class=\"elementor-widget-container\">\n\t\t\t\t\t<h2 class=\"elementor-heading-title elementor-size-default\">Resposta de emerg\u00eancia da Igreja<\/h2>\t\t\t\t<\/div>\n\t\t\t\t<\/div>\n\t\t\t\t\t<\/div>\n\t\t<\/div>\n\t\t\t\t<div class=\"elementor-column elementor-col-50 elementor-top-column elementor-element elementor-element-3801e45\" data-id=\"3801e45\" data-element_type=\"column\" data-e-type=\"column\" data-settings=\"{&quot;background_background&quot;:&quot;classic&quot;}\">\n\t\t\t<div class=\"elementor-widget-wrap elementor-element-populated\">\n\t\t\t\t\t\t<div class=\"elementor-element elementor-element-b32f3a7 elementor-widget elementor-widget-spacer\" data-id=\"b32f3a7\" data-element_type=\"widget\" data-e-type=\"widget\" data-widget_type=\"spacer.default\">\n\t\t\t\t<div class=\"elementor-widget-container\">\n\t\t\t\t\t\t\t<div class=\"elementor-spacer\">\n\t\t\t<div class=\"elementor-spacer-inner\"><\/div>\n\t\t<\/div>\n\t\t\t\t\t\t<\/div>\n\t\t\t\t<\/div>\n\t\t\t\t\t<\/div>\n\t\t<\/div>\n\t\t\t\t\t<\/div>\n\t\t<\/section>\n\t\t\t\t<section data-particle_enable=\"false\" data-particle-mobile-disabled=\"false\" class=\"elementor-section elementor-top-section elementor-element elementor-element-ec546a4 elementor-section-boxed elementor-section-height-default elementor-section-height-default\" data-id=\"ec546a4\" data-element_type=\"section\" data-e-type=\"section\" data-settings=\"{&quot;jet_parallax_layout_list&quot;:[]}\">\n\t\t\t\t\t\t<div class=\"elementor-container elementor-column-gap-default\">\n\t\t\t\t\t<div class=\"elementor-column elementor-col-100 elementor-top-column elementor-element elementor-element-9d9ecfa\" data-id=\"9d9ecfa\" data-element_type=\"column\" data-e-type=\"column\">\n\t\t\t<div class=\"elementor-widget-wrap elementor-element-populated\">\n\t\t\t\t\t\t<div class=\"elementor-element elementor-element-7299bc0 elementor-widget elementor-widget-spacer\" data-id=\"7299bc0\" data-element_type=\"widget\" data-e-type=\"widget\" data-widget_type=\"spacer.default\">\n\t\t\t\t<div class=\"elementor-widget-container\">\n\t\t\t\t\t\t\t<div class=\"elementor-spacer\">\n\t\t\t<div class=\"elementor-spacer-inner\"><\/div>\n\t\t<\/div>\n\t\t\t\t\t\t<\/div>\n\t\t\t\t<\/div>\n\t\t\t\t<div class=\"elementor-element elementor-element-1f30a5e elementor-widget elementor-widget-heading\" data-id=\"1f30a5e\" data-element_type=\"widget\" data-e-type=\"widget\" data-widget_type=\"heading.default\">\n\t\t\t\t<div class=\"elementor-widget-container\">\n\t\t\t\t\t<h3 class=\"elementor-heading-title elementor-size-default\">Oportunidades de angaria\u00e7\u00e3o de fundos<\/h3>\t\t\t\t<\/div>\n\t\t\t\t<\/div>\n\t\t\t\t<div class=\"elementor-element elementor-element-5066637 elementor-widget elementor-widget-heading\" data-id=\"5066637\" data-element_type=\"widget\" data-e-type=\"widget\" data-widget_type=\"heading.default\">\n\t\t\t\t<div class=\"elementor-widget-container\">\n\t\t\t\t\t<h2 class=\"elementor-heading-title elementor-size-default\">Vamos envolver a sua igreja<\/h2>\t\t\t\t<\/div>\n\t\t\t\t<\/div>\n\t\t\t\t<div class=\"elementor-element elementor-element-6776b61 elementor-widget elementor-widget-spacer\" data-id=\"6776b61\" data-element_type=\"widget\" data-e-type=\"widget\" data-widget_type=\"spacer.default\">\n\t\t\t\t<div class=\"elementor-widget-container\">\n\t\t\t\t\t\t\t<div class=\"elementor-spacer\">\n\t\t\t<div class=\"elementor-spacer-inner\"><\/div>\n\t\t<\/div>\n\t\t\t\t\t\t<\/div>\n\t\t\t\t<\/div>\n\t\t\t\t<div class=\"elementor-element elementor-element-a181dd4 elementor-widget elementor-widget-text-editor\" data-id=\"a181dd4\" data-element_type=\"widget\" data-e-type=\"widget\" data-widget_type=\"text-editor.default\">\n\t\t\t\t<div class=\"elementor-widget-container\">\n\t\t\t\t\t\t\t\t\t<p><strong>O dobro do al\u00edvio. O dobro da esperan\u00e7a.<\/strong><\/p><p>No s\u00e1bado, 10 de maio, as igrejas adventistas do s\u00e9timo dia em todos os EUA coletar\u00e3o uma Oferta de Al\u00edvio a Desastres e Fome (DFRO) para a ADRA e a ACS. A sua oferta* para a ADRA, o bra\u00e7o humanit\u00e1rio da Igreja Adventista, ser\u00e1 igualada at\u00e9 50.000 at\u00e9 31 de maio.<\/p>\t\t\t\t\t\t\t\t<\/div>\n\t\t\t\t<\/div>\n\t\t\t\t<div class=\"elementor-element elementor-element-39ff064 elementor-widget elementor-widget-text-editor\" data-id=\"39ff064\" data-element_type=\"widget\" data-e-type=\"widget\" data-widget_type=\"text-editor.default\">\n\t\t\t\t<div class=\"elementor-widget-container\">\n\t\t\t\t\t\t\t\t\t<p><em>*S\u00f3 ser\u00e3o equiparados os donativos feitos atrav\u00e9s da ADRA (telefonema, s\u00edtio Web ou cheque enviado para a ADRA com a men\u00e7\u00e3o DFRO na nota).<\/em><\/p>\t\t\t\t\t\t\t\t<\/div>\n\t\t\t\t<\/div>\n\t\t\t\t<div class=\"elementor-element elementor-element-8cf2b48 elementor-widget elementor-widget-spacer\" data-id=\"8cf2b48\" data-element_type=\"widget\" data-e-type=\"widget\" data-widget_type=\"spacer.default\">\n\t\t\t\t<div class=\"elementor-widget-container\">\n\t\t\t\t\t\t\t<div class=\"elementor-spacer\">\n\t\t\t<div class=\"elementor-spacer-inner\"><\/div>\n\t\t<\/div>\n\t\t\t\t\t\t<\/div>\n\t\t\t\t<\/div>\n\t\t\t\t<div class=\"elementor-element elementor-element-52c311c elementor-widget elementor-widget-text-editor\" data-id=\"52c311c\" data-element_type=\"widget\" data-e-type=\"widget\" data-widget_type=\"text-editor.default\">\n\t\t\t\t<div class=\"elementor-widget-container\">\n\t\t\t\t\t\t\t\t\t<p><strong>Recursos dispon\u00edveis<\/strong><\/p><p>Para envolver a sua Igreja nesta importante oferta, descarregue o nosso Kit da Igreja:<\/p><ul><li><strong><a href=\"https:\/\/www.dropbox.com\/scl\/fi\/hez1aqzgi0se4bcgoxxis\/9-X-16-Church-PPT-Slide.jpg?rlkey=z22b1vv1ew7i4e8iyn3lhe7w8&amp;st=zaq2xj7d&amp;dl=0\" target=\"_blank\" rel=\"nofollow noreferrer noopener\">9 x 16 Igreja PPT Slide<\/a><\/strong> (para exibi\u00e7\u00e3o em ecr\u00e3s grandes nas igrejas)<\/li><li><strong><a href=\"https:\/\/www.dropbox.com\/scl\/fi\/0u9sa1066y32uricm7uhg\/Social-Media-Kit.pdf?rlkey=q0hrbostxvbxrgub303q1v5d2&amp;st=rl84hq64&amp;dl=0\" target=\"_blank\" rel=\"nofollow noreferrer noopener\">Guia das redes sociais<\/a><\/strong>\u00a0(para si e para as igrejas utilizarem)<\/li><li><strong><a href=\"https:\/\/www.dropbox.com\/scl\/fi\/qjo7veivu3xl726qgum76\/Ukraine-Video-Horizontal.mp4?rlkey=0zqdmdu63xiw0zgfo3v78095l&amp;st=wfdpkiyt&amp;dl=0\" target=\"_blank\" rel=\"nofollow noreferrer noopener\">Ucr\u00e2nia V\u00eddeo<\/a><\/strong> (Horizontal - 1 minuto e 30 segundos)<\/li><li><a href=\"https:\/\/www.dropbox.com\/scl\/fi\/1lqv5e9ec44qsasdfxzr9\/Ukraine-Video-Vertical.mp4?rlkey=o9goyamzpgpu79ktq9z8fa18o&amp;st=3r0q2835&amp;dl=0\" target=\"_blank\" rel=\"nofollow noreferrer noopener\"><strong>Ucr\u00e2nia V\u00eddeo<\/strong><\/a> (Vertical - 1 minuto e 30 segundos)<\/li><li><strong><a href=\"https:\/\/www.dropbox.com\/scl\/fi\/l6z1dljtxe78w85ha73y7\/ADRA-Pillar-Video-Emergency-Church-Version.mp4?rlkey=5auzqpl03bb221ramy92ij48l&amp;st=nl3v7r7j&amp;dl=0\" target=\"_blank\" rel=\"nofollow noreferrer noopener\">V\u00eddeo de emerg\u00eancia<\/a>\u00a0<\/strong>(Horizontal - 1 minuto e 15 segundos)<\/li><li><strong><a href=\"https:\/\/www.dropbox.com\/scl\/fi\/slqdkrcf8skmlhao5aieu\/ADRA-Pillar-Video-Emergency-Church-Version-Vertical.mp4?rlkey=padq6l1bja4y6b03djn7cmt00&amp;st=yigiazw9&amp;dl=0\" target=\"_blank\" rel=\"nofollow noreferrer noopener\">V\u00eddeo de emerg\u00eancia <\/a><\/strong>(Vertical - 1 minuto e 15 segundos)<\/li><li><strong><a href=\"https:\/\/give.adra.org\/site\/Donation2?df_id=4921&amp;mfc_pref=T&amp;4921.donation=form1&amp;utm_content=restricted-emergency-match-offering&amp;s_src=EVTACQ250501EMR&amp;s_subsrc=1877_Event\" target=\"_blank\" rel=\"nofollow noreferrer noopener\">ADRA.org\/Oferta<\/a><\/strong> (P\u00e1gina de donativos da ADRA para as igrejas utilizarem)<\/li><\/ul>\t\t\t\t\t\t\t\t<\/div>\n\t\t\t\t<\/div>\n\t\t\t\t<div class=\"elementor-element elementor-element-94caf72 elementor-widget elementor-widget-spacer\" data-id=\"94caf72\" data-element_type=\"widget\" data-e-type=\"widget\" data-widget_type=\"spacer.default\">\n\t\t\t\t<div class=\"elementor-widget-container\">\n\t\t\t\t\t\t\t<div class=\"elementor-spacer\">\n\t\t\t<div class=\"elementor-spacer-inner\"><\/div>\n\t\t<\/div>\n\t\t\t\t\t\t<\/div>\n\t\t\t\t<\/div>\n\t\t\t\t<div class=\"elementor-element elementor-element-cd6bdab elementor-align-left elementor-widget elementor-widget-button\" data-id=\"cd6bdab\" data-element_type=\"widget\" data-e-type=\"widget\" data-widget_type=\"button.default\">\n\t\t\t\t<div class=\"elementor-widget-container\">\n\t\t\t\t\t\t\t\t\t<div class=\"elementor-button-wrapper\">\n\t\t\t\t\t<a class=\"elementor-button elementor-button-link elementor-size-sm\" href=\"https:\/\/www.dropbox.com\/scl\/fo\/quwf6vnucnsazon03ydcw\/AA4lX0HLsYeZ7nCMqTIAK0I?rlkey=e9ifi0sndb3gov2ft2i394x1q&#038;e=1&#038;st=o1vp2gsm&#038;dl=0\">\n\t\t\t\t\t\t<span class=\"elementor-button-content-wrapper\">\n\t\t\t\t\t\t<span class=\"elementor-button-icon\">\n\t\t\t\t<i aria-hidden=\"true\" class=\"fas fa-download\"><\/i>\t\t\t<\/span>\n\t\t\t\t\t\t\t\t\t<span class=\"elementor-button-text\">DESCARREGAR TUDO<\/span>\n\t\t\t\t\t<\/span>\n\t\t\t\t\t<\/a>\n\t\t\t\t<\/div>\n\t\t\t\t\t\t\t\t<\/div>\n\t\t\t\t<\/div>\n\t\t\t\t<div class=\"elementor-element elementor-element-b1d4f28 elementor-widget elementor-widget-spacer\" data-id=\"b1d4f28\" data-element_type=\"widget\" data-e-type=\"widget\" data-widget_type=\"spacer.default\">\n\t\t\t\t<div class=\"elementor-widget-container\">\n\t\t\t\t\t\t\t<div class=\"elementor-spacer\">\n\t\t\t<div class=\"elementor-spacer-inner\"><\/div>\n\t\t<\/div>\n\t\t\t\t\t\t<\/div>\n\t\t\t\t<\/div>\n\t\t\t\t\t<\/div>\n\t\t<\/div>\n\t\t\t\t\t<\/div>\n\t\t<\/section>\n\t\t\t\t<section data-particle_enable=\"false\" data-particle-mobile-disabled=\"false\" class=\"elementor-section elementor-top-section elementor-element elementor-element-a87f277 elementor-section-boxed elementor-section-height-default elementor-section-height-default\" data-id=\"a87f277\" data-element_type=\"section\" data-e-type=\"section\" data-settings=\"{&quot;jet_parallax_layout_list&quot;:[]}\">\n\t\t\t\t\t\t<div class=\"elementor-container elementor-column-gap-default\">\n\t\t\t\t\t<div class=\"elementor-column elementor-col-50 elementor-top-column elementor-element elementor-element-c278f32\" data-id=\"c278f32\" data-element_type=\"column\" data-e-type=\"column\">\n\t\t\t<div class=\"elementor-widget-wrap elementor-element-populated\">\n\t\t\t\t\t\t<div class=\"elementor-element elementor-element-7d57c12 elementor-widget elementor-widget-video\" data-id=\"7d57c12\" data-element_type=\"widget\" data-e-type=\"widget\" data-settings=\"{&quot;youtube_url&quot;:&quot;https:\\\/\\\/youtu.be\\\/bTKovTXPt5s&quot;,&quot;video_type&quot;:&quot;youtube&quot;,&quot;controls&quot;:&quot;yes&quot;}\" data-widget_type=\"video.default\">\n\t\t\t\t<div class=\"elementor-widget-container\">\n\t\t\t\t\t\t\t<div class=\"elementor-wrapper elementor-open-inline\">\n\t\t\t<div class=\"elementor-video\"><\/div>\t\t<\/div>\n\t\t\t\t\t\t<\/div>\n\t\t\t\t<\/div>\n\t\t\t\t\t<\/div>\n\t\t<\/div>\n\t\t\t\t<div class=\"elementor-column elementor-col-50 elementor-top-column elementor-element elementor-element-0c324dd\" data-id=\"0c324dd\" data-element_type=\"column\" data-e-type=\"column\" data-settings=\"{&quot;background_background&quot;:&quot;classic&quot;}\">\n\t\t\t<div class=\"elementor-widget-wrap elementor-element-populated\">\n\t\t\t\t\t\t<div class=\"elementor-element elementor-element-e47430f elementor-widget elementor-widget-heading\" data-id=\"e47430f\" data-element_type=\"widget\" data-e-type=\"widget\" data-widget_type=\"heading.default\">\n\t\t\t\t<div class=\"elementor-widget-container\">\n\t\t\t\t\t<h2 class=\"elementor-heading-title elementor-size-default\">\u00c9 por isso que o seu apoio \u00e9 necess\u00e1rio<\/h2>\t\t\t\t<\/div>\n\t\t\t\t<\/div>\n\t\t\t\t\t<\/div>\n\t\t<\/div>\n\t\t\t\t\t<\/div>\n\t\t<\/section>\n\t\t\t\t<section data-particle_enable=\"false\" data-particle-mobile-disabled=\"false\" class=\"elementor-section elementor-top-section elementor-element elementor-element-b2b4cf8 elementor-section-boxed elementor-section-height-default elementor-section-height-default\" data-id=\"b2b4cf8\" data-element_type=\"section\" data-e-type=\"section\" data-settings=\"{&quot;jet_parallax_layout_list&quot;:[]}\">\n\t\t\t\t\t\t<div class=\"elementor-container elementor-column-gap-default\">\n\t\t\t\t\t<div class=\"elementor-column elementor-col-100 elementor-top-column elementor-element elementor-element-cfa2ba6\" data-id=\"cfa2ba6\" data-element_type=\"column\" data-e-type=\"column\">\n\t\t\t<div class=\"elementor-widget-wrap elementor-element-populated\">\n\t\t\t\t\t\t<div class=\"elementor-element elementor-element-2d08c1c elementor-widget elementor-widget-spacer\" data-id=\"2d08c1c\" data-element_type=\"widget\" data-e-type=\"widget\" data-widget_type=\"spacer.default\">\n\t\t\t\t<div class=\"elementor-widget-container\">\n\t\t\t\t\t\t\t<div class=\"elementor-spacer\">\n\t\t\t<div class=\"elementor-spacer-inner\"><\/div>\n\t\t<\/div>\n\t\t\t\t\t\t<\/div>\n\t\t\t\t<\/div>\n\t\t\t\t<div class=\"elementor-element elementor-element-8dcb7cb elementor-widget elementor-widget-text-editor\" data-id=\"8dcb7cb\" data-element_type=\"widget\" data-e-type=\"widget\" data-widget_type=\"text-editor.default\">\n\t\t\t\t<div class=\"elementor-widget-container\">\n\t\t\t\t\t\t\t\t\t<p><strong>Pronto para envolver a sua igreja?<\/strong><\/p><p>Gostar\u00edamos muito de fazer uma parceria consigo! Contacte hoje mesmo a nossa Diretora de Parcerias Adventistas, Sharon Aka, para mais informa\u00e7\u00f5es.<\/p>\t\t\t\t\t\t\t\t<\/div>\n\t\t\t\t<\/div>\n\t\t\t\t<div class=\"elementor-element elementor-element-2f1cd48 elementor-widget elementor-widget-button\" data-id=\"2f1cd48\" data-element_type=\"widget\" data-e-type=\"widget\" data-widget_type=\"button.default\">\n\t\t\t\t<div class=\"elementor-widget-container\">\n\t\t\t\t\t\t\t\t\t<div class=\"elementor-button-wrapper\">\n\t\t\t\t\t<a class=\"elementor-button elementor-button-link elementor-size-sm\" href=\"mailto:Sharon.Aka@ADRA.org\">\n\t\t\t\t\t\t<span class=\"elementor-button-content-wrapper\">\n\t\t\t\t\t\t\t\t\t<span class=\"elementor-button-text\">CONTACTO<\/span>\n\t\t\t\t\t<\/span>\n\t\t\t\t\t<\/a>\n\t\t\t\t<\/div>\n\t\t\t\t\t\t\t\t<\/div>\n\t\t\t\t<\/div>\n\t\t\t\t<div class=\"elementor-element elementor-element-7023ad4 elementor-widget elementor-widget-spacer\" data-id=\"7023ad4\" data-element_type=\"widget\" data-e-type=\"widget\" data-widget_type=\"spacer.default\">\n\t\t\t\t<div class=\"elementor-widget-container\">\n\t\t\t\t\t\t\t<div class=\"elementor-spacer\">\n\t\t\t<div class=\"elementor-spacer-inner\"><\/div>\n\t\t<\/div>\n\t\t\t\t\t\t<\/div>\n\t\t\t\t<\/div>\n\t\t\t\t\t<\/div>\n\t\t<\/div>\n\t\t\t\t\t<\/div>\n\t\t<\/section>\n\t\t\t\t<\/div>","protected":false},"excerpt":{"rendered":"<p>This May, Double the Relief, Double the Hope, as Seventh-day Adventist churches around the United States collect offering for ADRA and ACS.<\/p>","protected":false},"author":42,"featured_media":37893,"parent":0,"menu_order":0,"comment_status":"closed","ping_status":"closed","template":"","meta":{"_acf_changed":false,"_eb_attr":"","footnotes":""},"class_list":["post-37891","page","type-page","status-publish","has-post-thumbnail","hentry"],"acf":[],"_links":{"self":[{"href":"https:\/\/adra.org\/pt\/wp-json\/wp\/v2\/pages\/37891","targetHints":{"allow":["GET"]}}],"collection":[{"href":"https:\/\/adra.org\/pt\/wp-json\/wp\/v2\/pages"}],"about":[{"href":"https:\/\/adra.org\/pt\/wp-json\/wp\/v2\/types\/page"}],"author":[{"embeddable":true,"href":"https:\/\/adra.org\/pt\/wp-json\/wp\/v2\/users\/42"}],"replies":[{"embeddable":true,"href":"https:\/\/adra.org\/pt\/wp-json\/wp\/v2\/comments?post=37891"}],"version-history":[{"count":115,"href":"https:\/\/adra.org\/pt\/wp-json\/wp\/v2\/pages\/37891\/revisions"}],"predecessor-version":[{"id":44182,"href":"https:\/\/adra.org\/pt\/wp-json\/wp\/v2\/pages\/37891\/revisions\/44182"}],"wp:featuredmedia":[{"embeddable":true,"href":"https:\/\/adra.org\/pt\/wp-json\/wp\/v2\/media\/37893"}],"wp:attachment":[{"href":"https:\/\/adra.org\/pt\/wp-json\/wp\/v2\/media?parent=37891"}],"curies":[{"name":"wp","href":"https:\/\/api.w.org\/{rel}","templated":true}]}}