{"id":35047,"date":"2024-08-21T10:02:05","date_gmt":"2024-08-21T10:02:05","guid":{"rendered":"https:\/\/adra.org\/?page_id=35047"},"modified":"2025-08-07T12:06:07","modified_gmt":"2025-08-07T12:06:07","slug":"strangersamongyou","status":"publish","type":"page","link":"https:\/\/adra.org\/pt\/strangersamongyou","title":{"rendered":"Estranhos entre v\u00f3s"},"content":{"rendered":"<div data-elementor-type=\"wp-page\" data-elementor-id=\"35047\" class=\"elementor elementor-35047\" data-elementor-post-type=\"page\">\n\t\t\t\t<div data-particle_enable=\"false\" data-particle-mobile-disabled=\"false\" class=\"elementor-element elementor-element-1b6c4f6 e-flex e-con-boxed e-con e-parent\" data-id=\"1b6c4f6\" data-element_type=\"container\" data-e-type=\"container\" data-settings=\"{&quot;background_background&quot;:&quot;classic&quot;,&quot;jet_parallax_layout_list&quot;:[]}\">\n\t\t\t\t\t<div class=\"e-con-inner\">\n\t\t\t\t<div class=\"elementor-element elementor-element-a510f2c elementor-widget elementor-widget-video\" data-id=\"a510f2c\" data-element_type=\"widget\" data-e-type=\"widget\" data-settings=\"{&quot;youtube_url&quot;:&quot;https:\\\/\\\/www.youtube.com\\\/watch?v=_glxcT5tI3c&quot;,&quot;video_type&quot;:&quot;youtube&quot;,&quot;controls&quot;:&quot;yes&quot;}\" data-widget_type=\"video.default\">\n\t\t\t\t<div class=\"elementor-widget-container\">\n\t\t\t\t\t\t\t<div class=\"elementor-wrapper elementor-open-inline\">\n\t\t\t<div class=\"elementor-video\"><\/div>\t\t<\/div>\n\t\t\t\t\t\t<\/div>\n\t\t\t\t<\/div>\n\t\t\t\t\t<\/div>\n\t\t\t\t<\/div>\n\t\t\t\t<section data-particle_enable=\"false\" data-particle-mobile-disabled=\"false\" class=\"elementor-section elementor-top-section elementor-element elementor-element-9fb870d elementor-section-boxed elementor-section-height-default elementor-section-height-default\" data-id=\"9fb870d\" data-element_type=\"section\" data-e-type=\"section\" data-settings=\"{&quot;background_background&quot;:&quot;classic&quot;,&quot;jet_parallax_layout_list&quot;:[]}\">\n\t\t\t\t\t\t<div class=\"elementor-container elementor-column-gap-default\">\n\t\t\t\t\t<div class=\"elementor-column elementor-col-100 elementor-top-column elementor-element elementor-element-46216a6\" data-id=\"46216a6\" data-element_type=\"column\" data-e-type=\"column\">\n\t\t\t<div class=\"elementor-widget-wrap elementor-element-populated\">\n\t\t\t\t\t\t<div class=\"elementor-element elementor-element-c22a75c elementor-widget elementor-widget-spacer\" data-id=\"c22a75c\" data-element_type=\"widget\" data-e-type=\"widget\" data-widget_type=\"spacer.default\">\n\t\t\t\t<div class=\"elementor-widget-container\">\n\t\t\t\t\t\t\t<div class=\"elementor-spacer\">\n\t\t\t<div class=\"elementor-spacer-inner\"><\/div>\n\t\t<\/div>\n\t\t\t\t\t\t<\/div>\n\t\t\t\t<\/div>\n\t\t\t\t<div class=\"elementor-element elementor-element-5d18c32 elementor-widget elementor-widget-heading\" data-id=\"5d18c32\" data-element_type=\"widget\" data-e-type=\"widget\" data-widget_type=\"heading.default\">\n\t\t\t\t<div class=\"elementor-widget-container\">\n\t\t\t\t\t<h2 class=\"elementor-heading-title elementor-size-default\">Um document\u00e1rio da ADRA Internacional<\/h2>\t\t\t\t<\/div>\n\t\t\t\t<\/div>\n\t\t\t\t<div class=\"elementor-element elementor-element-3d407e8 elementor-widget elementor-widget-heading\" data-id=\"3d407e8\" data-element_type=\"widget\" data-e-type=\"widget\" data-widget_type=\"heading.default\">\n\t\t\t\t<div class=\"elementor-widget-container\">\n\t\t\t\t\t<h2 class=\"elementor-heading-title elementor-size-default\">Estranhos entre v\u00f3s<\/h2>\t\t\t\t<\/div>\n\t\t\t\t<\/div>\n\t\t\t\t<div class=\"elementor-element elementor-element-abd3c49 elementor-widget elementor-widget-spacer\" data-id=\"abd3c49\" data-element_type=\"widget\" data-e-type=\"widget\" data-widget_type=\"spacer.default\">\n\t\t\t\t<div class=\"elementor-widget-container\">\n\t\t\t\t\t\t\t<div class=\"elementor-spacer\">\n\t\t\t<div class=\"elementor-spacer-inner\"><\/div>\n\t\t<\/div>\n\t\t\t\t\t\t<\/div>\n\t\t\t\t<\/div>\n\t\t\t\t<div class=\"elementor-element elementor-element-f355f8f elementor-widget elementor-widget-text-editor\" data-id=\"f355f8f\" data-element_type=\"widget\" data-e-type=\"widget\" data-widget_type=\"text-editor.default\">\n\t\t\t\t<div class=\"elementor-widget-container\">\n\t\t\t\t\t\t\t\t\t<p>Escaparam \u00e0 guerra, \u00e0 persegui\u00e7\u00e3o e ao desastre - apenas para enfrentar uma luta mais profunda: serem verdadeiramente vistos.<\/p><p><strong><em>Estranhos entre v\u00f3s<\/em><\/strong>\u00a0\u00e9 um novo document\u00e1rio da ADRA Internacional que ilumina a vida de refugiados, migrantes, ap\u00e1tridas e pessoas deslocadas internamente. Filmado na Col\u00f4mbia, no L\u00edbano, na Rep\u00fablica Democr\u00e1tica do Congo, no Canad\u00e1 e na Tail\u00e2ndia, esta viagem global revela as hist\u00f3rias humanas por detr\u00e1s das manchetes.<\/p><p>Atrav\u00e9s de entrevistas poderosas, de uma narrativa \u00edntima e de imagens inesquec\u00edveis, este document\u00e1rio baseado na f\u00e9 desafia-nos a olhar para al\u00e9m das fronteiras, para al\u00e9m dos r\u00f3tulos - e a ver o sagrado em cada estrangeiro. Com base em profundas ra\u00edzes crist\u00e3s, o filme recorda-nos que muitos her\u00f3is b\u00edblicos - Abra\u00e3o, Rute e at\u00e9 Jesus - foram outrora deslocados.<\/p><p>Este n\u00e3o \u00e9 apenas um filme sobre migra\u00e7\u00e3o. \u00c9 um apelo \u00e0 a\u00e7\u00e3o - um lembrete de que\u00a0<strong>dignidade, compaix\u00e3o e esperan\u00e7a<\/strong>\u00a0deve definir a nossa resposta aos mais vulner\u00e1veis entre n\u00f3s.<\/p><p>Porque por detr\u00e1s de cada viagem h\u00e1 uma pessoa que anseia por pertencer.<br \/>Porque amar o estrangeiro \u00e9 mais do que um valor - \u00e9 um mandamento.<\/p>\t\t\t\t\t\t\t\t<\/div>\n\t\t\t\t<\/div>\n\t\t\t\t\t<\/div>\n\t\t<\/div>\n\t\t\t\t\t<\/div>\n\t\t<\/section>\n\t\t\t\t<section data-particle_enable=\"false\" data-particle-mobile-disabled=\"false\" class=\"elementor-section elementor-top-section elementor-element elementor-element-816df06 elementor-section-height-min-height elementor-section-boxed elementor-section-height-default elementor-section-items-middle\" data-id=\"816df06\" data-element_type=\"section\" data-e-type=\"section\" data-settings=\"{&quot;background_background&quot;:&quot;classic&quot;,&quot;jet_parallax_layout_list&quot;:[]}\">\n\t\t\t\t\t\t<div class=\"elementor-container elementor-column-gap-default\">\n\t\t\t\t\t<div class=\"elementor-column elementor-col-50 elementor-top-column elementor-element elementor-element-b5ce075\" data-id=\"b5ce075\" data-element_type=\"column\" data-e-type=\"column\">\n\t\t\t<div class=\"elementor-widget-wrap elementor-element-populated\">\n\t\t\t\t\t\t<div class=\"elementor-element elementor-element-0351146 elementor-widget elementor-widget-heading\" data-id=\"0351146\" data-element_type=\"widget\" data-e-type=\"widget\" data-widget_type=\"heading.default\">\n\t\t\t\t<div class=\"elementor-widget-container\">\n\t\t\t\t\t<h2 class=\"elementor-heading-title elementor-size-default\">Nos bastidores<\/h2>\t\t\t\t<\/div>\n\t\t\t\t<\/div>\n\t\t\t\t<div class=\"elementor-element elementor-element-9358644 elementor--h-position-left elementor-hidden-desktop elementor-hidden-tablet elementor--v-position-middle elementor-pagination-position-inside elementor-widget elementor-widget-slides\" data-id=\"9358644\" data-element_type=\"widget\" data-e-type=\"widget\" data-settings=\"{&quot;navigation&quot;:&quot;dots&quot;,&quot;autoplay&quot;:&quot;yes&quot;,&quot;pause_on_hover&quot;:&quot;yes&quot;,&quot;pause_on_interaction&quot;:&quot;yes&quot;,&quot;autoplay_speed&quot;:5000,&quot;infinite&quot;:&quot;yes&quot;,&quot;transition&quot;:&quot;slide&quot;,&quot;transition_speed&quot;:500}\" data-widget_type=\"slides.default\">\n\t\t\t\t<div class=\"elementor-widget-container\">\n\t\t\t\t\t\t\t\t\t<div class=\"elementor-swiper\">\n\t\t\t\t\t<div class=\"elementor-slides-wrapper elementor-main-swiper swiper\" role=\"region\" aria-roledescription=\"carousel\" aria-label=\"Deslizamentos\" dir=\"ltr\" data-animation=\"fadeInRight\">\n\t\t\t\t<div class=\"swiper-wrapper elementor-slides\">\n\t\t\t\t\t\t\t\t\t\t<div class=\"elementor-repeater-item-a98b09c swiper-slide\" role=\"group\" aria-roledescription=\"slide\"><div class=\"swiper-slide-bg\"><\/div><div class=\"swiper-slide-inner\" ><div class=\"swiper-slide-contents\"><div class=\"elementor-slide-description\">Atualmente, cerca de 110 milh\u00f5es de pessoas em todo o mundo est\u00e3o deslocadas das suas casas, um n\u00famero que duplicou nos \u00faltimos 20 anos. Mais de metade das pessoas deslocadas s\u00e3o mulheres e raparigas.<\/div><\/div><\/div><\/div><div class=\"elementor-repeater-item-81c945c swiper-slide\" role=\"group\" aria-roledescription=\"slide\"><div class=\"swiper-slide-bg\"><\/div><div class=\"swiper-slide-inner\" ><div class=\"swiper-slide-contents\"><div class=\"elementor-slide-description\">Este document\u00e1rio acompanha a vida de cinco dessas pessoas: mulheres que sobreviveram ao tr\u00e1fico, \u00e0 guerra, \u00e0 migra\u00e7\u00e3o, \u00e0 falta de casa, ao desemprego e muito mais. Atualmente, continuam a lutar pela liberdade, perten\u00e7a e seguran\u00e7a. Lutam por si pr\u00f3prias e lutam pela sua comunidade.<\/div><\/div><\/div><\/div><div class=\"elementor-repeater-item-2917fe0 swiper-slide\" role=\"group\" aria-roledescription=\"slide\"><div class=\"swiper-slide-bg\"><\/div><div class=\"swiper-slide-inner\" ><div class=\"swiper-slide-contents\"><div class=\"elementor-slide-description\">Nas margens da sobreviv\u00eancia, a resili\u00eancia perdura. Formam-se comunidades. Surgem novos sonhos. Aqueles que escaparam ao trauma regressam para ajudar os que ficaram para tr\u00e1s.<\/div><\/div><\/div><\/div><div class=\"elementor-repeater-item-b702d03 swiper-slide\" role=\"group\" aria-roledescription=\"slide\"><div class=\"swiper-slide-bg\"><\/div><div class=\"swiper-slide-inner\" ><div class=\"swiper-slide-contents\"><div class=\"elementor-slide-description\">Uma rapariga \u00e9 resgatada de trabalhos for\u00e7ados na Tail\u00e2ndia; como mulher, compromete-se a resgatar outras raparigas como ela. Um emigrante colombiano na Am\u00e9rica regressa \u00e0s ruas de Bucaramanga para apoiar os migrantes venezuelanos. Uma vi\u00fava for\u00e7ada pela viol\u00eancia da Rep\u00fablica Democr\u00e1tica do Congo regressa a casa para construir com a sua comunidade. Uma m\u00e3e e as suas duas filhas fogem da guerra na Ucr\u00e2nia e procuram uma nova vida no Canad\u00e1. Mulheres s\u00edrias que vivem como refugiadas no L\u00edbano formam um coletivo para se defenderem a si pr\u00f3prias e aos outros. <\/div><\/div><\/div><\/div><div class=\"elementor-repeater-item-98123f9 swiper-slide\" role=\"group\" aria-roledescription=\"slide\"><div class=\"swiper-slide-bg\"><\/div><div class=\"swiper-slide-inner\" ><div class=\"swiper-slide-contents\"><div class=\"elementor-slide-description\">Da dor emerge algo de belo: comunidade, compaix\u00e3o e objetivo. <\/div><\/div><\/div><\/div><div class=\"elementor-repeater-item-b233089 swiper-slide\" role=\"group\" aria-roledescription=\"slide\"><div class=\"swiper-slide-bg\"><\/div><div class=\"swiper-slide-inner\" ><div class=\"swiper-slide-contents\"><div class=\"elementor-slide-description\">Este document\u00e1rio examina esta tens\u00e3o entre dor e beleza, sem explorar a primeira nem manipular a segunda. \u00c9 uma explora\u00e7\u00e3o honesta, crua e sem ju\u00edzos de valor daqueles que perdem o seu lugar e depois criam um novo lugar para si pr\u00f3prios e para a sua comunidade. \u00c9 sobre a supera\u00e7\u00e3o, n\u00e3o pela for\u00e7a da vontade, mas pelo poder do objetivo. <\/div><\/div><\/div><\/div>\t\t\t\t<\/div>\n\t\t\t\t\t\t\t\t\t\t\t\t\t\t\t\t\t\t\t\t<div class=\"swiper-pagination\"><\/div>\n\t\t\t\t\t\t\t\t\t\t\t\t<\/div>\n\t\t\t\t<\/div>\n\t\t\t\t\t\t\t\t<\/div>\n\t\t\t\t<\/div>\n\t\t\t\t<div class=\"elementor-element elementor-element-427f87c elementor--h-position-left elementor-hidden-mobile elementor--v-position-middle elementor-arrows-position-inside elementor-pagination-position-inside elementor-widget elementor-widget-slides\" data-id=\"427f87c\" data-element_type=\"widget\" data-e-type=\"widget\" data-settings=\"{&quot;navigation&quot;:&quot;both&quot;,&quot;autoplay&quot;:&quot;yes&quot;,&quot;pause_on_hover&quot;:&quot;yes&quot;,&quot;pause_on_interaction&quot;:&quot;yes&quot;,&quot;autoplay_speed&quot;:5000,&quot;infinite&quot;:&quot;yes&quot;,&quot;transition&quot;:&quot;slide&quot;,&quot;transition_speed&quot;:500}\" data-widget_type=\"slides.default\">\n\t\t\t\t<div class=\"elementor-widget-container\">\n\t\t\t\t\t\t\t\t\t<div class=\"elementor-swiper\">\n\t\t\t\t\t<div class=\"elementor-slides-wrapper elementor-main-swiper swiper\" role=\"region\" aria-roledescription=\"carousel\" aria-label=\"Deslizamentos\" dir=\"ltr\" data-animation=\"fadeInRight\">\n\t\t\t\t<div class=\"swiper-wrapper elementor-slides\">\n\t\t\t\t\t\t\t\t\t\t<div class=\"elementor-repeater-item-a98b09c swiper-slide\" role=\"group\" aria-roledescription=\"slide\"><div class=\"swiper-slide-bg\"><\/div><div class=\"swiper-slide-inner\" ><div class=\"swiper-slide-contents\"><div class=\"elementor-slide-description\">Atualmente, cerca de 110 milh\u00f5es de pessoas em todo o mundo est\u00e3o deslocadas das suas casas, um n\u00famero que duplicou nos \u00faltimos 20 anos. Mais de metade das pessoas deslocadas s\u00e3o mulheres e raparigas.<\/div><\/div><\/div><\/div><div class=\"elementor-repeater-item-81c945c swiper-slide\" role=\"group\" aria-roledescription=\"slide\"><div class=\"swiper-slide-bg\"><\/div><div class=\"swiper-slide-inner\" ><div class=\"swiper-slide-contents\"><div class=\"elementor-slide-description\">Este document\u00e1rio acompanha a vida de cinco dessas pessoas: mulheres que sobreviveram ao tr\u00e1fico, \u00e0 guerra, \u00e0 migra\u00e7\u00e3o, \u00e0 falta de casa, ao desemprego e muito mais. Atualmente, continuam a lutar pela liberdade, perten\u00e7a e seguran\u00e7a. Lutam por si pr\u00f3prias e lutam pela sua comunidade.<\/div><\/div><\/div><\/div><div class=\"elementor-repeater-item-2917fe0 swiper-slide\" role=\"group\" aria-roledescription=\"slide\"><div class=\"swiper-slide-bg\"><\/div><div class=\"swiper-slide-inner\" ><div class=\"swiper-slide-contents\"><div class=\"elementor-slide-description\">Nas margens da sobreviv\u00eancia, a resili\u00eancia perdura. Formam-se comunidades. Surgem novos sonhos. Aqueles que escaparam ao trauma regressam para ajudar os que ficaram para tr\u00e1s.<\/div><\/div><\/div><\/div><div class=\"elementor-repeater-item-b702d03 swiper-slide\" role=\"group\" aria-roledescription=\"slide\"><div class=\"swiper-slide-bg\"><\/div><div class=\"swiper-slide-inner\" ><div class=\"swiper-slide-contents\"><div class=\"elementor-slide-description\">Uma rapariga \u00e9 resgatada de trabalhos for\u00e7ados na Tail\u00e2ndia; como mulher, compromete-se a resgatar outras raparigas como ela. Um emigrante colombiano na Am\u00e9rica regressa \u00e0s ruas de Bucaramanga para apoiar os migrantes venezuelanos. Uma vi\u00fava for\u00e7ada pela viol\u00eancia da Rep\u00fablica Democr\u00e1tica do Congo regressa a casa para construir com a sua comunidade. Uma m\u00e3e e as suas duas filhas fogem da guerra na Ucr\u00e2nia e procuram uma nova vida no Canad\u00e1. Mulheres s\u00edrias que vivem como refugiadas no L\u00edbano formam um coletivo para se defenderem a si pr\u00f3prias e aos outros. <\/div><\/div><\/div><\/div><div class=\"elementor-repeater-item-98123f9 swiper-slide\" role=\"group\" aria-roledescription=\"slide\"><div class=\"swiper-slide-bg\"><\/div><div class=\"swiper-slide-inner\" ><div class=\"swiper-slide-contents\"><div class=\"elementor-slide-description\">Da dor emerge algo de belo: comunidade, compaix\u00e3o e objetivo. <\/div><\/div><\/div><\/div><div class=\"elementor-repeater-item-b233089 swiper-slide\" role=\"group\" aria-roledescription=\"slide\"><div class=\"swiper-slide-bg\"><\/div><div class=\"swiper-slide-inner\" ><div class=\"swiper-slide-contents\"><div class=\"elementor-slide-description\">Este document\u00e1rio examina esta tens\u00e3o entre dor e beleza, sem explorar a primeira nem manipular a segunda. \u00c9 uma explora\u00e7\u00e3o honesta, crua e sem ju\u00edzos de valor daqueles que perdem o seu lugar e depois criam um novo lugar para si pr\u00f3prios e para a sua comunidade. \u00c9 sobre a supera\u00e7\u00e3o, n\u00e3o pela for\u00e7a da vontade, mas pelo poder do objetivo. <\/div><\/div><\/div><\/div>\t\t\t\t<\/div>\n\t\t\t\t\t\t\t\t\t\t\t\t\t\t\t<div class=\"elementor-swiper-button elementor-swiper-button-prev\" role=\"button\" tabindex=\"0\" aria-label=\"Deslizamento anterior\">\n\t\t\t\t\t\t\t<i aria-hidden=\"true\" class=\"eicon-chevron-left\"><\/i>\t\t\t\t\t\t<\/div>\n\t\t\t\t\t\t<div class=\"elementor-swiper-button elementor-swiper-button-next\" role=\"button\" tabindex=\"0\" aria-label=\"Pr\u00f3ximo slide\">\n\t\t\t\t\t\t\t<i aria-hidden=\"true\" class=\"eicon-chevron-right\"><\/i>\t\t\t\t\t\t<\/div>\n\t\t\t\t\t\t\t\t\t\t\t\t\t\t\t\t<div class=\"swiper-pagination\"><\/div>\n\t\t\t\t\t\t\t\t\t\t\t\t<\/div>\n\t\t\t\t<\/div>\n\t\t\t\t\t\t\t\t<\/div>\n\t\t\t\t<\/div>\n\t\t\t\t\t<\/div>\n\t\t<\/div>\n\t\t\t\t<div class=\"elementor-column elementor-col-50 elementor-top-column elementor-element elementor-element-df81e09\" data-id=\"df81e09\" data-element_type=\"column\" data-e-type=\"column\" data-settings=\"{&quot;background_background&quot;:&quot;classic&quot;}\">\n\t\t\t<div class=\"elementor-widget-wrap elementor-element-populated\">\n\t\t\t\t\t\t<div class=\"elementor-element elementor-element-7607f1d elementor-pagination-position-outside elementor--h-position-center elementor--v-position-middle elementor-arrows-position-inside elementor-widget elementor-widget-slides\" data-id=\"7607f1d\" data-element_type=\"widget\" data-e-type=\"widget\" data-settings=\"{&quot;navigation&quot;:&quot;both&quot;,&quot;autoplay&quot;:&quot;yes&quot;,&quot;pause_on_hover&quot;:&quot;yes&quot;,&quot;pause_on_interaction&quot;:&quot;yes&quot;,&quot;autoplay_speed&quot;:5000,&quot;infinite&quot;:&quot;yes&quot;,&quot;transition&quot;:&quot;slide&quot;,&quot;transition_speed&quot;:500}\" data-widget_type=\"slides.default\">\n\t\t\t\t<div class=\"elementor-widget-container\">\n\t\t\t\t\t\t\t\t\t<div class=\"elementor-swiper\">\n\t\t\t\t\t<div class=\"elementor-slides-wrapper elementor-main-swiper swiper\" role=\"region\" aria-roledescription=\"carousel\" aria-label=\"Deslizamentos\" dir=\"ltr\" data-animation=\"fadeInRight\">\n\t\t\t\t<div class=\"swiper-wrapper elementor-slides\">\n\t\t\t\t\t\t\t\t\t\t<div class=\"elementor-repeater-item-c28c638 swiper-slide\" role=\"group\" aria-roledescription=\"slide\"><div class=\"swiper-slide-bg\" role=\"img\" aria-label=\"Strangers Among You - Imagens de ecr\u00e3-06\"><\/div><div class=\"swiper-slide-inner\" ><div class=\"swiper-slide-contents\"><\/div><\/div><\/div><div class=\"elementor-repeater-item-7f4bdf1 swiper-slide\" role=\"group\" aria-roledescription=\"slide\"><div class=\"swiper-slide-bg\" role=\"img\" aria-label=\"Strangers Among You - Imagens de ecr\u00e3-22\"><\/div><div class=\"swiper-slide-inner\" ><div class=\"swiper-slide-contents\"><\/div><\/div><\/div><div class=\"elementor-repeater-item-387308c swiper-slide\" role=\"group\" aria-roledescription=\"slide\"><div class=\"swiper-slide-bg\" role=\"img\" aria-label=\"Strangers Among You - Imagens de ecr\u00e3 - 16\"><\/div><div class=\"swiper-slide-inner\" ><div class=\"swiper-slide-contents\"><\/div><\/div><\/div><div class=\"elementor-repeater-item-dd3c716 swiper-slide\" role=\"group\" aria-roledescription=\"slide\"><div class=\"swiper-slide-bg\" role=\"img\" aria-label=\"Strangers Among You - Imagens de ecr\u00e3-23\"><\/div><div class=\"swiper-slide-inner\" ><div class=\"swiper-slide-contents\"><\/div><\/div><\/div><div class=\"elementor-repeater-item-dd92939 swiper-slide\" role=\"group\" aria-roledescription=\"slide\"><div class=\"swiper-slide-bg\" role=\"img\" aria-label=\"Strangers Among You - Imagens de ecr\u00e3-10\"><\/div><div class=\"swiper-slide-inner\" ><div class=\"swiper-slide-contents\"><\/div><\/div><\/div><div class=\"elementor-repeater-item-b4ec0b7 swiper-slide\" role=\"group\" aria-roledescription=\"slide\"><div class=\"swiper-slide-bg\" role=\"img\" aria-label=\"Strangers Among You - Imagens de ecr\u00e3-08\"><\/div><div class=\"swiper-slide-inner\" ><div class=\"swiper-slide-contents\"><\/div><\/div><\/div><div class=\"elementor-repeater-item-3d8fe47 swiper-slide\" role=\"group\" aria-roledescription=\"slide\"><div class=\"swiper-slide-bg\" role=\"img\" aria-label=\"Strangers Among You - Imagens de ecr\u00e3-01\"><\/div><div class=\"swiper-slide-inner\" ><div class=\"swiper-slide-contents\"><\/div><\/div><\/div><div class=\"elementor-repeater-item-34ad117 swiper-slide\" role=\"group\" aria-roledescription=\"slide\"><div class=\"swiper-slide-bg\" role=\"img\" aria-label=\"Strangers Among You - Imagens de ecr\u00e3-17\"><\/div><div class=\"swiper-slide-inner\" ><div class=\"swiper-slide-contents\"><\/div><\/div><\/div><div class=\"elementor-repeater-item-97e792a swiper-slide\" role=\"group\" aria-roledescription=\"slide\"><div class=\"swiper-slide-bg\" role=\"img\" aria-label=\"Strangers Among You - Imagens de ecr\u00e3-04\"><\/div><div class=\"swiper-slide-inner\" ><div class=\"swiper-slide-contents\"><\/div><\/div><\/div><div class=\"elementor-repeater-item-1124613 swiper-slide\" role=\"group\" aria-roledescription=\"slide\"><div class=\"swiper-slide-bg\" role=\"img\" aria-label=\"Strangers Among You - Imagens de ecr\u00e3-19\"><\/div><div class=\"swiper-slide-inner\" ><div class=\"swiper-slide-contents\"><\/div><\/div><\/div><div class=\"elementor-repeater-item-9362175 swiper-slide\" role=\"group\" aria-roledescription=\"slide\"><div class=\"swiper-slide-bg\" role=\"img\" aria-label=\"Strangers Among You - Imagens de ecr\u00e3-18\"><\/div><div class=\"swiper-slide-inner\" ><div class=\"swiper-slide-contents\"><\/div><\/div><\/div><div class=\"elementor-repeater-item-e28b6fc swiper-slide\" role=\"group\" aria-roledescription=\"slide\"><div class=\"swiper-slide-bg\" role=\"img\" aria-label=\"Strangers Among You - Imagens de ecr\u00e3-12\"><\/div><div class=\"swiper-slide-inner\" ><div class=\"swiper-slide-contents\"><\/div><\/div><\/div>\t\t\t\t<\/div>\n\t\t\t\t\t\t\t\t\t\t\t\t\t\t\t<div class=\"elementor-swiper-button elementor-swiper-button-prev\" role=\"button\" tabindex=\"0\" aria-label=\"Deslizamento anterior\">\n\t\t\t\t\t\t\t<i aria-hidden=\"true\" class=\"eicon-chevron-left\"><\/i>\t\t\t\t\t\t<\/div>\n\t\t\t\t\t\t<div class=\"elementor-swiper-button elementor-swiper-button-next\" role=\"button\" tabindex=\"0\" aria-label=\"Pr\u00f3ximo slide\">\n\t\t\t\t\t\t\t<i aria-hidden=\"true\" class=\"eicon-chevron-right\"><\/i>\t\t\t\t\t\t<\/div>\n\t\t\t\t\t\t\t\t\t\t\t\t\t\t\t\t<div class=\"swiper-pagination\"><\/div>\n\t\t\t\t\t\t\t\t\t\t\t\t<\/div>\n\t\t\t\t<\/div>\n\t\t\t\t\t\t\t\t<\/div>\n\t\t\t\t<\/div>\n\t\t\t\t\t<\/div>\n\t\t<\/div>\n\t\t\t\t\t<\/div>\n\t\t<\/section>\n\t\t\t\t<\/div>","protected":false},"excerpt":{"rendered":"<p>Junte-se a n\u00f3s para partilhar hist\u00f3rias que mudam a vida de comunidades vulner\u00e1veis, tanto locais como globais, como uma rede de agentes de mudan\u00e7a social.<\/p>","protected":false},"author":42,"featured_media":38704,"parent":0,"menu_order":0,"comment_status":"closed","ping_status":"closed","template":"","meta":{"_acf_changed":false,"_eb_attr":"","footnotes":""},"class_list":["post-35047","page","type-page","status-publish","has-post-thumbnail","hentry"],"acf":[],"_links":{"self":[{"href":"https:\/\/adra.org\/pt\/wp-json\/wp\/v2\/pages\/35047","targetHints":{"allow":["GET"]}}],"collection":[{"href":"https:\/\/adra.org\/pt\/wp-json\/wp\/v2\/pages"}],"about":[{"href":"https:\/\/adra.org\/pt\/wp-json\/wp\/v2\/types\/page"}],"author":[{"embeddable":true,"href":"https:\/\/adra.org\/pt\/wp-json\/wp\/v2\/users\/42"}],"replies":[{"embeddable":true,"href":"https:\/\/adra.org\/pt\/wp-json\/wp\/v2\/comments?post=35047"}],"version-history":[{"count":48,"href":"https:\/\/adra.org\/pt\/wp-json\/wp\/v2\/pages\/35047\/revisions"}],"predecessor-version":[{"id":39355,"href":"https:\/\/adra.org\/pt\/wp-json\/wp\/v2\/pages\/35047\/revisions\/39355"}],"wp:featuredmedia":[{"embeddable":true,"href":"https:\/\/adra.org\/pt\/wp-json\/wp\/v2\/media\/38704"}],"wp:attachment":[{"href":"https:\/\/adra.org\/pt\/wp-json\/wp\/v2\/media?parent=35047"}],"curies":[{"name":"wp","href":"https:\/\/api.w.org\/{rel}","templated":true}]}}