{"id":28171,"date":"2023-06-30T18:12:49","date_gmt":"2023-06-30T18:12:49","guid":{"rendered":"https:\/\/adra.org\/?page_id=28171"},"modified":"2025-09-15T09:00:35","modified_gmt":"2025-09-15T09:00:35","slug":"28171-2","status":"publish","type":"page","link":"https:\/\/adra.org\/pt\/28171-2","title":{"rendered":"Co-Op Disclaimer Message"},"content":{"rendered":"<div data-elementor-type=\"wp-page\" data-elementor-id=\"28171\" class=\"elementor elementor-28171\" data-elementor-post-type=\"page\">\n\t\t\t\t\t\t<section data-particle_enable=\"false\" data-particle-mobile-disabled=\"false\" class=\"elementor-section elementor-top-section elementor-element elementor-element-50fbf7a elementor-section-boxed elementor-section-height-default elementor-section-height-default\" data-id=\"50fbf7a\" data-element_type=\"section\" data-e-type=\"section\" data-settings=\"{&quot;jet_parallax_layout_list&quot;:[]}\">\n\t\t\t\t\t\t<div class=\"elementor-container elementor-column-gap-default\">\n\t\t\t\t\t<div class=\"elementor-column elementor-col-100 elementor-top-column elementor-element elementor-element-b11856d\" data-id=\"b11856d\" data-element_type=\"column\" data-e-type=\"column\">\n\t\t\t<div class=\"elementor-widget-wrap elementor-element-populated\">\n\t\t\t\t\t\t<div class=\"elementor-element elementor-element-a394b8d elementor-widget elementor-widget-spacer\" data-id=\"a394b8d\" data-element_type=\"widget\" data-e-type=\"widget\" data-widget_type=\"spacer.default\">\n\t\t\t\t<div class=\"elementor-widget-container\">\n\t\t\t\t\t\t\t<div class=\"elementor-spacer\">\n\t\t\t<div class=\"elementor-spacer-inner\"><\/div>\n\t\t<\/div>\n\t\t\t\t\t\t<\/div>\n\t\t\t\t<\/div>\n\t\t\t\t<div class=\"elementor-element elementor-element-d880ca1 elementor-widget elementor-widget-text-editor\" data-id=\"d880ca1\" data-element_type=\"widget\" data-e-type=\"widget\" data-widget_type=\"text-editor.default\">\n\t\t\t\t<div class=\"elementor-widget-container\">\n\t\t\t\t\t\t\t\t\t<h2>Uma mensagem importante para si<\/h2><hr \/><p><br \/>Na ADRA, sentimo-nos verdadeiramente honrados com o seu apoio. \u00c9 por isso que queremos ser totalmente transparentes consigo sobre as informa\u00e7\u00f5es que partilha connosco.<\/p><p>Como parte dos nossos esfor\u00e7os para angariar fundos para os nossos projectos em curso, poderemos utilizar os dados dos seus donativos para criar um modelo (denominado lista \u201ccooperativa\u201d) que ajudar\u00e1 a identificar outros potenciais doadores da ADRA. Pode obter mais informa\u00e7\u00f5es sobre as nossas pol\u00edticas de dados e os terceiros com quem trabalhamos <a href=\"https:\/\/adra.org\/pt\/policies\/\"><strong>aqui<\/strong><\/a>.<\/p><p>A utiliza\u00e7\u00e3o do modelo \u201ccooperativo\u201d permitir-nos-\u00e1 identificar melhor aqueles que t\u00eam um cora\u00e7\u00e3o para o trabalho que fazemos, mas que de outra forma poderiam n\u00e3o conhecer o nosso minist\u00e9rio.<\/p><p>A nossa esperan\u00e7a \u00e9 que muitos novos amigos se sintam motivados - tal como v\u00f3s - a dar apoio financeiro para que possamos continuar o nosso trabalho humanit\u00e1rio e de assist\u00eancia em todo o mundo, para ajudar todos a viverem como Deus pretende.<\/p><p>Hoje, pedimos-lhe que nos informe se deseja <i>n\u00e3o <\/i>deseja que as suas informa\u00e7\u00f5es sejam utilizadas desta forma. Se assim for, visite a nossa <a href=\"https:\/\/adra.org\/pt\/about-adra\/contact\/\"><strong>contactar-nos<\/strong><\/a> para que as suas informa\u00e7\u00f5es n\u00e3o sejam partilhadas.<\/p><p>Mais uma vez, obrigado pela vossa parceria com a ADRA para alcan\u00e7ar os mais necessitados com o amor e a esperan\u00e7a de Deus.<\/p><p>Estamos gratos por si!<\/p>\t\t\t\t\t\t\t\t<\/div>\n\t\t\t\t<\/div>\n\t\t\t\t<div class=\"elementor-element elementor-element-7f37122 elementor-widget elementor-widget-spacer\" data-id=\"7f37122\" data-element_type=\"widget\" data-e-type=\"widget\" data-widget_type=\"spacer.default\">\n\t\t\t\t<div class=\"elementor-widget-container\">\n\t\t\t\t\t\t\t<div class=\"elementor-spacer\">\n\t\t\t<div class=\"elementor-spacer-inner\"><\/div>\n\t\t<\/div>\n\t\t\t\t\t\t<\/div>\n\t\t\t\t<\/div>\n\t\t\t\t\t<\/div>\n\t\t<\/div>\n\t\t\t\t\t<\/div>\n\t\t<\/section>\n\t\t\t\t<\/div>","protected":false},"excerpt":{"rendered":"<p>An important message for you At ADRA, we are truly honored by your support. That\u2019s why we want to be fully transparent with you about the information you share with us. As part of our efforts to raise funds for our ongoing projects, we may use your donation data to create a model (called a [&hellip;]<\/p>\n","protected":false},"author":5,"featured_media":0,"parent":0,"menu_order":0,"comment_status":"closed","ping_status":"closed","template":"","meta":{"_acf_changed":false,"_eb_attr":"","footnotes":""},"class_list":["post-28171","page","type-page","status-publish","hentry"],"acf":[],"_links":{"self":[{"href":"https:\/\/adra.org\/pt\/wp-json\/wp\/v2\/pages\/28171","targetHints":{"allow":["GET"]}}],"collection":[{"href":"https:\/\/adra.org\/pt\/wp-json\/wp\/v2\/pages"}],"about":[{"href":"https:\/\/adra.org\/pt\/wp-json\/wp\/v2\/types\/page"}],"author":[{"embeddable":true,"href":"https:\/\/adra.org\/pt\/wp-json\/wp\/v2\/users\/5"}],"replies":[{"embeddable":true,"href":"https:\/\/adra.org\/pt\/wp-json\/wp\/v2\/comments?post=28171"}],"version-history":[{"count":34,"href":"https:\/\/adra.org\/pt\/wp-json\/wp\/v2\/pages\/28171\/revisions"}],"predecessor-version":[{"id":40227,"href":"https:\/\/adra.org\/pt\/wp-json\/wp\/v2\/pages\/28171\/revisions\/40227"}],"wp:attachment":[{"href":"https:\/\/adra.org\/pt\/wp-json\/wp\/v2\/media?parent=28171"}],"curies":[{"name":"wp","href":"https:\/\/api.w.org\/{rel}","templated":true}]}}