{"id":25408,"date":"2023-01-09T15:34:06","date_gmt":"2023-01-09T15:34:06","guid":{"rendered":"https:\/\/adra.org\/?page_id=25408"},"modified":"2025-09-15T09:09:38","modified_gmt":"2025-09-15T09:09:38","slug":"employer-gift-matching","status":"publish","type":"page","link":"https:\/\/adra.org\/pt\/employer-gift-matching","title":{"rendered":"Equipara\u00e7\u00e3o de ofertas do empregador"},"content":{"rendered":"<div data-elementor-type=\"wp-page\" data-elementor-id=\"25408\" class=\"elementor elementor-25408\" data-elementor-post-type=\"page\">\n\t\t\t\t\t\t<section data-particle_enable=\"false\" data-particle-mobile-disabled=\"false\" class=\"elementor-section elementor-top-section elementor-element elementor-element-9a4f459 elementor-section-boxed elementor-section-height-default elementor-section-height-default\" data-id=\"9a4f459\" data-element_type=\"section\" data-e-type=\"section\" data-settings=\"{&quot;jet_parallax_layout_list&quot;:[]}\">\n\t\t\t\t\t\t<div class=\"elementor-container elementor-column-gap-default\">\n\t\t\t\t\t<div class=\"elementor-column elementor-col-100 elementor-top-column elementor-element elementor-element-3e1b176\" data-id=\"3e1b176\" data-element_type=\"column\" data-e-type=\"column\">\n\t\t\t<div class=\"elementor-widget-wrap elementor-element-populated\">\n\t\t\t\t\t\t<div class=\"elementor-element elementor-element-4ec2ead elementor--h-position-center elementor--v-position-middle elementor-arrows-position-inside elementor-pagination-position-inside elementor-widget elementor-widget-slides\" data-id=\"4ec2ead\" data-element_type=\"widget\" data-e-type=\"widget\" data-settings=\"{&quot;navigation&quot;:&quot;both&quot;,&quot;autoplay&quot;:&quot;yes&quot;,&quot;pause_on_hover&quot;:&quot;yes&quot;,&quot;pause_on_interaction&quot;:&quot;yes&quot;,&quot;autoplay_speed&quot;:5000,&quot;infinite&quot;:&quot;yes&quot;,&quot;transition&quot;:&quot;slide&quot;,&quot;transition_speed&quot;:500}\" data-widget_type=\"slides.default\">\n\t\t\t\t<div class=\"elementor-widget-container\">\n\t\t\t\t\t\t\t\t\t<div class=\"elementor-swiper\">\n\t\t\t\t\t<div class=\"elementor-slides-wrapper elementor-main-swiper swiper\" role=\"region\" aria-roledescription=\"carousel\" aria-label=\"Deslizamentos\" dir=\"ltr\" data-animation=\"fadeInUp\">\n\t\t\t\t<div class=\"swiper-wrapper elementor-slides\">\n\t\t\t\t\t\t\t\t\t\t<div class=\"elementor-repeater-item-fda54dd swiper-slide\" role=\"group\" aria-roledescription=\"slide\"><div class=\"swiper-slide-bg\" role=\"img\" aria-label=\"Correspond\u00eancia de ofertas dos empregados\"><\/div><div class=\"swiper-slide-inner\" ><div class=\"swiper-slide-contents\"><div class=\"elementor-slide-heading\">Equipara\u00e7\u00e3o de ofertas do empregador<\/div><div class=\"elementor-slide-description\">Atrav\u00e9s do seu empregador, pode duplicar ou mesmo triplicar o seu impacto.<\/div><\/div><\/div><\/div><div class=\"elementor-repeater-item-1465e1b swiper-slide\" role=\"group\" aria-roledescription=\"slide\"><div class=\"swiper-slide-bg\" role=\"img\" aria-label=\"Correspond\u00eancia de ofertas dos empregados\"><\/div><div class=\"swiper-slide-inner\" ><div class=\"swiper-slide-contents\"><div class=\"elementor-slide-heading\">Correspond\u00eancia de ofertas dos empregados<\/div><div class=\"elementor-slide-description\">Atrav\u00e9s do seu empregador, pode duplicar ou mesmo triplicar o seu impacto.<\/div><\/div><\/div><\/div><div class=\"elementor-repeater-item-0e739db swiper-slide\" role=\"group\" aria-roledescription=\"slide\"><div class=\"swiper-slide-bg\" role=\"img\" aria-label=\"Correspond\u00eancia de donativos do empregador\"><\/div><div class=\"swiper-slide-inner\" ><div class=\"swiper-slide-contents\"><div class=\"elementor-slide-heading\">Correspond\u00eancia de ofertas dos empregados<\/div><div class=\"elementor-slide-description\">Atrav\u00e9s do seu empregador, pode duplicar ou mesmo triplicar o seu impacto.<\/div><\/div><\/div><\/div>\t\t\t\t<\/div>\n\t\t\t\t\t\t\t\t\t\t\t\t\t\t\t<div class=\"elementor-swiper-button elementor-swiper-button-prev\" role=\"button\" tabindex=\"0\" aria-label=\"Deslizamento anterior\">\n\t\t\t\t\t\t\t<i aria-hidden=\"true\" class=\"eicon-chevron-left\"><\/i>\t\t\t\t\t\t<\/div>\n\t\t\t\t\t\t<div class=\"elementor-swiper-button elementor-swiper-button-next\" role=\"button\" tabindex=\"0\" aria-label=\"Pr\u00f3ximo slide\">\n\t\t\t\t\t\t\t<i aria-hidden=\"true\" class=\"eicon-chevron-right\"><\/i>\t\t\t\t\t\t<\/div>\n\t\t\t\t\t\t\t\t\t\t\t\t\t\t\t\t<div class=\"swiper-pagination\"><\/div>\n\t\t\t\t\t\t\t\t\t\t\t\t<\/div>\n\t\t\t\t<\/div>\n\t\t\t\t\t\t\t\t<\/div>\n\t\t\t\t<\/div>\n\t\t\t\t\t<\/div>\n\t\t<\/div>\n\t\t\t\t\t<\/div>\n\t\t<\/section>\n\t\t\t\t<section data-particle_enable=\"false\" data-particle-mobile-disabled=\"false\" class=\"elementor-section elementor-top-section elementor-element elementor-element-3a0def2c elementor-section-boxed elementor-section-height-default elementor-section-height-default\" data-id=\"3a0def2c\" data-element_type=\"section\" data-e-type=\"section\" data-settings=\"{&quot;jet_parallax_layout_list&quot;:[]}\">\n\t\t\t\t\t\t<div class=\"elementor-container elementor-column-gap-default\">\n\t\t\t\t\t<div class=\"elementor-column elementor-col-100 elementor-top-column elementor-element elementor-element-37c72e9f\" data-id=\"37c72e9f\" data-element_type=\"column\" data-e-type=\"column\">\n\t\t\t<div class=\"elementor-widget-wrap elementor-element-populated\">\n\t\t\t\t\t\t<div class=\"elementor-element elementor-element-3a3b9300 elementor-widget elementor-widget-text-editor\" data-id=\"3a3b9300\" data-element_type=\"widget\" data-e-type=\"widget\" data-widget_type=\"text-editor.default\">\n\t\t\t\t<div class=\"elementor-widget-container\">\n\t\t\t\t\t\t\t\t\t<h4>Pode aumentar drasticamente o seu impacto iniciando uma oferta equivalente do empregador, que pode <u>duplo<\/u> ou <u>at\u00e9 triplicar a sua oferta<\/u> para fazer a diferen\u00e7a no mundo.<\/h4><p><b>Sabia que?<\/b> Muitas entidades patronais patrocinam programas de ofertas equiparadas e equiparar\u00e3o as contribui\u00e7\u00f5es para institui\u00e7\u00f5es de caridade feitas pelos seus empregados - por vezes at\u00e9 pelos c\u00f4njuges e reformados.<\/p><p>Para saber se a sua entidade patronal tem um programa de ofertas equivalentes, introduza o nome da sua entidade patronal na caixa de pesquisa abaixo. Em seguida, envie \u00e0 sua entidade patronal o formul\u00e1rio de oferta equivalente que lhe foi fornecido. Assim que a oferta equivalente for aprovada pela sua entidade patronal, <strong><a href=\"mailto:hello@adra.org\">informar a equipa da ADRA Donor Care<\/a><\/strong> que uma prenda est\u00e1 a caminho. Eis alguns pormenores da ADRA que podem ser exigidos pela sua entidade patronal:<\/p><div><p><strong>Ag\u00eancia Adventista de Desenvolvimento e Assist\u00eancia (ADRA), Internacional<\/strong><\/p><\/div><div><p>12501 Old Columbia Pike<br \/>Silver Spring, Maryland 20904<\/p><\/div><div><p>Telefone: <strong><a href=\"tel:18004242372\">800.424.ADRA<\/a><\/strong> (2372)<br \/><strong><a href=\"mailto:hello@adra.org\">Correio eletr\u00f3nico<\/a><\/strong><br \/>N\u00famero de identifica\u00e7\u00e3o fiscal: 52-1314847<\/p><\/div><p><strong>Pesquise agora para saber se a sua d\u00e1diva pode ser equiparada.<\/strong> Se o seu empregador n\u00e3o estiver listado na nossa ferramenta de pesquisa, mas gostaria que a ADRA trabalhasse com a sua organiza\u00e7\u00e3o para oferecer um programa de correspond\u00eancia entre empregadores, envie um <strong><a href=\"mailto:hello@adra.org\">correio eletr\u00f3nico <\/a><\/strong>para nos informar - n\u00f3s entraremos em contacto com eles.<\/p><p><!-- \/wp:quote --><\/p>\t\t\t\t\t\t\t\t<\/div>\n\t\t\t\t<\/div>\n\t\t\t\t\t<\/div>\n\t\t<\/div>\n\t\t\t\t\t<\/div>\n\t\t<\/section>\n\t\t\t\t<section data-particle_enable=\"false\" data-particle-mobile-disabled=\"false\" class=\"elementor-section elementor-top-section elementor-element elementor-element-b395c28 elementor-section-boxed elementor-section-height-default elementor-section-height-default\" data-id=\"b395c28\" data-element_type=\"section\" data-e-type=\"section\" data-settings=\"{&quot;jet_parallax_layout_list&quot;:[]}\">\n\t\t\t\t\t\t<div class=\"elementor-container elementor-column-gap-default\">\n\t\t\t\t\t<div class=\"elementor-column elementor-col-100 elementor-top-column elementor-element elementor-element-a2ccbaa\" data-id=\"a2ccbaa\" data-element_type=\"column\" data-e-type=\"column\">\n\t\t\t<div class=\"elementor-widget-wrap elementor-element-populated\">\n\t\t\t\t\t\t<div class=\"elementor-element elementor-element-80ad4f0 elementor-widget elementor-widget-html\" data-id=\"80ad4f0\" data-element_type=\"widget\" data-e-type=\"widget\" data-widget_type=\"html.default\">\n\t\t\t\t<div class=\"elementor-widget-container\">\n\t\t\t\t\t<iframe  src=\"https:\/\/ww2.matchinggifts.com\/BB_13287_iframe\" width=\"80%\" height=\"650\" scrolling=\"auto\" frameborder=\"0\"><\/iframe>\t\t\t\t<\/div>\n\t\t\t\t<\/div>\n\t\t\t\t\t<\/div>\n\t\t<\/div>\n\t\t\t\t\t<\/div>\n\t\t<\/section>\n\t\t\t\t<\/div>","protected":false},"excerpt":{"rendered":"<p>Employer Gift MatchingThrough your employer, you could double or even triple your impact.Employee Gift MatchingThrough your employer, you could double or even triple your impact.Employee Gift MatchingThrough your employer, you could double or even triple your impact. You can dramatically increase your impact by initiating an employer matching gift, which can double or even triple [&hellip;]<\/p>\n","protected":false},"author":1,"featured_media":0,"parent":0,"menu_order":0,"comment_status":"closed","ping_status":"closed","template":"","meta":{"_acf_changed":false,"_eb_attr":"","footnotes":""},"class_list":["post-25408","page","type-page","status-publish","hentry"],"acf":[],"_links":{"self":[{"href":"https:\/\/adra.org\/pt\/wp-json\/wp\/v2\/pages\/25408","targetHints":{"allow":["GET"]}}],"collection":[{"href":"https:\/\/adra.org\/pt\/wp-json\/wp\/v2\/pages"}],"about":[{"href":"https:\/\/adra.org\/pt\/wp-json\/wp\/v2\/types\/page"}],"author":[{"embeddable":true,"href":"https:\/\/adra.org\/pt\/wp-json\/wp\/v2\/users\/1"}],"replies":[{"embeddable":true,"href":"https:\/\/adra.org\/pt\/wp-json\/wp\/v2\/comments?post=25408"}],"version-history":[{"count":80,"href":"https:\/\/adra.org\/pt\/wp-json\/wp\/v2\/pages\/25408\/revisions"}],"predecessor-version":[{"id":40230,"href":"https:\/\/adra.org\/pt\/wp-json\/wp\/v2\/pages\/25408\/revisions\/40230"}],"wp:attachment":[{"href":"https:\/\/adra.org\/pt\/wp-json\/wp\/v2\/media?parent=25408"}],"curies":[{"name":"wp","href":"https:\/\/api.w.org\/{rel}","templated":true}]}}