{"id":12568,"date":"2019-10-29T16:12:34","date_gmt":"2019-10-29T16:12:34","guid":{"rendered":"http:\/\/wordpress-docker.test:9911\/?page_id=12568"},"modified":"2026-03-27T04:56:47","modified_gmt":"2026-03-27T04:56:47","slug":"join-our-team","status":"publish","type":"page","link":"https:\/\/adra.org\/pt\/get-involved\/join-our-team","title":{"rendered":"Junte-se \u00e0 nossa equipa"},"content":{"rendered":"<div data-elementor-type=\"wp-page\" data-elementor-id=\"12568\" class=\"elementor elementor-12568\" data-elementor-post-type=\"page\">\n\t\t\t\t\t\t<section data-particle_enable=\"false\" data-particle-mobile-disabled=\"false\" class=\"elementor-section elementor-top-section elementor-element elementor-element-2ba3947 elementor-section-boxed elementor-section-height-default elementor-section-height-default\" data-id=\"2ba3947\" data-element_type=\"section\" data-e-type=\"section\" data-settings=\"{&quot;background_background&quot;:&quot;classic&quot;,&quot;jet_parallax_layout_list&quot;:[]}\">\n\t\t\t\t\t\t<div class=\"elementor-container elementor-column-gap-default\">\n\t\t\t\t\t<div class=\"elementor-column elementor-col-100 elementor-top-column elementor-element elementor-element-7d72642\" data-id=\"7d72642\" data-element_type=\"column\" data-e-type=\"column\">\n\t\t\t<div class=\"elementor-widget-wrap elementor-element-populated\">\n\t\t\t\t\t\t<div class=\"elementor-element elementor-element-25ec86e elementor-widget elementor-widget-spacer\" data-id=\"25ec86e\" data-element_type=\"widget\" data-e-type=\"widget\" data-widget_type=\"spacer.default\">\n\t\t\t\t<div class=\"elementor-widget-container\">\n\t\t\t\t\t\t\t<div class=\"elementor-spacer\">\n\t\t\t<div class=\"elementor-spacer-inner\"><\/div>\n\t\t<\/div>\n\t\t\t\t\t\t<\/div>\n\t\t\t\t<\/div>\n\t\t\t\t<div class=\"elementor-element elementor-element-4d22a62 elementor-widget elementor-widget-heading\" data-id=\"4d22a62\" data-element_type=\"widget\" data-e-type=\"widget\" data-widget_type=\"heading.default\">\n\t\t\t\t<div class=\"elementor-widget-container\">\n\t\t\t\t\t<h1 class=\"elementor-heading-title elementor-size-default\">Junte-se \u00e0 nossa equipa<\/h1>\t\t\t\t<\/div>\n\t\t\t\t<\/div>\n\t\t\t\t<div class=\"elementor-element elementor-element-cade9b4 elementor-widget elementor-widget-spacer\" data-id=\"cade9b4\" data-element_type=\"widget\" data-e-type=\"widget\" data-widget_type=\"spacer.default\">\n\t\t\t\t<div class=\"elementor-widget-container\">\n\t\t\t\t\t\t\t<div class=\"elementor-spacer\">\n\t\t\t<div class=\"elementor-spacer-inner\"><\/div>\n\t\t<\/div>\n\t\t\t\t\t\t<\/div>\n\t\t\t\t<\/div>\n\t\t\t\t\t<\/div>\n\t\t<\/div>\n\t\t\t\t\t<\/div>\n\t\t<\/section>\n\t\t\t\t<section data-particle_enable=\"false\" data-particle-mobile-disabled=\"false\" class=\"elementor-section elementor-top-section elementor-element elementor-element-9ee7ffa elementor-section-boxed elementor-section-height-default elementor-section-height-default\" data-id=\"9ee7ffa\" data-element_type=\"section\" data-e-type=\"section\" data-settings=\"{&quot;background_background&quot;:&quot;classic&quot;,&quot;jet_parallax_layout_list&quot;:[]}\">\n\t\t\t\t\t\t<div class=\"elementor-container elementor-column-gap-default\">\n\t\t\t\t\t<div class=\"elementor-column elementor-col-100 elementor-top-column elementor-element elementor-element-000a1f7\" data-id=\"000a1f7\" data-element_type=\"column\" data-e-type=\"column\">\n\t\t\t<div class=\"elementor-widget-wrap elementor-element-populated\">\n\t\t\t\t\t\t<div class=\"elementor-element elementor-element-90aa0e5 elementor-widget elementor-widget-heading\" data-id=\"90aa0e5\" data-element_type=\"widget\" data-e-type=\"widget\" data-widget_type=\"heading.default\">\n\t\t\t\t<div class=\"elementor-widget-container\">\n\t\t\t\t\t<h2 class=\"elementor-heading-title elementor-size-large\">Carreiras<\/h2>\t\t\t\t<\/div>\n\t\t\t\t<\/div>\n\t\t\t\t<div class=\"elementor-element elementor-element-dfbefc2 elementor-widget elementor-widget-spacer\" data-id=\"dfbefc2\" data-element_type=\"widget\" data-e-type=\"widget\" data-widget_type=\"spacer.default\">\n\t\t\t\t<div class=\"elementor-widget-container\">\n\t\t\t\t\t\t\t<div class=\"elementor-spacer\">\n\t\t\t<div class=\"elementor-spacer-inner\"><\/div>\n\t\t<\/div>\n\t\t\t\t\t\t<\/div>\n\t\t\t\t<\/div>\n\t\t\t\t<div class=\"elementor-element elementor-element-397b80d elementor-widget elementor-widget-text-editor\" data-id=\"397b80d\" data-element_type=\"widget\" data-e-type=\"widget\" data-widget_type=\"text-editor.default\">\n\t\t\t\t<div class=\"elementor-widget-container\">\n\t\t\t\t\t\t\t\t\t<p>As carreiras na ADRA centram-se naquilo a que chamamos os 3 C's. Se \u00e9 um profissional ligado, corajoso e compassivo, o emprego dos seus sonhos pode estar \u00e0 sua espera aqui. Oferecemos sal\u00e1rios competitivos e benef\u00edcios generosos, al\u00e9m da oportunidade de causar um verdadeiro impacto com uma equipa talentosa.<\/p><p><span style=\"text-decoration: underline;\"><a href=\"https:\/\/www.paycomonline.net\/v4\/ats\/web.php\/jobs?clientkey=86D06725E92694A8401EC2300408E863\">PESQUISAR CARREIRAS &gt;<\/a><\/span><\/p>\t\t\t\t\t\t\t\t<\/div>\n\t\t\t\t<\/div>\n\t\t\t\t<div class=\"elementor-element elementor-element-04ec764 elementor-widget elementor-widget-spacer\" data-id=\"04ec764\" data-element_type=\"widget\" data-e-type=\"widget\" data-widget_type=\"spacer.default\">\n\t\t\t\t<div class=\"elementor-widget-container\">\n\t\t\t\t\t\t\t<div class=\"elementor-spacer\">\n\t\t\t<div class=\"elementor-spacer-inner\"><\/div>\n\t\t<\/div>\n\t\t\t\t\t\t<\/div>\n\t\t\t\t<\/div>\n\t\t\t\t<div class=\"elementor-element elementor-element-0a19a8c elementor-widget elementor-widget-heading\" data-id=\"0a19a8c\" data-element_type=\"widget\" data-e-type=\"widget\" data-widget_type=\"heading.default\">\n\t\t\t\t<div class=\"elementor-widget-container\">\n\t\t\t\t\t<h2 class=\"elementor-heading-title elementor-size-large\">Volunt\u00e1rios<\/h2>\t\t\t\t<\/div>\n\t\t\t\t<\/div>\n\t\t\t\t<div class=\"elementor-element elementor-element-30d69cc elementor-widget elementor-widget-spacer\" data-id=\"30d69cc\" data-element_type=\"widget\" data-e-type=\"widget\" data-widget_type=\"spacer.default\">\n\t\t\t\t<div class=\"elementor-widget-container\">\n\t\t\t\t\t\t\t<div class=\"elementor-spacer\">\n\t\t\t<div class=\"elementor-spacer-inner\"><\/div>\n\t\t<\/div>\n\t\t\t\t\t\t<\/div>\n\t\t\t\t<\/div>\n\t\t\t\t<div class=\"elementor-element elementor-element-f63a219 elementor-widget elementor-widget-text-editor\" data-id=\"f63a219\" data-element_type=\"widget\" data-e-type=\"widget\" data-widget_type=\"text-editor.default\">\n\t\t\t\t<div class=\"elementor-widget-container\">\n\t\t\t\t\t\t\t\t\t<p>O ADRA Connections \u00e9 o nosso programa de voluntariado de curta dura\u00e7\u00e3o que oferece a todos uma oportunidade de experimentar o cora\u00e7\u00e3o da nossa miss\u00e3o. Cada viagem \u00e9 cuidadosamente planeada para apoiar projectos sustent\u00e1veis a n\u00edvel mundial e para que os volunt\u00e1rios tenham uma experi\u00eancia educativa.<\/p><p><span style=\"text-decoration: underline;\"><a href=\"https:\/\/adraconnections.org\/\">SAIBA MAIS SOBRE O VOLUNTARIADO &gt;<\/a><\/span><\/p>\t\t\t\t\t\t\t\t<\/div>\n\t\t\t\t<\/div>\n\t\t\t\t<div class=\"elementor-element elementor-element-5e41993 elementor-widget elementor-widget-spacer\" data-id=\"5e41993\" data-element_type=\"widget\" data-e-type=\"widget\" data-widget_type=\"spacer.default\">\n\t\t\t\t<div class=\"elementor-widget-container\">\n\t\t\t\t\t\t\t<div class=\"elementor-spacer\">\n\t\t\t<div class=\"elementor-spacer-inner\"><\/div>\n\t\t<\/div>\n\t\t\t\t\t\t<\/div>\n\t\t\t\t<\/div>\n\t\t\t\t\t<\/div>\n\t\t<\/div>\n\t\t\t\t\t<\/div>\n\t\t<\/section>\n\t\t\t\t<\/div>","protected":false},"excerpt":{"rendered":"<p>Join Our Team Careers Careers at ADRA focus on what we call the 3 C\u2019s. If you are a connected, courageous, and compassionate professional, your dream job may be waiting for you here. We offer competitive salaries and generous benefits, plus the chance to make a true impact with a talented team. SEARCH CAREERS &gt; [&hellip;]<\/p>\n","protected":false},"author":2,"featured_media":0,"parent":160,"menu_order":1,"comment_status":"closed","ping_status":"closed","template":"","meta":{"_acf_changed":false,"_eb_attr":"","footnotes":""},"class_list":["post-12568","page","type-page","status-publish","hentry"],"acf":[],"_links":{"self":[{"href":"https:\/\/adra.org\/pt\/wp-json\/wp\/v2\/pages\/12568","targetHints":{"allow":["GET"]}}],"collection":[{"href":"https:\/\/adra.org\/pt\/wp-json\/wp\/v2\/pages"}],"about":[{"href":"https:\/\/adra.org\/pt\/wp-json\/wp\/v2\/types\/page"}],"author":[{"embeddable":true,"href":"https:\/\/adra.org\/pt\/wp-json\/wp\/v2\/users\/2"}],"replies":[{"embeddable":true,"href":"https:\/\/adra.org\/pt\/wp-json\/wp\/v2\/comments?post=12568"}],"version-history":[{"count":34,"href":"https:\/\/adra.org\/pt\/wp-json\/wp\/v2\/pages\/12568\/revisions"}],"predecessor-version":[{"id":46225,"href":"https:\/\/adra.org\/pt\/wp-json\/wp\/v2\/pages\/12568\/revisions\/46225"}],"up":[{"embeddable":true,"href":"https:\/\/adra.org\/pt\/wp-json\/wp\/v2\/pages\/160"}],"wp:attachment":[{"href":"https:\/\/adra.org\/pt\/wp-json\/wp\/v2\/media?parent=12568"}],"curies":[{"name":"wp","href":"https:\/\/api.w.org\/{rel}","templated":true}]}}