{"id":37891,"date":"2025-03-28T05:58:32","date_gmt":"2025-03-28T05:58:32","guid":{"rendered":"https:\/\/adra.org\/?page_id=37891"},"modified":"2026-02-23T08:48:32","modified_gmt":"2026-02-23T08:48:32","slug":"church-emergency-response","status":"publish","type":"page","link":"https:\/\/adra.org\/fr\/church-emergency-response","title":{"rendered":"Intervention d'urgence de l'\u00c9glise"},"content":{"rendered":"<div data-elementor-type=\"wp-page\" data-elementor-id=\"37891\" class=\"elementor elementor-37891\" data-elementor-post-type=\"page\">\n\t\t\t\t\t\t<section data-particle_enable=\"false\" data-particle-mobile-disabled=\"false\" class=\"elementor-section elementor-top-section elementor-element elementor-element-35ee6c7 elementor-section-full_width elementor-section-height-default elementor-section-height-default\" data-id=\"35ee6c7\" data-element_type=\"section\" data-e-type=\"section\" data-settings=\"{&quot;background_background&quot;:&quot;classic&quot;,&quot;jet_parallax_layout_list&quot;:[]}\">\n\t\t\t\t\t\t<div class=\"elementor-container elementor-column-gap-no\">\n\t\t\t\t\t<div class=\"elementor-column elementor-col-50 elementor-top-column elementor-element elementor-element-5e121d4\" data-id=\"5e121d4\" data-element_type=\"column\" data-e-type=\"column\" data-settings=\"{&quot;background_background&quot;:&quot;classic&quot;}\">\n\t\t\t<div class=\"elementor-widget-wrap elementor-element-populated\">\n\t\t\t\t\t\t<div class=\"elementor-element elementor-element-de797c3 elementor-widget elementor-widget-image\" data-id=\"de797c3\" data-element_type=\"widget\" data-e-type=\"widget\" data-widget_type=\"image.default\">\n\t\t\t\t<div class=\"elementor-widget-container\">\n\t\t\t\t\t\t\t\t\t\t\t\t\t\t\t<img fetchpriority=\"high\" decoding=\"async\" width=\"800\" height=\"747\" src=\"https:\/\/adra.org\/wp-content\/uploads\/2025\/04\/2025-DFRO-Icon-RGB-1-1024x956.png\" class=\"attachment-large size-large wp-image-38084\" alt=\"\" srcset=\"https:\/\/adra.org\/wp-content\/uploads\/2025\/04\/2025-DFRO-Icon-RGB-1-1024x956.png 1024w, https:\/\/adra.org\/wp-content\/uploads\/2025\/04\/2025-DFRO-Icon-RGB-1-300x280.png 300w, https:\/\/adra.org\/wp-content\/uploads\/2025\/04\/2025-DFRO-Icon-RGB-1-768x717.png 768w, https:\/\/adra.org\/wp-content\/uploads\/2025\/04\/2025-DFRO-Icon-RGB-1.png 1200w\" sizes=\"(max-width: 800px) 100vw, 800px\" \/>\t\t\t\t\t\t\t\t\t\t\t\t\t\t\t<\/div>\n\t\t\t\t<\/div>\n\t\t\t\t<div class=\"elementor-element elementor-element-3ae6d15 elementor-widget elementor-widget-heading\" data-id=\"3ae6d15\" data-element_type=\"widget\" data-e-type=\"widget\" data-widget_type=\"heading.default\">\n\t\t\t\t<div class=\"elementor-widget-container\">\n\t\t\t\t\t<h2 class=\"elementor-heading-title elementor-size-default\">Intervention d'urgence de l'\u00c9glise<\/h2>\t\t\t\t<\/div>\n\t\t\t\t<\/div>\n\t\t\t\t\t<\/div>\n\t\t<\/div>\n\t\t\t\t<div class=\"elementor-column elementor-col-50 elementor-top-column elementor-element elementor-element-3801e45\" data-id=\"3801e45\" data-element_type=\"column\" data-e-type=\"column\" data-settings=\"{&quot;background_background&quot;:&quot;classic&quot;}\">\n\t\t\t<div class=\"elementor-widget-wrap elementor-element-populated\">\n\t\t\t\t\t\t<div class=\"elementor-element elementor-element-b32f3a7 elementor-widget elementor-widget-spacer\" data-id=\"b32f3a7\" data-element_type=\"widget\" data-e-type=\"widget\" data-widget_type=\"spacer.default\">\n\t\t\t\t<div class=\"elementor-widget-container\">\n\t\t\t\t\t\t\t<div class=\"elementor-spacer\">\n\t\t\t<div class=\"elementor-spacer-inner\"><\/div>\n\t\t<\/div>\n\t\t\t\t\t\t<\/div>\n\t\t\t\t<\/div>\n\t\t\t\t\t<\/div>\n\t\t<\/div>\n\t\t\t\t\t<\/div>\n\t\t<\/section>\n\t\t\t\t<section data-particle_enable=\"false\" data-particle-mobile-disabled=\"false\" class=\"elementor-section elementor-top-section elementor-element elementor-element-ec546a4 elementor-section-boxed elementor-section-height-default elementor-section-height-default\" data-id=\"ec546a4\" data-element_type=\"section\" data-e-type=\"section\" data-settings=\"{&quot;jet_parallax_layout_list&quot;:[]}\">\n\t\t\t\t\t\t<div class=\"elementor-container elementor-column-gap-default\">\n\t\t\t\t\t<div class=\"elementor-column elementor-col-100 elementor-top-column elementor-element elementor-element-9d9ecfa\" data-id=\"9d9ecfa\" data-element_type=\"column\" data-e-type=\"column\">\n\t\t\t<div class=\"elementor-widget-wrap elementor-element-populated\">\n\t\t\t\t\t\t<div class=\"elementor-element elementor-element-7299bc0 elementor-widget elementor-widget-spacer\" data-id=\"7299bc0\" data-element_type=\"widget\" data-e-type=\"widget\" data-widget_type=\"spacer.default\">\n\t\t\t\t<div class=\"elementor-widget-container\">\n\t\t\t\t\t\t\t<div class=\"elementor-spacer\">\n\t\t\t<div class=\"elementor-spacer-inner\"><\/div>\n\t\t<\/div>\n\t\t\t\t\t\t<\/div>\n\t\t\t\t<\/div>\n\t\t\t\t<div class=\"elementor-element elementor-element-1f30a5e elementor-widget elementor-widget-heading\" data-id=\"1f30a5e\" data-element_type=\"widget\" data-e-type=\"widget\" data-widget_type=\"heading.default\">\n\t\t\t\t<div class=\"elementor-widget-container\">\n\t\t\t\t\t<h3 class=\"elementor-heading-title elementor-size-default\">Possibilit\u00e9s de collecte de fonds<\/h3>\t\t\t\t<\/div>\n\t\t\t\t<\/div>\n\t\t\t\t<div class=\"elementor-element elementor-element-5066637 elementor-widget elementor-widget-heading\" data-id=\"5066637\" data-element_type=\"widget\" data-e-type=\"widget\" data-widget_type=\"heading.default\">\n\t\t\t\t<div class=\"elementor-widget-container\">\n\t\t\t\t\t<h2 class=\"elementor-heading-title elementor-size-default\">Impliquons votre \u00e9glise<\/h2>\t\t\t\t<\/div>\n\t\t\t\t<\/div>\n\t\t\t\t<div class=\"elementor-element elementor-element-6776b61 elementor-widget elementor-widget-spacer\" data-id=\"6776b61\" data-element_type=\"widget\" data-e-type=\"widget\" data-widget_type=\"spacer.default\">\n\t\t\t\t<div class=\"elementor-widget-container\">\n\t\t\t\t\t\t\t<div class=\"elementor-spacer\">\n\t\t\t<div class=\"elementor-spacer-inner\"><\/div>\n\t\t<\/div>\n\t\t\t\t\t\t<\/div>\n\t\t\t\t<\/div>\n\t\t\t\t<div class=\"elementor-element elementor-element-a181dd4 elementor-widget elementor-widget-text-editor\" data-id=\"a181dd4\" data-element_type=\"widget\" data-e-type=\"widget\" data-widget_type=\"text-editor.default\">\n\t\t\t\t<div class=\"elementor-widget-container\">\n\t\t\t\t\t\t\t\t\t<p><strong>Doublez l'aide. Doublez l'espoir.<\/strong><\/p><p>Le sabbat 10 mai, les \u00e9glises adventistes du septi\u00e8me jour \u00e0 travers les \u00c9tats-Unis collecteront une offrande de secours en cas de catastrophe et de famine (DFRO) pour ADRA et ACS. Votre don* \u00e0 ADRA, la branche humanitaire de l'\u00c9glise adventiste, sera doubl\u00e9 jusqu'\u00e0 50 000 jusqu'au 31 mai.<\/p>\t\t\t\t\t\t\t\t<\/div>\n\t\t\t\t<\/div>\n\t\t\t\t<div class=\"elementor-element elementor-element-39ff064 elementor-widget elementor-widget-text-editor\" data-id=\"39ff064\" data-element_type=\"widget\" data-e-type=\"widget\" data-widget_type=\"text-editor.default\">\n\t\t\t\t<div class=\"elementor-widget-container\">\n\t\t\t\t\t\t\t\t\t<p><em>*Seuls les dons effectu\u00e9s par l'interm\u00e9diaire d'ADRA feront l'objet d'une contrepartie (appel t\u00e9l\u00e9phonique, site web ou ch\u00e8que envoy\u00e9 \u00e0 ADRA avec la mention DFRO dans le m\u00e9mo).<\/em><\/p>\t\t\t\t\t\t\t\t<\/div>\n\t\t\t\t<\/div>\n\t\t\t\t<div class=\"elementor-element elementor-element-8cf2b48 elementor-widget elementor-widget-spacer\" data-id=\"8cf2b48\" data-element_type=\"widget\" data-e-type=\"widget\" data-widget_type=\"spacer.default\">\n\t\t\t\t<div class=\"elementor-widget-container\">\n\t\t\t\t\t\t\t<div class=\"elementor-spacer\">\n\t\t\t<div class=\"elementor-spacer-inner\"><\/div>\n\t\t<\/div>\n\t\t\t\t\t\t<\/div>\n\t\t\t\t<\/div>\n\t\t\t\t<div class=\"elementor-element elementor-element-52c311c elementor-widget elementor-widget-text-editor\" data-id=\"52c311c\" data-element_type=\"widget\" data-e-type=\"widget\" data-widget_type=\"text-editor.default\">\n\t\t\t\t<div class=\"elementor-widget-container\">\n\t\t\t\t\t\t\t\t\t<p><strong>Ressources disponibles<\/strong><\/p><p>Pour que votre \u00c9glise participe \u00e0 cette importante offrande, t\u00e9l\u00e9chargez notre kit de l'\u00c9glise :<\/p><ul><li><strong><a href=\"https:\/\/www.dropbox.com\/scl\/fi\/hez1aqzgi0se4bcgoxxis\/9-X-16-Church-PPT-Slide.jpg?rlkey=z22b1vv1ew7i4e8iyn3lhe7w8&amp;st=zaq2xj7d&amp;dl=0\" target=\"_blank\" rel=\"nofollow noreferrer noopener\">Diapositive PPT de l'\u00e9glise 9 x 16<\/a><\/strong> (\u00e0 afficher sur des \u00e9crans g\u00e9ants dans les \u00e9glises)<\/li><li><strong><a href=\"https:\/\/www.dropbox.com\/scl\/fi\/0u9sa1066y32uricm7uhg\/Social-Media-Kit.pdf?rlkey=q0hrbostxvbxrgub303q1v5d2&amp;st=rl84hq64&amp;dl=0\" target=\"_blank\" rel=\"nofollow noreferrer noopener\">Guide des m\u00e9dias sociaux<\/a><\/strong>\u00a0(pour vous et les \u00e9glises)<\/li><li><strong><a href=\"https:\/\/www.dropbox.com\/scl\/fi\/qjo7veivu3xl726qgum76\/Ukraine-Video-Horizontal.mp4?rlkey=0zqdmdu63xiw0zgfo3v78095l&amp;st=wfdpkiyt&amp;dl=0\" target=\"_blank\" rel=\"nofollow noreferrer noopener\">Vid\u00e9o sur l'Ukraine<\/a><\/strong> (Horizontal - 1 minute et 30 secondes)<\/li><li><a href=\"https:\/\/www.dropbox.com\/scl\/fi\/1lqv5e9ec44qsasdfxzr9\/Ukraine-Video-Vertical.mp4?rlkey=o9goyamzpgpu79ktq9z8fa18o&amp;st=3r0q2835&amp;dl=0\" target=\"_blank\" rel=\"nofollow noreferrer noopener\"><strong>Vid\u00e9o sur l'Ukraine<\/strong><\/a> (Vertical - 1 minute et 30 secondes)<\/li><li><strong><a href=\"https:\/\/www.dropbox.com\/scl\/fi\/l6z1dljtxe78w85ha73y7\/ADRA-Pillar-Video-Emergency-Church-Version.mp4?rlkey=5auzqpl03bb221ramy92ij48l&amp;st=nl3v7r7j&amp;dl=0\" target=\"_blank\" rel=\"nofollow noreferrer noopener\">Vid\u00e9o d'urgence<\/a>\u00a0<\/strong>(Horizontal - 1 minute et 15 secondes)<\/li><li><strong><a href=\"https:\/\/www.dropbox.com\/scl\/fi\/slqdkrcf8skmlhao5aieu\/ADRA-Pillar-Video-Emergency-Church-Version-Vertical.mp4?rlkey=padq6l1bja4y6b03djn7cmt00&amp;st=yigiazw9&amp;dl=0\" target=\"_blank\" rel=\"nofollow noreferrer noopener\">Vid\u00e9o d'urgence <\/a><\/strong>(Vertical - 1 minute et 15 secondes)<\/li><li><strong><a href=\"https:\/\/give.adra.org\/site\/Donation2?df_id=4921&amp;mfc_pref=T&amp;4921.donation=form1&amp;utm_content=restricted-emergency-match-offering&amp;s_src=EVTACQ250501EMR&amp;s_subsrc=1877_Event\" target=\"_blank\" rel=\"nofollow noreferrer noopener\">ADRA.org\/Offre<\/a><\/strong> (Page de dons de l'ADRA \u00e0 l'usage des \u00e9glises)<\/li><\/ul>\t\t\t\t\t\t\t\t<\/div>\n\t\t\t\t<\/div>\n\t\t\t\t<div class=\"elementor-element elementor-element-94caf72 elementor-widget elementor-widget-spacer\" data-id=\"94caf72\" data-element_type=\"widget\" data-e-type=\"widget\" data-widget_type=\"spacer.default\">\n\t\t\t\t<div class=\"elementor-widget-container\">\n\t\t\t\t\t\t\t<div class=\"elementor-spacer\">\n\t\t\t<div class=\"elementor-spacer-inner\"><\/div>\n\t\t<\/div>\n\t\t\t\t\t\t<\/div>\n\t\t\t\t<\/div>\n\t\t\t\t<div class=\"elementor-element elementor-element-cd6bdab elementor-align-left elementor-widget elementor-widget-button\" data-id=\"cd6bdab\" data-element_type=\"widget\" data-e-type=\"widget\" data-widget_type=\"button.default\">\n\t\t\t\t<div class=\"elementor-widget-container\">\n\t\t\t\t\t\t\t\t\t<div class=\"elementor-button-wrapper\">\n\t\t\t\t\t<a class=\"elementor-button elementor-button-link elementor-size-sm\" href=\"https:\/\/www.dropbox.com\/scl\/fo\/quwf6vnucnsazon03ydcw\/AA4lX0HLsYeZ7nCMqTIAK0I?rlkey=e9ifi0sndb3gov2ft2i394x1q&#038;e=1&#038;st=o1vp2gsm&#038;dl=0\">\n\t\t\t\t\t\t<span class=\"elementor-button-content-wrapper\">\n\t\t\t\t\t\t<span class=\"elementor-button-icon\">\n\t\t\t\t<i aria-hidden=\"true\" class=\"fas fa-download\"><\/i>\t\t\t<\/span>\n\t\t\t\t\t\t\t\t\t<span class=\"elementor-button-text\">TELECHARGER TOUT<\/span>\n\t\t\t\t\t<\/span>\n\t\t\t\t\t<\/a>\n\t\t\t\t<\/div>\n\t\t\t\t\t\t\t\t<\/div>\n\t\t\t\t<\/div>\n\t\t\t\t<div class=\"elementor-element elementor-element-b1d4f28 elementor-widget elementor-widget-spacer\" data-id=\"b1d4f28\" data-element_type=\"widget\" data-e-type=\"widget\" data-widget_type=\"spacer.default\">\n\t\t\t\t<div class=\"elementor-widget-container\">\n\t\t\t\t\t\t\t<div class=\"elementor-spacer\">\n\t\t\t<div class=\"elementor-spacer-inner\"><\/div>\n\t\t<\/div>\n\t\t\t\t\t\t<\/div>\n\t\t\t\t<\/div>\n\t\t\t\t\t<\/div>\n\t\t<\/div>\n\t\t\t\t\t<\/div>\n\t\t<\/section>\n\t\t\t\t<section data-particle_enable=\"false\" data-particle-mobile-disabled=\"false\" class=\"elementor-section elementor-top-section elementor-element elementor-element-a87f277 elementor-section-boxed elementor-section-height-default elementor-section-height-default\" data-id=\"a87f277\" data-element_type=\"section\" data-e-type=\"section\" data-settings=\"{&quot;jet_parallax_layout_list&quot;:[]}\">\n\t\t\t\t\t\t<div class=\"elementor-container elementor-column-gap-default\">\n\t\t\t\t\t<div class=\"elementor-column elementor-col-50 elementor-top-column elementor-element elementor-element-c278f32\" data-id=\"c278f32\" data-element_type=\"column\" data-e-type=\"column\">\n\t\t\t<div class=\"elementor-widget-wrap elementor-element-populated\">\n\t\t\t\t\t\t<div class=\"elementor-element elementor-element-7d57c12 elementor-widget elementor-widget-video\" data-id=\"7d57c12\" data-element_type=\"widget\" data-e-type=\"widget\" data-settings=\"{&quot;youtube_url&quot;:&quot;https:\\\/\\\/youtu.be\\\/bTKovTXPt5s&quot;,&quot;video_type&quot;:&quot;youtube&quot;,&quot;controls&quot;:&quot;yes&quot;}\" data-widget_type=\"video.default\">\n\t\t\t\t<div class=\"elementor-widget-container\">\n\t\t\t\t\t\t\t<div class=\"elementor-wrapper elementor-open-inline\">\n\t\t\t<div class=\"elementor-video\"><\/div>\t\t<\/div>\n\t\t\t\t\t\t<\/div>\n\t\t\t\t<\/div>\n\t\t\t\t\t<\/div>\n\t\t<\/div>\n\t\t\t\t<div class=\"elementor-column elementor-col-50 elementor-top-column elementor-element elementor-element-0c324dd\" data-id=\"0c324dd\" data-element_type=\"column\" data-e-type=\"column\" data-settings=\"{&quot;background_background&quot;:&quot;classic&quot;}\">\n\t\t\t<div class=\"elementor-widget-wrap elementor-element-populated\">\n\t\t\t\t\t\t<div class=\"elementor-element elementor-element-e47430f elementor-widget elementor-widget-heading\" data-id=\"e47430f\" data-element_type=\"widget\" data-e-type=\"widget\" data-widget_type=\"heading.default\">\n\t\t\t\t<div class=\"elementor-widget-container\">\n\t\t\t\t\t<h2 class=\"elementor-heading-title elementor-size-default\">C'est pourquoi votre soutien est n\u00e9cessaire<\/h2>\t\t\t\t<\/div>\n\t\t\t\t<\/div>\n\t\t\t\t\t<\/div>\n\t\t<\/div>\n\t\t\t\t\t<\/div>\n\t\t<\/section>\n\t\t\t\t<section data-particle_enable=\"false\" data-particle-mobile-disabled=\"false\" class=\"elementor-section elementor-top-section elementor-element elementor-element-b2b4cf8 elementor-section-boxed elementor-section-height-default elementor-section-height-default\" data-id=\"b2b4cf8\" data-element_type=\"section\" data-e-type=\"section\" data-settings=\"{&quot;jet_parallax_layout_list&quot;:[]}\">\n\t\t\t\t\t\t<div class=\"elementor-container elementor-column-gap-default\">\n\t\t\t\t\t<div class=\"elementor-column elementor-col-100 elementor-top-column elementor-element elementor-element-cfa2ba6\" data-id=\"cfa2ba6\" data-element_type=\"column\" data-e-type=\"column\">\n\t\t\t<div class=\"elementor-widget-wrap elementor-element-populated\">\n\t\t\t\t\t\t<div class=\"elementor-element elementor-element-2d08c1c elementor-widget elementor-widget-spacer\" data-id=\"2d08c1c\" data-element_type=\"widget\" data-e-type=\"widget\" data-widget_type=\"spacer.default\">\n\t\t\t\t<div class=\"elementor-widget-container\">\n\t\t\t\t\t\t\t<div class=\"elementor-spacer\">\n\t\t\t<div class=\"elementor-spacer-inner\"><\/div>\n\t\t<\/div>\n\t\t\t\t\t\t<\/div>\n\t\t\t\t<\/div>\n\t\t\t\t<div class=\"elementor-element elementor-element-8dcb7cb elementor-widget elementor-widget-text-editor\" data-id=\"8dcb7cb\" data-element_type=\"widget\" data-e-type=\"widget\" data-widget_type=\"text-editor.default\">\n\t\t\t\t<div class=\"elementor-widget-container\">\n\t\t\t\t\t\t\t\t\t<p><strong>Pr\u00eat \u00e0 impliquer votre \u00e9glise ?<\/strong><\/p><p>Nous serions ravis d'\u00e9tablir un partenariat avec vous ! Contactez d\u00e8s aujourd'hui notre directrice des partenariats adventistes, Sharon Aka, pour plus d'informations.<\/p>\t\t\t\t\t\t\t\t<\/div>\n\t\t\t\t<\/div>\n\t\t\t\t<div class=\"elementor-element elementor-element-2f1cd48 elementor-widget elementor-widget-button\" data-id=\"2f1cd48\" data-element_type=\"widget\" data-e-type=\"widget\" data-widget_type=\"button.default\">\n\t\t\t\t<div class=\"elementor-widget-container\">\n\t\t\t\t\t\t\t\t\t<div class=\"elementor-button-wrapper\">\n\t\t\t\t\t<a class=\"elementor-button elementor-button-link elementor-size-sm\" href=\"mailto:Sharon.Aka@ADRA.org\">\n\t\t\t\t\t\t<span class=\"elementor-button-content-wrapper\">\n\t\t\t\t\t\t\t\t\t<span class=\"elementor-button-text\">CONTACT<\/span>\n\t\t\t\t\t<\/span>\n\t\t\t\t\t<\/a>\n\t\t\t\t<\/div>\n\t\t\t\t\t\t\t\t<\/div>\n\t\t\t\t<\/div>\n\t\t\t\t<div class=\"elementor-element elementor-element-7023ad4 elementor-widget elementor-widget-spacer\" data-id=\"7023ad4\" data-element_type=\"widget\" data-e-type=\"widget\" data-widget_type=\"spacer.default\">\n\t\t\t\t<div class=\"elementor-widget-container\">\n\t\t\t\t\t\t\t<div class=\"elementor-spacer\">\n\t\t\t<div class=\"elementor-spacer-inner\"><\/div>\n\t\t<\/div>\n\t\t\t\t\t\t<\/div>\n\t\t\t\t<\/div>\n\t\t\t\t\t<\/div>\n\t\t<\/div>\n\t\t\t\t\t<\/div>\n\t\t<\/section>\n\t\t\t\t<\/div>","protected":false},"excerpt":{"rendered":"<p>En mai, les \u00e9glises adventistes du septi\u00e8me jour des \u00c9tats-Unis collecteront des offrandes pour l'ADRA et l'ACS et doubleront l'aide et l'espoir.<\/p>","protected":false},"author":42,"featured_media":37893,"parent":0,"menu_order":0,"comment_status":"closed","ping_status":"closed","template":"","meta":{"_acf_changed":false,"_eb_attr":"","footnotes":""},"class_list":["post-37891","page","type-page","status-publish","has-post-thumbnail","hentry"],"acf":[],"_links":{"self":[{"href":"https:\/\/adra.org\/fr\/wp-json\/wp\/v2\/pages\/37891","targetHints":{"allow":["GET"]}}],"collection":[{"href":"https:\/\/adra.org\/fr\/wp-json\/wp\/v2\/pages"}],"about":[{"href":"https:\/\/adra.org\/fr\/wp-json\/wp\/v2\/types\/page"}],"author":[{"embeddable":true,"href":"https:\/\/adra.org\/fr\/wp-json\/wp\/v2\/users\/42"}],"replies":[{"embeddable":true,"href":"https:\/\/adra.org\/fr\/wp-json\/wp\/v2\/comments?post=37891"}],"version-history":[{"count":115,"href":"https:\/\/adra.org\/fr\/wp-json\/wp\/v2\/pages\/37891\/revisions"}],"predecessor-version":[{"id":44182,"href":"https:\/\/adra.org\/fr\/wp-json\/wp\/v2\/pages\/37891\/revisions\/44182"}],"wp:featuredmedia":[{"embeddable":true,"href":"https:\/\/adra.org\/fr\/wp-json\/wp\/v2\/media\/37893"}],"wp:attachment":[{"href":"https:\/\/adra.org\/fr\/wp-json\/wp\/v2\/media?parent=37891"}],"curies":[{"name":"wp","href":"https:\/\/api.w.org\/{rel}","templated":true}]}}