{"id":35047,"date":"2024-08-21T10:02:05","date_gmt":"2024-08-21T10:02:05","guid":{"rendered":"https:\/\/adra.org\/?page_id=35047"},"modified":"2025-08-07T12:06:07","modified_gmt":"2025-08-07T12:06:07","slug":"strangersamongyou","status":"publish","type":"page","link":"https:\/\/adra.org\/fr\/strangersamongyou","title":{"rendered":"Les \u00e9trangers parmi vous"},"content":{"rendered":"<div data-elementor-type=\"wp-page\" data-elementor-id=\"35047\" class=\"elementor elementor-35047\" data-elementor-post-type=\"page\">\n\t\t\t\t<div data-particle_enable=\"false\" data-particle-mobile-disabled=\"false\" class=\"elementor-element elementor-element-1b6c4f6 e-flex e-con-boxed e-con e-parent\" data-id=\"1b6c4f6\" data-element_type=\"container\" data-e-type=\"container\" data-settings=\"{&quot;background_background&quot;:&quot;classic&quot;,&quot;jet_parallax_layout_list&quot;:[]}\">\n\t\t\t\t\t<div class=\"e-con-inner\">\n\t\t\t\t<div class=\"elementor-element elementor-element-a510f2c elementor-widget elementor-widget-video\" data-id=\"a510f2c\" data-element_type=\"widget\" data-e-type=\"widget\" data-settings=\"{&quot;youtube_url&quot;:&quot;https:\\\/\\\/www.youtube.com\\\/watch?v=_glxcT5tI3c&quot;,&quot;video_type&quot;:&quot;youtube&quot;,&quot;controls&quot;:&quot;yes&quot;}\" data-widget_type=\"video.default\">\n\t\t\t\t<div class=\"elementor-widget-container\">\n\t\t\t\t\t\t\t<div class=\"elementor-wrapper elementor-open-inline\">\n\t\t\t<div class=\"elementor-video\"><\/div>\t\t<\/div>\n\t\t\t\t\t\t<\/div>\n\t\t\t\t<\/div>\n\t\t\t\t\t<\/div>\n\t\t\t\t<\/div>\n\t\t\t\t<section data-particle_enable=\"false\" data-particle-mobile-disabled=\"false\" class=\"elementor-section elementor-top-section elementor-element elementor-element-9fb870d elementor-section-boxed elementor-section-height-default elementor-section-height-default\" data-id=\"9fb870d\" data-element_type=\"section\" data-e-type=\"section\" data-settings=\"{&quot;background_background&quot;:&quot;classic&quot;,&quot;jet_parallax_layout_list&quot;:[]}\">\n\t\t\t\t\t\t<div class=\"elementor-container elementor-column-gap-default\">\n\t\t\t\t\t<div class=\"elementor-column elementor-col-100 elementor-top-column elementor-element elementor-element-46216a6\" data-id=\"46216a6\" data-element_type=\"column\" data-e-type=\"column\">\n\t\t\t<div class=\"elementor-widget-wrap elementor-element-populated\">\n\t\t\t\t\t\t<div class=\"elementor-element elementor-element-c22a75c elementor-widget elementor-widget-spacer\" data-id=\"c22a75c\" data-element_type=\"widget\" data-e-type=\"widget\" data-widget_type=\"spacer.default\">\n\t\t\t\t<div class=\"elementor-widget-container\">\n\t\t\t\t\t\t\t<div class=\"elementor-spacer\">\n\t\t\t<div class=\"elementor-spacer-inner\"><\/div>\n\t\t<\/div>\n\t\t\t\t\t\t<\/div>\n\t\t\t\t<\/div>\n\t\t\t\t<div class=\"elementor-element elementor-element-5d18c32 elementor-widget elementor-widget-heading\" data-id=\"5d18c32\" data-element_type=\"widget\" data-e-type=\"widget\" data-widget_type=\"heading.default\">\n\t\t\t\t<div class=\"elementor-widget-container\">\n\t\t\t\t\t<h2 class=\"elementor-heading-title elementor-size-default\">Un documentaire d'ADRA International<\/h2>\t\t\t\t<\/div>\n\t\t\t\t<\/div>\n\t\t\t\t<div class=\"elementor-element elementor-element-3d407e8 elementor-widget elementor-widget-heading\" data-id=\"3d407e8\" data-element_type=\"widget\" data-e-type=\"widget\" data-widget_type=\"heading.default\">\n\t\t\t\t<div class=\"elementor-widget-container\">\n\t\t\t\t\t<h2 class=\"elementor-heading-title elementor-size-default\">Les \u00e9trangers parmi vous<\/h2>\t\t\t\t<\/div>\n\t\t\t\t<\/div>\n\t\t\t\t<div class=\"elementor-element elementor-element-abd3c49 elementor-widget elementor-widget-spacer\" data-id=\"abd3c49\" data-element_type=\"widget\" data-e-type=\"widget\" data-widget_type=\"spacer.default\">\n\t\t\t\t<div class=\"elementor-widget-container\">\n\t\t\t\t\t\t\t<div class=\"elementor-spacer\">\n\t\t\t<div class=\"elementor-spacer-inner\"><\/div>\n\t\t<\/div>\n\t\t\t\t\t\t<\/div>\n\t\t\t\t<\/div>\n\t\t\t\t<div class=\"elementor-element elementor-element-f355f8f elementor-widget elementor-widget-text-editor\" data-id=\"f355f8f\" data-element_type=\"widget\" data-e-type=\"widget\" data-widget_type=\"text-editor.default\">\n\t\t\t\t<div class=\"elementor-widget-container\">\n\t\t\t\t\t\t\t\t\t<p>Ils ont \u00e9chapp\u00e9 \u00e0 la guerre, \u00e0 la pers\u00e9cution et au d\u00e9sastre, mais ils ont d\u00fb faire face \u00e0 une lutte plus profonde : \u00eatre vraiment vus.<\/p><p><strong><em>Les \u00e9trangers parmi vous<\/em><\/strong>\u00a0est un nouveau documentaire captivant d'ADRA International qui met en lumi\u00e8re la vie des r\u00e9fugi\u00e9s, des migrants, des apatrides et des personnes d\u00e9plac\u00e9es \u00e0 l'int\u00e9rieur de leur propre pays. Film\u00e9 en Colombie, au Liban, en R\u00e9publique d\u00e9mocratique du Congo, au Canada et en Tha\u00eflande, ce voyage mondial r\u00e9v\u00e8le les histoires humaines qui se cachent derri\u00e8re les gros titres.<\/p><p>Gr\u00e2ce \u00e0 des interviews percutantes, des r\u00e9cits intimes et des images inoubliables, ce documentaire religieux nous incite \u00e0 regarder au-del\u00e0 des fronti\u00e8res, au-del\u00e0 des \u00e9tiquettes, et \u00e0 voir le sacr\u00e9 dans chaque \u00e9tranger. S'appuyant sur de profondes racines chr\u00e9tiennes, le film nous rappelle que de nombreux h\u00e9ros bibliques - Abraham, Ruth, et m\u00eame J\u00e9sus - ont un jour \u00e9t\u00e9 d\u00e9plac\u00e9s.<\/p><p>Il ne s'agit pas seulement d'un film sur la migration. Il s'agit d'un appel \u00e0 l'action, d'un rappel \u00e0 l'ordre.\u00a0<strong>dignit\u00e9, compassion et espoir<\/strong>\u00a0doit d\u00e9finir notre r\u00e9ponse aux plus vuln\u00e9rables d'entre nous.<\/p><p>Car derri\u00e8re chaque voyage se cache une personne qui aspire \u00e0 faire partie d'un groupe.<br \/>Parce qu'aimer l'\u00e9tranger est plus qu'une valeur, c'est un commandement.<\/p>\t\t\t\t\t\t\t\t<\/div>\n\t\t\t\t<\/div>\n\t\t\t\t\t<\/div>\n\t\t<\/div>\n\t\t\t\t\t<\/div>\n\t\t<\/section>\n\t\t\t\t<section data-particle_enable=\"false\" data-particle-mobile-disabled=\"false\" class=\"elementor-section elementor-top-section elementor-element elementor-element-816df06 elementor-section-height-min-height elementor-section-boxed elementor-section-height-default elementor-section-items-middle\" data-id=\"816df06\" data-element_type=\"section\" data-e-type=\"section\" data-settings=\"{&quot;background_background&quot;:&quot;classic&quot;,&quot;jet_parallax_layout_list&quot;:[]}\">\n\t\t\t\t\t\t<div class=\"elementor-container elementor-column-gap-default\">\n\t\t\t\t\t<div class=\"elementor-column elementor-col-50 elementor-top-column elementor-element elementor-element-b5ce075\" data-id=\"b5ce075\" data-element_type=\"column\" data-e-type=\"column\">\n\t\t\t<div class=\"elementor-widget-wrap elementor-element-populated\">\n\t\t\t\t\t\t<div class=\"elementor-element elementor-element-0351146 elementor-widget elementor-widget-heading\" data-id=\"0351146\" data-element_type=\"widget\" data-e-type=\"widget\" data-widget_type=\"heading.default\">\n\t\t\t\t<div class=\"elementor-widget-container\">\n\t\t\t\t\t<h2 class=\"elementor-heading-title elementor-size-default\">Les coulisses<\/h2>\t\t\t\t<\/div>\n\t\t\t\t<\/div>\n\t\t\t\t<div class=\"elementor-element elementor-element-9358644 elementor--h-position-left elementor-hidden-desktop elementor-hidden-tablet elementor--v-position-middle elementor-pagination-position-inside elementor-widget elementor-widget-slides\" data-id=\"9358644\" data-element_type=\"widget\" data-e-type=\"widget\" data-settings=\"{&quot;navigation&quot;:&quot;dots&quot;,&quot;autoplay&quot;:&quot;yes&quot;,&quot;pause_on_hover&quot;:&quot;yes&quot;,&quot;pause_on_interaction&quot;:&quot;yes&quot;,&quot;autoplay_speed&quot;:5000,&quot;infinite&quot;:&quot;yes&quot;,&quot;transition&quot;:&quot;slide&quot;,&quot;transition_speed&quot;:500}\" data-widget_type=\"slides.default\">\n\t\t\t\t<div class=\"elementor-widget-container\">\n\t\t\t\t\t\t\t\t\t<div class=\"elementor-swiper\">\n\t\t\t\t\t<div class=\"elementor-slides-wrapper elementor-main-swiper swiper\" role=\"region\" aria-roledescription=\"carousel\" aria-label=\"Diapositives\" dir=\"ltr\" data-animation=\"fadeInRight\">\n\t\t\t\t<div class=\"swiper-wrapper elementor-slides\">\n\t\t\t\t\t\t\t\t\t\t<div class=\"elementor-repeater-item-a98b09c swiper-slide\" role=\"group\" aria-roledescription=\"slide\"><div class=\"swiper-slide-bg\"><\/div><div class=\"swiper-slide-inner\" ><div class=\"swiper-slide-contents\"><div class=\"elementor-slide-description\">\u00c0 l'heure actuelle, pr\u00e8s de 110 millions de personnes dans le monde sont d\u00e9plac\u00e9es, un chiffre qui a doubl\u00e9 au cours des 20 derni\u00e8res ann\u00e9es. Plus de la moiti\u00e9 de ces personnes d\u00e9plac\u00e9es sont des femmes et des jeunes filles.<\/div><\/div><\/div><\/div><div class=\"elementor-repeater-item-81c945c swiper-slide\" role=\"group\" aria-roledescription=\"slide\"><div class=\"swiper-slide-bg\"><\/div><div class=\"swiper-slide-inner\" ><div class=\"swiper-slide-contents\"><div class=\"elementor-slide-description\">Ce film documentaire suit la vie de cinq de ces personnes, des femmes qui ont surv\u00e9cu \u00e0 la traite des \u00eatres humains, \u00e0 la guerre, \u00e0 la migration, au sans-abrisme, au ch\u00f4mage et \u00e0 bien d'autres choses encore. Aujourd'hui, elles continuent \u00e0 se battre pour la libert\u00e9, l'appartenance et la s\u00e9curit\u00e9. Elles se battent pour elles-m\u00eames et pour leur communaut\u00e9.<\/div><\/div><\/div><\/div><div class=\"elementor-repeater-item-2917fe0 swiper-slide\" role=\"group\" aria-roledescription=\"slide\"><div class=\"swiper-slide-bg\"><\/div><div class=\"swiper-slide-inner\" ><div class=\"swiper-slide-contents\"><div class=\"elementor-slide-description\">Dans les marges de la survie, la r\u00e9silience perdure. Des communaut\u00e9s se forment. De nouveaux r\u00eaves \u00e9mergent. Ceux qui ont \u00e9chapp\u00e9 au traumatisme reviennent pour aider ceux qui sont rest\u00e9s sur place.<\/div><\/div><\/div><\/div><div class=\"elementor-repeater-item-b702d03 swiper-slide\" role=\"group\" aria-roledescription=\"slide\"><div class=\"swiper-slide-bg\"><\/div><div class=\"swiper-slide-inner\" ><div class=\"swiper-slide-contents\"><div class=\"elementor-slide-description\">Une jeune fille est sauv\u00e9e du travail forc\u00e9 en Tha\u00eflande ; devenue femme, elle s'engage \u00e0 sauver d'autres jeunes filles comme elle. Un Colombien \u00e9migr\u00e9 en Am\u00e9rique retourne dans les rues de Bucaramanga pour soutenir les migrants v\u00e9n\u00e9zu\u00e9liens. Une veuve chass\u00e9e de la R\u00e9publique d\u00e9mocratique du Congo par la violence rentre chez elle pour construire avec sa communaut\u00e9. Une m\u00e8re et ses deux filles fuient la guerre en Ukraine et se construisent une nouvelle vie au Canada. Des femmes syriennes r\u00e9fugi\u00e9es au Liban forment un collectif pour d\u00e9fendre leurs int\u00e9r\u00eats et ceux des autres. <\/div><\/div><\/div><\/div><div class=\"elementor-repeater-item-98123f9 swiper-slide\" role=\"group\" aria-roledescription=\"slide\"><div class=\"swiper-slide-bg\"><\/div><div class=\"swiper-slide-inner\" ><div class=\"swiper-slide-contents\"><div class=\"elementor-slide-description\">De la douleur \u00e9merge quelque chose de beau : la communaut\u00e9, la compassion et la raison d'\u00eatre. <\/div><\/div><\/div><\/div><div class=\"elementor-repeater-item-b233089 swiper-slide\" role=\"group\" aria-roledescription=\"slide\"><div class=\"swiper-slide-bg\"><\/div><div class=\"swiper-slide-inner\" ><div class=\"swiper-slide-contents\"><div class=\"elementor-slide-description\">Ce film documentaire examine cette tension entre douleur et beaut\u00e9, sans exploiter la premi\u00e8re ni manipuler la seconde. Il s'agit d'une exploration honn\u00eate, brute et sans jugement de ceux qui perdent leur place, puis en cr\u00e9ent une nouvelle pour eux-m\u00eames et leur communaut\u00e9. Il s'agit de vaincre, non par la force de la volont\u00e9, mais par la puissance de l'objectif. <\/div><\/div><\/div><\/div>\t\t\t\t<\/div>\n\t\t\t\t\t\t\t\t\t\t\t\t\t\t\t\t\t\t\t\t<div class=\"swiper-pagination\"><\/div>\n\t\t\t\t\t\t\t\t\t\t\t\t<\/div>\n\t\t\t\t<\/div>\n\t\t\t\t\t\t\t\t<\/div>\n\t\t\t\t<\/div>\n\t\t\t\t<div class=\"elementor-element elementor-element-427f87c elementor--h-position-left elementor-hidden-mobile elementor--v-position-middle elementor-arrows-position-inside elementor-pagination-position-inside elementor-widget elementor-widget-slides\" data-id=\"427f87c\" data-element_type=\"widget\" data-e-type=\"widget\" data-settings=\"{&quot;navigation&quot;:&quot;both&quot;,&quot;autoplay&quot;:&quot;yes&quot;,&quot;pause_on_hover&quot;:&quot;yes&quot;,&quot;pause_on_interaction&quot;:&quot;yes&quot;,&quot;autoplay_speed&quot;:5000,&quot;infinite&quot;:&quot;yes&quot;,&quot;transition&quot;:&quot;slide&quot;,&quot;transition_speed&quot;:500}\" data-widget_type=\"slides.default\">\n\t\t\t\t<div class=\"elementor-widget-container\">\n\t\t\t\t\t\t\t\t\t<div class=\"elementor-swiper\">\n\t\t\t\t\t<div class=\"elementor-slides-wrapper elementor-main-swiper swiper\" role=\"region\" aria-roledescription=\"carousel\" aria-label=\"Diapositives\" dir=\"ltr\" data-animation=\"fadeInRight\">\n\t\t\t\t<div class=\"swiper-wrapper elementor-slides\">\n\t\t\t\t\t\t\t\t\t\t<div class=\"elementor-repeater-item-a98b09c swiper-slide\" role=\"group\" aria-roledescription=\"slide\"><div class=\"swiper-slide-bg\"><\/div><div class=\"swiper-slide-inner\" ><div class=\"swiper-slide-contents\"><div class=\"elementor-slide-description\">\u00c0 l'heure actuelle, pr\u00e8s de 110 millions de personnes dans le monde sont d\u00e9plac\u00e9es, un chiffre qui a doubl\u00e9 au cours des 20 derni\u00e8res ann\u00e9es. Plus de la moiti\u00e9 de ces personnes d\u00e9plac\u00e9es sont des femmes et des jeunes filles.<\/div><\/div><\/div><\/div><div class=\"elementor-repeater-item-81c945c swiper-slide\" role=\"group\" aria-roledescription=\"slide\"><div class=\"swiper-slide-bg\"><\/div><div class=\"swiper-slide-inner\" ><div class=\"swiper-slide-contents\"><div class=\"elementor-slide-description\">Ce film documentaire suit la vie de cinq de ces personnes, des femmes qui ont surv\u00e9cu \u00e0 la traite des \u00eatres humains, \u00e0 la guerre, \u00e0 la migration, au sans-abrisme, au ch\u00f4mage et \u00e0 bien d'autres choses encore. Aujourd'hui, elles continuent \u00e0 se battre pour la libert\u00e9, l'appartenance et la s\u00e9curit\u00e9. Elles se battent pour elles-m\u00eames et pour leur communaut\u00e9.<\/div><\/div><\/div><\/div><div class=\"elementor-repeater-item-2917fe0 swiper-slide\" role=\"group\" aria-roledescription=\"slide\"><div class=\"swiper-slide-bg\"><\/div><div class=\"swiper-slide-inner\" ><div class=\"swiper-slide-contents\"><div class=\"elementor-slide-description\">Dans les marges de la survie, la r\u00e9silience perdure. Des communaut\u00e9s se forment. De nouveaux r\u00eaves \u00e9mergent. Ceux qui ont \u00e9chapp\u00e9 au traumatisme reviennent pour aider ceux qui sont rest\u00e9s sur place.<\/div><\/div><\/div><\/div><div class=\"elementor-repeater-item-b702d03 swiper-slide\" role=\"group\" aria-roledescription=\"slide\"><div class=\"swiper-slide-bg\"><\/div><div class=\"swiper-slide-inner\" ><div class=\"swiper-slide-contents\"><div class=\"elementor-slide-description\">Une jeune fille est sauv\u00e9e du travail forc\u00e9 en Tha\u00eflande ; devenue femme, elle s'engage \u00e0 sauver d'autres jeunes filles comme elle. Un Colombien \u00e9migr\u00e9 en Am\u00e9rique retourne dans les rues de Bucaramanga pour soutenir les migrants v\u00e9n\u00e9zu\u00e9liens. Une veuve chass\u00e9e de la R\u00e9publique d\u00e9mocratique du Congo par la violence rentre chez elle pour construire avec sa communaut\u00e9. Une m\u00e8re et ses deux filles fuient la guerre en Ukraine et se construisent une nouvelle vie au Canada. Des femmes syriennes r\u00e9fugi\u00e9es au Liban forment un collectif pour d\u00e9fendre leurs int\u00e9r\u00eats et ceux des autres. <\/div><\/div><\/div><\/div><div class=\"elementor-repeater-item-98123f9 swiper-slide\" role=\"group\" aria-roledescription=\"slide\"><div class=\"swiper-slide-bg\"><\/div><div class=\"swiper-slide-inner\" ><div class=\"swiper-slide-contents\"><div class=\"elementor-slide-description\">De la douleur \u00e9merge quelque chose de beau : la communaut\u00e9, la compassion et la raison d'\u00eatre. <\/div><\/div><\/div><\/div><div class=\"elementor-repeater-item-b233089 swiper-slide\" role=\"group\" aria-roledescription=\"slide\"><div class=\"swiper-slide-bg\"><\/div><div class=\"swiper-slide-inner\" ><div class=\"swiper-slide-contents\"><div class=\"elementor-slide-description\">Ce film documentaire examine cette tension entre douleur et beaut\u00e9, sans exploiter la premi\u00e8re ni manipuler la seconde. Il s'agit d'une exploration honn\u00eate, brute et sans jugement de ceux qui perdent leur place, puis en cr\u00e9ent une nouvelle pour eux-m\u00eames et leur communaut\u00e9. Il s'agit de vaincre, non par la force de la volont\u00e9, mais par la puissance de l'objectif. <\/div><\/div><\/div><\/div>\t\t\t\t<\/div>\n\t\t\t\t\t\t\t\t\t\t\t\t\t\t\t<div class=\"elementor-swiper-button elementor-swiper-button-prev\" role=\"button\" tabindex=\"0\" aria-label=\"Diapositive pr\u00e9c\u00e9dente\">\n\t\t\t\t\t\t\t<i aria-hidden=\"true\" class=\"eicon-chevron-left\"><\/i>\t\t\t\t\t\t<\/div>\n\t\t\t\t\t\t<div class=\"elementor-swiper-button elementor-swiper-button-next\" role=\"button\" tabindex=\"0\" aria-label=\"Diapositive suivante\">\n\t\t\t\t\t\t\t<i aria-hidden=\"true\" class=\"eicon-chevron-right\"><\/i>\t\t\t\t\t\t<\/div>\n\t\t\t\t\t\t\t\t\t\t\t\t\t\t\t\t<div class=\"swiper-pagination\"><\/div>\n\t\t\t\t\t\t\t\t\t\t\t\t<\/div>\n\t\t\t\t<\/div>\n\t\t\t\t\t\t\t\t<\/div>\n\t\t\t\t<\/div>\n\t\t\t\t\t<\/div>\n\t\t<\/div>\n\t\t\t\t<div class=\"elementor-column elementor-col-50 elementor-top-column elementor-element elementor-element-df81e09\" data-id=\"df81e09\" data-element_type=\"column\" data-e-type=\"column\" data-settings=\"{&quot;background_background&quot;:&quot;classic&quot;}\">\n\t\t\t<div class=\"elementor-widget-wrap elementor-element-populated\">\n\t\t\t\t\t\t<div class=\"elementor-element elementor-element-7607f1d elementor-pagination-position-outside elementor--h-position-center elementor--v-position-middle elementor-arrows-position-inside elementor-widget elementor-widget-slides\" data-id=\"7607f1d\" data-element_type=\"widget\" data-e-type=\"widget\" data-settings=\"{&quot;navigation&quot;:&quot;both&quot;,&quot;autoplay&quot;:&quot;yes&quot;,&quot;pause_on_hover&quot;:&quot;yes&quot;,&quot;pause_on_interaction&quot;:&quot;yes&quot;,&quot;autoplay_speed&quot;:5000,&quot;infinite&quot;:&quot;yes&quot;,&quot;transition&quot;:&quot;slide&quot;,&quot;transition_speed&quot;:500}\" data-widget_type=\"slides.default\">\n\t\t\t\t<div class=\"elementor-widget-container\">\n\t\t\t\t\t\t\t\t\t<div class=\"elementor-swiper\">\n\t\t\t\t\t<div class=\"elementor-slides-wrapper elementor-main-swiper swiper\" role=\"region\" aria-roledescription=\"carousel\" aria-label=\"Diapositives\" dir=\"ltr\" data-animation=\"fadeInRight\">\n\t\t\t\t<div class=\"swiper-wrapper elementor-slides\">\n\t\t\t\t\t\t\t\t\t\t<div class=\"elementor-repeater-item-c28c638 swiper-slide\" role=\"group\" aria-roledescription=\"slide\"><div class=\"swiper-slide-bg\" role=\"img\" aria-label=\"Strangers Among You - Captures d&#039;\u00e9cran-06\"><\/div><div class=\"swiper-slide-inner\" ><div class=\"swiper-slide-contents\"><\/div><\/div><\/div><div class=\"elementor-repeater-item-7f4bdf1 swiper-slide\" role=\"group\" aria-roledescription=\"slide\"><div class=\"swiper-slide-bg\" role=\"img\" aria-label=\"Strangers Among You - Captures d&#039;\u00e9cran-22\"><\/div><div class=\"swiper-slide-inner\" ><div class=\"swiper-slide-contents\"><\/div><\/div><\/div><div class=\"elementor-repeater-item-387308c swiper-slide\" role=\"group\" aria-roledescription=\"slide\"><div class=\"swiper-slide-bg\" role=\"img\" aria-label=\"Strangers Among You - Captures d&#039;\u00e9cran-16\"><\/div><div class=\"swiper-slide-inner\" ><div class=\"swiper-slide-contents\"><\/div><\/div><\/div><div class=\"elementor-repeater-item-dd3c716 swiper-slide\" role=\"group\" aria-roledescription=\"slide\"><div class=\"swiper-slide-bg\" role=\"img\" aria-label=\"Strangers Among You - Captures d&#039;\u00e9cran-23\"><\/div><div class=\"swiper-slide-inner\" ><div class=\"swiper-slide-contents\"><\/div><\/div><\/div><div class=\"elementor-repeater-item-dd92939 swiper-slide\" role=\"group\" aria-roledescription=\"slide\"><div class=\"swiper-slide-bg\" role=\"img\" aria-label=\"Strangers Among You - Captures d&#039;\u00e9cran-10\"><\/div><div class=\"swiper-slide-inner\" ><div class=\"swiper-slide-contents\"><\/div><\/div><\/div><div class=\"elementor-repeater-item-b4ec0b7 swiper-slide\" role=\"group\" aria-roledescription=\"slide\"><div class=\"swiper-slide-bg\" role=\"img\" aria-label=\"Strangers Among You - Captures d&#039;\u00e9cran-08\"><\/div><div class=\"swiper-slide-inner\" ><div class=\"swiper-slide-contents\"><\/div><\/div><\/div><div class=\"elementor-repeater-item-3d8fe47 swiper-slide\" role=\"group\" aria-roledescription=\"slide\"><div class=\"swiper-slide-bg\" role=\"img\" aria-label=\"Strangers Among You - Captures d&#039;\u00e9cran-01\"><\/div><div class=\"swiper-slide-inner\" ><div class=\"swiper-slide-contents\"><\/div><\/div><\/div><div class=\"elementor-repeater-item-34ad117 swiper-slide\" role=\"group\" aria-roledescription=\"slide\"><div class=\"swiper-slide-bg\" role=\"img\" aria-label=\"Strangers Among You - Captures d&#039;\u00e9cran-17\"><\/div><div class=\"swiper-slide-inner\" ><div class=\"swiper-slide-contents\"><\/div><\/div><\/div><div class=\"elementor-repeater-item-97e792a swiper-slide\" role=\"group\" aria-roledescription=\"slide\"><div class=\"swiper-slide-bg\" role=\"img\" aria-label=\"Strangers Among You - Captures d&#039;\u00e9cran-04\"><\/div><div class=\"swiper-slide-inner\" ><div class=\"swiper-slide-contents\"><\/div><\/div><\/div><div class=\"elementor-repeater-item-1124613 swiper-slide\" role=\"group\" aria-roledescription=\"slide\"><div class=\"swiper-slide-bg\" role=\"img\" aria-label=\"Strangers Among You - Captures d&#039;\u00e9cran-19\"><\/div><div class=\"swiper-slide-inner\" ><div class=\"swiper-slide-contents\"><\/div><\/div><\/div><div class=\"elementor-repeater-item-9362175 swiper-slide\" role=\"group\" aria-roledescription=\"slide\"><div class=\"swiper-slide-bg\" role=\"img\" aria-label=\"Strangers Among You - Captures d&#039;\u00e9cran-18\"><\/div><div class=\"swiper-slide-inner\" ><div class=\"swiper-slide-contents\"><\/div><\/div><\/div><div class=\"elementor-repeater-item-e28b6fc swiper-slide\" role=\"group\" aria-roledescription=\"slide\"><div class=\"swiper-slide-bg\" role=\"img\" aria-label=\"Strangers Among You - Captures d&#039;\u00e9cran-12\"><\/div><div class=\"swiper-slide-inner\" ><div class=\"swiper-slide-contents\"><\/div><\/div><\/div>\t\t\t\t<\/div>\n\t\t\t\t\t\t\t\t\t\t\t\t\t\t\t<div class=\"elementor-swiper-button elementor-swiper-button-prev\" role=\"button\" tabindex=\"0\" aria-label=\"Diapositive pr\u00e9c\u00e9dente\">\n\t\t\t\t\t\t\t<i aria-hidden=\"true\" class=\"eicon-chevron-left\"><\/i>\t\t\t\t\t\t<\/div>\n\t\t\t\t\t\t<div class=\"elementor-swiper-button elementor-swiper-button-next\" role=\"button\" tabindex=\"0\" aria-label=\"Diapositive suivante\">\n\t\t\t\t\t\t\t<i aria-hidden=\"true\" class=\"eicon-chevron-right\"><\/i>\t\t\t\t\t\t<\/div>\n\t\t\t\t\t\t\t\t\t\t\t\t\t\t\t\t<div class=\"swiper-pagination\"><\/div>\n\t\t\t\t\t\t\t\t\t\t\t\t<\/div>\n\t\t\t\t<\/div>\n\t\t\t\t\t\t\t\t<\/div>\n\t\t\t\t<\/div>\n\t\t\t\t\t<\/div>\n\t\t<\/div>\n\t\t\t\t\t<\/div>\n\t\t<\/section>\n\t\t\t\t<\/div>","protected":false},"excerpt":{"rendered":"<p>Join us as we share life-changing stories from vulnerable communities, both local and global, as a network of social change-makers.<\/p>","protected":false},"author":42,"featured_media":38704,"parent":0,"menu_order":0,"comment_status":"closed","ping_status":"closed","template":"","meta":{"_acf_changed":false,"_eb_attr":"","footnotes":""},"class_list":["post-35047","page","type-page","status-publish","has-post-thumbnail","hentry"],"acf":[],"_links":{"self":[{"href":"https:\/\/adra.org\/fr\/wp-json\/wp\/v2\/pages\/35047","targetHints":{"allow":["GET"]}}],"collection":[{"href":"https:\/\/adra.org\/fr\/wp-json\/wp\/v2\/pages"}],"about":[{"href":"https:\/\/adra.org\/fr\/wp-json\/wp\/v2\/types\/page"}],"author":[{"embeddable":true,"href":"https:\/\/adra.org\/fr\/wp-json\/wp\/v2\/users\/42"}],"replies":[{"embeddable":true,"href":"https:\/\/adra.org\/fr\/wp-json\/wp\/v2\/comments?post=35047"}],"version-history":[{"count":48,"href":"https:\/\/adra.org\/fr\/wp-json\/wp\/v2\/pages\/35047\/revisions"}],"predecessor-version":[{"id":39355,"href":"https:\/\/adra.org\/fr\/wp-json\/wp\/v2\/pages\/35047\/revisions\/39355"}],"wp:featuredmedia":[{"embeddable":true,"href":"https:\/\/adra.org\/fr\/wp-json\/wp\/v2\/media\/38704"}],"wp:attachment":[{"href":"https:\/\/adra.org\/fr\/wp-json\/wp\/v2\/media?parent=35047"}],"curies":[{"name":"wp","href":"https:\/\/api.w.org\/{rel}","templated":true}]}}