{"id":28171,"date":"2023-06-30T18:12:49","date_gmt":"2023-06-30T18:12:49","guid":{"rendered":"https:\/\/adra.org\/?page_id=28171"},"modified":"2025-09-15T09:00:35","modified_gmt":"2025-09-15T09:00:35","slug":"28171-2","status":"publish","type":"page","link":"https:\/\/adra.org\/fr\/28171-2","title":{"rendered":"Co-Op Disclaimer Message"},"content":{"rendered":"<div data-elementor-type=\"wp-page\" data-elementor-id=\"28171\" class=\"elementor elementor-28171\" data-elementor-post-type=\"page\">\n\t\t\t\t\t\t<section data-particle_enable=\"false\" data-particle-mobile-disabled=\"false\" class=\"elementor-section elementor-top-section elementor-element elementor-element-50fbf7a elementor-section-boxed elementor-section-height-default elementor-section-height-default\" data-id=\"50fbf7a\" data-element_type=\"section\" data-e-type=\"section\" data-settings=\"{&quot;jet_parallax_layout_list&quot;:[]}\">\n\t\t\t\t\t\t<div class=\"elementor-container elementor-column-gap-default\">\n\t\t\t\t\t<div class=\"elementor-column elementor-col-100 elementor-top-column elementor-element elementor-element-b11856d\" data-id=\"b11856d\" data-element_type=\"column\" data-e-type=\"column\">\n\t\t\t<div class=\"elementor-widget-wrap elementor-element-populated\">\n\t\t\t\t\t\t<div class=\"elementor-element elementor-element-a394b8d elementor-widget elementor-widget-spacer\" data-id=\"a394b8d\" data-element_type=\"widget\" data-e-type=\"widget\" data-widget_type=\"spacer.default\">\n\t\t\t\t<div class=\"elementor-widget-container\">\n\t\t\t\t\t\t\t<div class=\"elementor-spacer\">\n\t\t\t<div class=\"elementor-spacer-inner\"><\/div>\n\t\t<\/div>\n\t\t\t\t\t\t<\/div>\n\t\t\t\t<\/div>\n\t\t\t\t<div class=\"elementor-element elementor-element-d880ca1 elementor-widget elementor-widget-text-editor\" data-id=\"d880ca1\" data-element_type=\"widget\" data-e-type=\"widget\" data-widget_type=\"text-editor.default\">\n\t\t\t\t<div class=\"elementor-widget-container\">\n\t\t\t\t\t\t\t\t\t<h2>Un message important pour vous<\/h2><hr \/><p><br \/>\u00c0 l'ADRA, nous sommes vraiment honor\u00e9s de votre soutien. C'est pourquoi nous voulons \u00eatre totalement transparents avec vous sur les informations que vous partagez avec nous.<\/p><p>Dans le cadre de nos efforts de collecte de fonds pour nos projets en cours, nous pouvons utiliser les donn\u00e9es relatives \u00e0 vos dons pour cr\u00e9er un mod\u00e8le (appel\u00e9 liste \u201ccoop\u00e9rative\u201d) qui nous aidera \u00e0 identifier d'autres donateurs potentiels pour ADRA. Vous pouvez en savoir plus sur nos politiques en mati\u00e8re de donn\u00e9es et sur les tiers avec lesquels nous travaillons <a href=\"https:\/\/adra.org\/fr\/policies\/\"><strong>ici<\/strong><\/a>.<\/p><p>L'utilisation du mod\u00e8le \u201ccoop\u00e9ratif\u201d nous permettra de mieux cibler les personnes qui ont \u00e0 c\u0153ur le travail que nous accomplissons, mais qui, autrement, ne conna\u00eetraient pas notre minist\u00e8re.<\/p><p>Nous esp\u00e9rons que de nombreux nouveaux amis seront incit\u00e9s - comme vous - \u00e0 apporter leur soutien financier afin que nous puissions poursuivre notre travail humanitaire et de secours dans le monde entier pour aider tous les \u00eatres humains \u00e0 vivre comme Dieu l'a voulu.<\/p><p>Aujourd'hui, nous vous demandons de bien vouloir nous faire savoir si vous souhaitez <i>pas <\/i>souhaitez que vos informations soient utilis\u00e9es de cette mani\u00e8re. Si tel est le cas, veuillez consulter notre <a href=\"https:\/\/adra.org\/fr\/about-adra\/contact\/\"><strong>nous contacter<\/strong><\/a> pour que vos informations ne soient pas partag\u00e9es.<\/p><p>Merci encore de vous associer \u00e0 ADRA pour apporter l'amour et l'espoir de Dieu \u00e0 ceux qui en ont le plus besoin.<\/p><p>Nous vous en sommes reconnaissants !<\/p>\t\t\t\t\t\t\t\t<\/div>\n\t\t\t\t<\/div>\n\t\t\t\t<div class=\"elementor-element elementor-element-7f37122 elementor-widget elementor-widget-spacer\" data-id=\"7f37122\" data-element_type=\"widget\" data-e-type=\"widget\" data-widget_type=\"spacer.default\">\n\t\t\t\t<div class=\"elementor-widget-container\">\n\t\t\t\t\t\t\t<div class=\"elementor-spacer\">\n\t\t\t<div class=\"elementor-spacer-inner\"><\/div>\n\t\t<\/div>\n\t\t\t\t\t\t<\/div>\n\t\t\t\t<\/div>\n\t\t\t\t\t<\/div>\n\t\t<\/div>\n\t\t\t\t\t<\/div>\n\t\t<\/section>\n\t\t\t\t<\/div>","protected":false},"excerpt":{"rendered":"<p>An important message for you At ADRA, we are truly honored by your support. That\u2019s why we want to be fully transparent with you about the information you share with us. As part of our efforts to raise funds for our ongoing projects, we may use your donation data to create a model (called a [&hellip;]<\/p>\n","protected":false},"author":5,"featured_media":0,"parent":0,"menu_order":0,"comment_status":"closed","ping_status":"closed","template":"","meta":{"_acf_changed":false,"_eb_attr":"","footnotes":""},"class_list":["post-28171","page","type-page","status-publish","hentry"],"acf":[],"_links":{"self":[{"href":"https:\/\/adra.org\/fr\/wp-json\/wp\/v2\/pages\/28171","targetHints":{"allow":["GET"]}}],"collection":[{"href":"https:\/\/adra.org\/fr\/wp-json\/wp\/v2\/pages"}],"about":[{"href":"https:\/\/adra.org\/fr\/wp-json\/wp\/v2\/types\/page"}],"author":[{"embeddable":true,"href":"https:\/\/adra.org\/fr\/wp-json\/wp\/v2\/users\/5"}],"replies":[{"embeddable":true,"href":"https:\/\/adra.org\/fr\/wp-json\/wp\/v2\/comments?post=28171"}],"version-history":[{"count":34,"href":"https:\/\/adra.org\/fr\/wp-json\/wp\/v2\/pages\/28171\/revisions"}],"predecessor-version":[{"id":40227,"href":"https:\/\/adra.org\/fr\/wp-json\/wp\/v2\/pages\/28171\/revisions\/40227"}],"wp:attachment":[{"href":"https:\/\/adra.org\/fr\/wp-json\/wp\/v2\/media?parent=28171"}],"curies":[{"name":"wp","href":"https:\/\/api.w.org\/{rel}","templated":true}]}}