{"id":42593,"date":"2026-01-27T01:09:28","date_gmt":"2026-01-27T01:09:28","guid":{"rendered":"https:\/\/adra.org\/?page_id=42593"},"modified":"2026-04-17T00:28:17","modified_gmt":"2026-04-17T00:28:17","slug":"starsonice","status":"publish","type":"page","link":"https:\/\/adra.org\/es\/starsonice","title":{"rendered":"Estrellas sobre hielo"},"content":{"rendered":"<div data-elementor-type=\"wp-page\" data-elementor-id=\"42593\" class=\"elementor elementor-42593\" data-elementor-post-type=\"page\">\n\t\t\t\t<div data-particle_enable=\"false\" data-particle-mobile-disabled=\"false\" class=\"elementor-element elementor-element-3812177c e-flex e-con-boxed e-con e-parent\" data-id=\"3812177c\" data-element_type=\"container\" data-e-type=\"container\" data-settings=\"{&quot;background_background&quot;:&quot;classic&quot;,&quot;jet_parallax_layout_list&quot;:[]}\">\n\t\t\t\t\t<div class=\"e-con-inner\">\n\t\t<div data-particle_enable=\"false\" data-particle-mobile-disabled=\"false\" class=\"elementor-element elementor-element-762f2f72 e-con-full animated-slow e-flex elementor-invisible e-con e-child\" data-id=\"762f2f72\" data-element_type=\"container\" data-e-type=\"container\" data-settings=\"{&quot;jet_parallax_layout_list&quot;:[],&quot;animation&quot;:&quot;fadeIn&quot;}\">\n\t\t<div data-particle_enable=\"false\" data-particle-mobile-disabled=\"false\" class=\"elementor-element elementor-element-e2091fb e-con-full e-flex e-con e-child\" data-id=\"e2091fb\" data-element_type=\"container\" data-e-type=\"container\" data-settings=\"{&quot;jet_parallax_layout_list&quot;:[]}\">\n\t\t\t\t<div class=\"elementor-element elementor-element-100225a elementor-widget elementor-widget-image\" data-id=\"100225a\" data-element_type=\"widget\" data-e-type=\"widget\" data-widget_type=\"image.default\">\n\t\t\t\t<div class=\"elementor-widget-container\">\n\t\t\t\t\t\t\t\t\t\t\t\t\t\t\t\t<a href=\"https:\/\/starsonice.com\/\" target=\"_blank\">\n\t\t\t\t\t\t\t<img fetchpriority=\"high\" decoding=\"async\" width=\"800\" height=\"377\" src=\"https:\/\/adra.org\/wp-content\/uploads\/2026\/01\/SOI-white-logo-1024x482.png\" class=\"attachment-large size-large wp-image-42664\" alt=\"\" srcset=\"https:\/\/adra.org\/wp-content\/uploads\/2026\/01\/SOI-white-logo-1024x482.png 1024w, https:\/\/adra.org\/wp-content\/uploads\/2026\/01\/SOI-white-logo-300x141.png 300w, https:\/\/adra.org\/wp-content\/uploads\/2026\/01\/SOI-white-logo-768x361.png 768w, https:\/\/adra.org\/wp-content\/uploads\/2026\/01\/SOI-white-logo-1536x722.png 1536w, https:\/\/adra.org\/wp-content\/uploads\/2026\/01\/SOI-white-logo-18x8.png 18w, https:\/\/adra.org\/wp-content\/uploads\/2026\/01\/SOI-white-logo.png 1582w\" sizes=\"(max-width: 800px) 100vw, 800px\" \/>\t\t\t\t\t\t\t\t<\/a>\n\t\t\t\t\t\t\t\t\t\t\t\t\t\t\t<\/div>\n\t\t\t\t<\/div>\n\t\t\t\t<div class=\"elementor-element elementor-element-4fe5232 elementor-widget elementor-widget-heading\" data-id=\"4fe5232\" data-element_type=\"widget\" data-e-type=\"widget\" data-widget_type=\"heading.default\">\n\t\t\t\t<div class=\"elementor-widget-container\">\n\t\t\t\t\t<h2 class=\"elementor-heading-title elementor-size-default\">X<\/h2>\t\t\t\t<\/div>\n\t\t\t\t<\/div>\n\t\t\t\t<div class=\"elementor-element elementor-element-6ad2e23 elementor-widget__width-auto elementor-widget elementor-widget-image\" data-id=\"6ad2e23\" data-element_type=\"widget\" data-e-type=\"widget\" data-widget_type=\"image.default\">\n\t\t\t\t<div class=\"elementor-widget-container\">\n\t\t\t\t\t\t\t\t\t\t\t\t\t\t\t\t<a href=\"https:\/\/adra.org\/es\/\">\n\t\t\t\t\t\t\t<img decoding=\"async\" width=\"800\" height=\"821\" src=\"https:\/\/adra.org\/wp-content\/uploads\/2025\/08\/adra-vertical-logo_wht-998x1024.png\" class=\"attachment-large size-large wp-image-39495\" alt=\"\" srcset=\"https:\/\/adra.org\/wp-content\/uploads\/2025\/08\/adra-vertical-logo_wht-998x1024.png 998w, https:\/\/adra.org\/wp-content\/uploads\/2025\/08\/adra-vertical-logo_wht-292x300.png 292w, https:\/\/adra.org\/wp-content\/uploads\/2025\/08\/adra-vertical-logo_wht-768x788.png 768w, https:\/\/adra.org\/wp-content\/uploads\/2025\/08\/adra-vertical-logo_wht.png 1169w\" sizes=\"(max-width: 800px) 100vw, 800px\" \/>\t\t\t\t\t\t\t\t<\/a>\n\t\t\t\t\t\t\t\t\t\t\t\t\t\t\t<\/div>\n\t\t\t\t<\/div>\n\t\t\t\t<\/div>\n\t\t\t\t<div class=\"elementor-element elementor-element-5ab1c1a7 elementor-widget elementor-widget-heading\" data-id=\"5ab1c1a7\" data-element_type=\"widget\" data-e-type=\"widget\" data-widget_type=\"heading.default\">\n\t\t\t\t<div class=\"elementor-widget-container\">\n\t\t\t\t\t<h2 class=\"elementor-heading-title elementor-size-default\">Stars on Ice, socio ben\u00e9fico oficial<\/h2>\t\t\t\t<\/div>\n\t\t\t\t<\/div>\n\t\t\t\t<div class=\"elementor-element elementor-element-547de478 elementor-widget elementor-widget-text-editor\" data-id=\"547de478\" data-element_type=\"widget\" data-e-type=\"widget\" data-widget_type=\"text-editor.default\">\n\t\t\t\t<div class=\"elementor-widget-container\">\n\t\t\t\t\t\t\t\t\t<p>Giras nacionales por EE.UU. 2026-27<\/p>\t\t\t\t\t\t\t\t<\/div>\n\t\t\t\t<\/div>\n\t\t\t\t<\/div>\n\t\t<div data-particle_enable=\"false\" data-particle-mobile-disabled=\"false\" class=\"elementor-element elementor-element-3113501d e-con-full elementor-hidden-mobile e-flex e-con e-child\" data-id=\"3113501d\" data-element_type=\"container\" data-e-type=\"container\" data-settings=\"{&quot;jet_parallax_layout_list&quot;:[]}\">\n\t\t\t\t<\/div>\n\t\t\t\t\t<\/div>\n\t\t\t\t<\/div>\n\t\t<div data-particle_enable=\"false\" data-particle-mobile-disabled=\"false\" class=\"elementor-element elementor-element-501e167 elementor-hidden-desktop elementor-hidden-tablet e-flex e-con-boxed e-con e-parent\" data-id=\"501e167\" data-element_type=\"container\" data-e-type=\"container\" data-settings=\"{&quot;jet_parallax_layout_list&quot;:[],&quot;animation_mobile&quot;:&quot;fadeInUp&quot;}\">\n\t\t\t\t\t<div class=\"e-con-inner\">\n\t\t\t\t<div class=\"elementor-element elementor-element-cd473ae elementor-widget elementor-widget-image\" data-id=\"cd473ae\" data-element_type=\"widget\" data-e-type=\"widget\" data-widget_type=\"image.default\">\n\t\t\t\t<div class=\"elementor-widget-container\">\n\t\t\t\t\t\t\t\t\t\t\t\t\t\t\t<img decoding=\"async\" width=\"800\" height=\"882\" src=\"https:\/\/adra.org\/wp-content\/uploads\/2026\/04\/Cropped_30012026_ADRA-International_Lebanon_Ethnovision_Carmen-Yahchouchi_38-929x1024.jpeg\" class=\"attachment-large size-large wp-image-47679\" alt=\"\" srcset=\"https:\/\/adra.org\/wp-content\/uploads\/2026\/04\/Cropped_30012026_ADRA-International_Lebanon_Ethnovision_Carmen-Yahchouchi_38-929x1024.jpeg 929w, https:\/\/adra.org\/wp-content\/uploads\/2026\/04\/Cropped_30012026_ADRA-International_Lebanon_Ethnovision_Carmen-Yahchouchi_38-272x300.jpeg 272w, https:\/\/adra.org\/wp-content\/uploads\/2026\/04\/Cropped_30012026_ADRA-International_Lebanon_Ethnovision_Carmen-Yahchouchi_38-768x847.jpeg 768w, https:\/\/adra.org\/wp-content\/uploads\/2026\/04\/Cropped_30012026_ADRA-International_Lebanon_Ethnovision_Carmen-Yahchouchi_38-1393x1536.jpeg 1393w, https:\/\/adra.org\/wp-content\/uploads\/2026\/04\/Cropped_30012026_ADRA-International_Lebanon_Ethnovision_Carmen-Yahchouchi_38-1858x2048.jpeg 1858w, https:\/\/adra.org\/wp-content\/uploads\/2026\/04\/Cropped_30012026_ADRA-International_Lebanon_Ethnovision_Carmen-Yahchouchi_38-11x12.jpeg 11w\" sizes=\"(max-width: 800px) 100vw, 800px\" \/>\t\t\t\t\t\t\t\t\t\t\t\t\t\t\t<\/div>\n\t\t\t\t<\/div>\n\t\t\t\t<div class=\"elementor-element elementor-element-c225d92 pulse-button elementor-mobile-align-center elementor-hidden-desktop elementor-hidden-tablet elementor-widget elementor-widget-button\" data-id=\"c225d92\" data-element_type=\"widget\" data-e-type=\"widget\" data-widget_type=\"button.default\">\n\t\t\t\t<div class=\"elementor-widget-container\">\n\t\t\t\t\t\t\t\t\t<div class=\"elementor-button-wrapper\">\n\t\t\t\t\t<a class=\"elementor-button elementor-button-link elementor-size-sm\" href=\"#elementor-action%3Aaction%3Dpopup%3Aopen%26settings%3DeyJpZCI6IjQ3ODIyIiwidG9nZ2xlIjpmYWxzZX0%3D\">\n\t\t\t\t\t\t<span class=\"elementor-button-content-wrapper\">\n\t\t\t\t\t\t<span class=\"elementor-button-icon\">\n\t\t\t\t<i aria-hidden=\"true\" class=\"fas fa-play\"><\/i>\t\t\t<\/span>\n\t\t\t\t\t\t\t\t<\/span>\n\t\t\t\t\t<\/a>\n\t\t\t\t<\/div>\n\t\t\t\t\t\t\t\t<\/div>\n\t\t\t\t<\/div>\n\t\t\t\t\t<\/div>\n\t\t\t\t<\/div>\n\t\t<div data-particle_enable=\"false\" data-particle-mobile-disabled=\"false\" class=\"elementor-element elementor-element-59171e7f e-flex e-con-boxed elementor-invisible e-con e-parent\" data-id=\"59171e7f\" data-element_type=\"container\" data-e-type=\"container\" data-settings=\"{&quot;jet_parallax_layout_list&quot;:[],&quot;animation&quot;:&quot;fadeInUp&quot;}\">\n\t\t\t\t\t<div class=\"e-con-inner\">\n\t\t<div data-particle_enable=\"false\" data-particle-mobile-disabled=\"false\" class=\"elementor-element elementor-element-5c04f407 e-con-full e-flex e-con e-child\" data-id=\"5c04f407\" data-element_type=\"container\" data-e-type=\"container\" data-settings=\"{&quot;jet_parallax_layout_list&quot;:[]}\">\n\t\t\t\t<div class=\"elementor-element elementor-element-10513862 elementor-widget elementor-widget-heading\" data-id=\"10513862\" data-element_type=\"widget\" data-e-type=\"widget\" data-widget_type=\"heading.default\">\n\t\t\t\t<div class=\"elementor-widget-container\">\n\t\t\t\t\t<h2 class=\"elementor-heading-title elementor-size-default\">Acerca de ADRA<\/h2>\t\t\t\t<\/div>\n\t\t\t\t<\/div>\n\t\t\t\t<div class=\"elementor-element elementor-element-7da35cdc elementor-widget elementor-widget-heading\" data-id=\"7da35cdc\" data-element_type=\"widget\" data-e-type=\"widget\" data-widget_type=\"heading.default\">\n\t\t\t\t<div class=\"elementor-widget-container\">\n\t\t\t\t\t<h2 class=\"elementor-heading-title elementor-size-default\">Donde los sue\u00f1os toman forma: en el hielo y en todo el mundo<\/h2>\t\t\t\t<\/div>\n\t\t\t\t<\/div>\n\t\t\t\t<div class=\"elementor-element elementor-element-69fed33d elementor-widget elementor-widget-text-editor\" data-id=\"69fed33d\" data-element_type=\"widget\" data-e-type=\"widget\" data-widget_type=\"text-editor.default\">\n\t\t\t\t<div class=\"elementor-widget-container\">\n\t\t\t\t\t\t\t\t\t<p>Durante d\u00e9cadas, <a href=\"https:\/\/www.starsonice.com\/\" target=\"_blank\" rel=\"noopener\"><strong>Estrellas sobre hielo<\/strong><\/a>\u00a0ha inspirado al p\u00fablico con impresionantes actuaciones que celebran la dedicaci\u00f3n, el arte y el poder de so\u00f1ar a lo grande. Ese mismo esp\u00edritu vive en el coraz\u00f3n de <a href=\"https:\/\/adra.org\/es\/\"><strong>ADRA<\/strong><\/a> labor humanitaria en todo el mundo.<\/p><p>A trav\u00e9s de esta asociaci\u00f3n especial, Stars on Ice y ADRA se unen para ayudar a hacer realidad los sue\u00f1os. Mientras los patinadores dan vida a los sue\u00f1os a trav\u00e9s del movimiento y la m\u00fasica, ADRA trabaja cada d\u00eda para ayudar a familias y comunidades a so\u00f1ar con un futuro mejor y convertir esos sue\u00f1os en realidad.<\/p>\t\t\t\t\t\t\t\t<\/div>\n\t\t\t\t<\/div>\n\t\t\t\t<\/div>\n\t\t<div data-particle_enable=\"false\" data-particle-mobile-disabled=\"false\" class=\"elementor-element elementor-element-9f7da3e e-con-full elementor-hidden-mobile animated-slow e-flex elementor-invisible e-con e-child\" data-id=\"9f7da3e\" data-element_type=\"container\" data-e-type=\"container\" data-settings=\"{&quot;jet_parallax_layout_list&quot;:[],&quot;animation&quot;:&quot;fadeInUp&quot;,&quot;animation_delay&quot;:100}\">\n\t\t\t\t<div class=\"elementor-element elementor-element-7d41814 elementor-widget elementor-widget-image\" data-id=\"7d41814\" data-element_type=\"widget\" data-e-type=\"widget\" data-widget_type=\"image.default\">\n\t\t\t\t<div class=\"elementor-widget-container\">\n\t\t\t\t\t\t\t\t\t\t\t\t\t\t\t<img decoding=\"async\" width=\"800\" height=\"882\" src=\"https:\/\/adra.org\/wp-content\/uploads\/2026\/04\/Cropped_30012026_ADRA-International_Lebanon_Ethnovision_Carmen-Yahchouchi_38-929x1024.jpeg\" class=\"attachment-large size-large wp-image-47679\" alt=\"\" srcset=\"https:\/\/adra.org\/wp-content\/uploads\/2026\/04\/Cropped_30012026_ADRA-International_Lebanon_Ethnovision_Carmen-Yahchouchi_38-929x1024.jpeg 929w, https:\/\/adra.org\/wp-content\/uploads\/2026\/04\/Cropped_30012026_ADRA-International_Lebanon_Ethnovision_Carmen-Yahchouchi_38-272x300.jpeg 272w, https:\/\/adra.org\/wp-content\/uploads\/2026\/04\/Cropped_30012026_ADRA-International_Lebanon_Ethnovision_Carmen-Yahchouchi_38-768x847.jpeg 768w, https:\/\/adra.org\/wp-content\/uploads\/2026\/04\/Cropped_30012026_ADRA-International_Lebanon_Ethnovision_Carmen-Yahchouchi_38-1393x1536.jpeg 1393w, https:\/\/adra.org\/wp-content\/uploads\/2026\/04\/Cropped_30012026_ADRA-International_Lebanon_Ethnovision_Carmen-Yahchouchi_38-1858x2048.jpeg 1858w, https:\/\/adra.org\/wp-content\/uploads\/2026\/04\/Cropped_30012026_ADRA-International_Lebanon_Ethnovision_Carmen-Yahchouchi_38-11x12.jpeg 11w\" sizes=\"(max-width: 800px) 100vw, 800px\" \/>\t\t\t\t\t\t\t\t\t\t\t\t\t\t\t<\/div>\n\t\t\t\t<\/div>\n\t\t\t\t<div class=\"elementor-element elementor-element-ff4431d pulse-button elementor-mobile-align-center elementor-hidden-mobile elementor-widget elementor-widget-button\" data-id=\"ff4431d\" data-element_type=\"widget\" data-e-type=\"widget\" data-widget_type=\"button.default\">\n\t\t\t\t<div class=\"elementor-widget-container\">\n\t\t\t\t\t\t\t\t\t<div class=\"elementor-button-wrapper\">\n\t\t\t\t\t<a class=\"elementor-button elementor-button-link elementor-size-sm\" href=\"#elementor-action%3Aaction%3Dpopup%3Aopen%26settings%3DeyJpZCI6IjQ3ODIyIiwidG9nZ2xlIjpmYWxzZX0%3D\">\n\t\t\t\t\t\t<span class=\"elementor-button-content-wrapper\">\n\t\t\t\t\t\t<span class=\"elementor-button-icon\">\n\t\t\t\t<i aria-hidden=\"true\" class=\"fas fa-play\"><\/i>\t\t\t<\/span>\n\t\t\t\t\t\t\t\t<\/span>\n\t\t\t\t\t<\/a>\n\t\t\t\t<\/div>\n\t\t\t\t\t\t\t\t<\/div>\n\t\t\t\t<\/div>\n\t\t\t\t<\/div>\n\t\t\t\t\t<\/div>\n\t\t\t\t<\/div>\n\t\t\t\t<section data-particle_enable=\"false\" data-particle-mobile-disabled=\"false\" class=\"elementor-section elementor-top-section elementor-element elementor-element-6cf31cb8 animated-fast elementor-section-boxed elementor-section-height-default elementor-section-height-default elementor-invisible\" data-id=\"6cf31cb8\" data-element_type=\"section\" data-e-type=\"section\" data-settings=\"{&quot;jet_parallax_layout_list&quot;:[],&quot;animation&quot;:&quot;fadeInUp&quot;}\">\n\t\t\t\t\t\t<div class=\"elementor-container elementor-column-gap-default\">\n\t\t\t\t\t<div class=\"elementor-column elementor-col-100 elementor-top-column elementor-element elementor-element-17cc90f2\" data-id=\"17cc90f2\" data-element_type=\"column\" data-e-type=\"column\">\n\t\t\t<div class=\"elementor-widget-wrap elementor-element-populated\">\n\t\t\t\t\t\t<div class=\"elementor-element elementor-element-39445f3 elementor-widget elementor-widget-text-editor\" data-id=\"39445f3\" data-element_type=\"widget\" data-e-type=\"widget\" data-widget_type=\"text-editor.default\">\n\t\t\t\t<div class=\"elementor-widget-container\">\n\t\t\t\t\t\t\t\t\t<p>Guiada por los valores de la justicia, la compasi\u00f3n y el amor, ADRA sirve a las personas que se enfrentan a la pobreza, el desastre, el desplazamiento y la injusticia. Desde la ayuda de emergencia y la seguridad alimentaria hasta la educaci\u00f3n y el desarrollo a largo plazo, ADRA ayuda a crear caminos hacia la dignidad, la estabilidad y la esperanza.<\/p><p>Juntos, Stars on Ice y ADRA le invitan a formar parte de algo m\u00e1s grande, donde la inspiraci\u00f3n lleva a la acci\u00f3n y donde los sue\u00f1os no terminan cuando se desvanecen los focos, sino que siguen cambiando vidas en todo el mundo.<\/p><p><a href=\"https:\/\/www.starsonice.com\/buy-tickets\" target=\"_blank\" rel=\"noopener\"><strong>Pr\u00f3ximas fechas de la gira Stars on Ice<\/strong><\/a><\/p>\t\t\t\t\t\t\t\t<\/div>\n\t\t\t\t<\/div>\n\t\t\t\t\t<\/div>\n\t\t<\/div>\n\t\t\t\t\t<\/div>\n\t\t<\/section>\n\t\t<div data-particle_enable=\"false\" data-particle-mobile-disabled=\"false\" class=\"elementor-element elementor-element-bb5e4d3 e-con-full e-flex e-con e-parent\" data-id=\"bb5e4d3\" data-element_type=\"container\" data-e-type=\"container\" data-settings=\"{&quot;jet_parallax_layout_list&quot;:[]}\">\n\t\t<div data-particle_enable=\"false\" data-particle-mobile-disabled=\"false\" class=\"elementor-element elementor-element-234076e e-con-full e-flex elementor-invisible e-con e-child\" data-id=\"234076e\" data-element_type=\"container\" data-e-type=\"container\" data-settings=\"{&quot;background_background&quot;:&quot;classic&quot;,&quot;jet_parallax_layout_list&quot;:[],&quot;animation&quot;:&quot;fadeInUp&quot;}\">\n\t\t\t\t<div class=\"elementor-element elementor-element-820baeb elementor-widget elementor-widget-spacer\" data-id=\"820baeb\" data-element_type=\"widget\" data-e-type=\"widget\" data-widget_type=\"spacer.default\">\n\t\t\t\t<div class=\"elementor-widget-container\">\n\t\t\t\t\t\t\t<div class=\"elementor-spacer\">\n\t\t\t<div class=\"elementor-spacer-inner\"><\/div>\n\t\t<\/div>\n\t\t\t\t\t\t<\/div>\n\t\t\t\t<\/div>\n\t\t\t\t<\/div>\n\t\t<div data-particle_enable=\"false\" data-particle-mobile-disabled=\"false\" class=\"elementor-element elementor-element-403422f e-con-full e-flex elementor-invisible e-con e-child\" data-id=\"403422f\" data-element_type=\"container\" data-e-type=\"container\" data-settings=\"{&quot;background_background&quot;:&quot;classic&quot;,&quot;jet_parallax_layout_list&quot;:[],&quot;animation&quot;:&quot;fadeInUp&quot;,&quot;animation_delay&quot;:100}\">\n\t\t\t\t<div class=\"elementor-element elementor-element-3343d92 elementor-widget elementor-widget-spacer\" data-id=\"3343d92\" data-element_type=\"widget\" data-e-type=\"widget\" data-widget_type=\"spacer.default\">\n\t\t\t\t<div class=\"elementor-widget-container\">\n\t\t\t\t\t\t\t<div class=\"elementor-spacer\">\n\t\t\t<div class=\"elementor-spacer-inner\"><\/div>\n\t\t<\/div>\n\t\t\t\t\t\t<\/div>\n\t\t\t\t<\/div>\n\t\t\t\t<\/div>\n\t\t<div data-particle_enable=\"false\" data-particle-mobile-disabled=\"false\" class=\"elementor-element elementor-element-97efd03 e-con-full e-flex elementor-invisible e-con e-child\" data-id=\"97efd03\" data-element_type=\"container\" data-e-type=\"container\" data-settings=\"{&quot;background_background&quot;:&quot;classic&quot;,&quot;jet_parallax_layout_list&quot;:[],&quot;animation&quot;:&quot;fadeInUp&quot;,&quot;animation_delay&quot;:200}\">\n\t\t\t\t<div class=\"elementor-element elementor-element-88bef63 elementor-widget elementor-widget-spacer\" data-id=\"88bef63\" data-element_type=\"widget\" data-e-type=\"widget\" data-widget_type=\"spacer.default\">\n\t\t\t\t<div class=\"elementor-widget-container\">\n\t\t\t\t\t\t\t<div class=\"elementor-spacer\">\n\t\t\t<div class=\"elementor-spacer-inner\"><\/div>\n\t\t<\/div>\n\t\t\t\t\t\t<\/div>\n\t\t\t\t<\/div>\n\t\t\t\t<\/div>\n\t\t\t\t<\/div>\n\t\t<div data-particle_enable=\"false\" data-particle-mobile-disabled=\"false\" class=\"elementor-element elementor-element-497df71 e-flex e-con-boxed e-con e-parent\" data-id=\"497df71\" data-element_type=\"container\" data-e-type=\"container\" data-settings=\"{&quot;background_background&quot;:&quot;classic&quot;,&quot;jet_parallax_layout_list&quot;:[]}\">\n\t\t\t\t\t<div class=\"e-con-inner\">\n\t\t\t\t<div class=\"elementor-element elementor-element-8f2c081 elementor-widget__width-auto elementor-widget elementor-widget-image\" data-id=\"8f2c081\" data-element_type=\"widget\" data-e-type=\"widget\" data-widget_type=\"image.default\">\n\t\t\t\t<div class=\"elementor-widget-container\">\n\t\t\t\t\t\t\t\t\t\t\t\t\t\t\t\t<a href=\"https:\/\/adra.org\/es\">\n\t\t\t\t\t\t\t<img loading=\"lazy\" decoding=\"async\" width=\"800\" height=\"213\" src=\"https:\/\/adra.org\/wp-content\/uploads\/2025\/05\/ADRA-Horizontal-Logo_WHT-1024x272.png\" class=\"attachment-large size-large wp-image-38661\" alt=\"\" srcset=\"https:\/\/adra.org\/wp-content\/uploads\/2025\/05\/ADRA-Horizontal-Logo_WHT-1024x272.png 1024w, https:\/\/adra.org\/wp-content\/uploads\/2025\/05\/ADRA-Horizontal-Logo_WHT-300x80.png 300w, https:\/\/adra.org\/wp-content\/uploads\/2025\/05\/ADRA-Horizontal-Logo_WHT-768x204.png 768w, https:\/\/adra.org\/wp-content\/uploads\/2025\/05\/ADRA-Horizontal-Logo_WHT.png 1200w\" sizes=\"(max-width: 800px) 100vw, 800px\" \/>\t\t\t\t\t\t\t\t<\/a>\n\t\t\t\t\t\t\t\t\t\t\t\t\t\t\t<\/div>\n\t\t\t\t<\/div>\n\t\t\t\t<div class=\"elementor-element elementor-element-59e85e5 elementor-widget elementor-widget-text-editor\" data-id=\"59e85e5\" data-element_type=\"widget\" data-e-type=\"widget\" data-widget_type=\"text-editor.default\">\n\t\t\t\t<div class=\"elementor-widget-container\">\n\t\t\t\t\t\t\t\t\t<p><a href=\"https:\/\/cloud.e.adra.org\/stars-on-ice?event_name=landing-page\">El impacto empieza aqu\u00ed: Inscr\u00edbete<\/a><\/p>\t\t\t\t\t\t\t\t<\/div>\n\t\t\t\t<\/div>\n\t\t\t\t<div class=\"elementor-element elementor-element-de7dc4a elementor-widget elementor-widget-text-editor\" data-id=\"de7dc4a\" data-element_type=\"widget\" data-e-type=\"widget\" data-widget_type=\"text-editor.default\">\n\t\t\t\t<div class=\"elementor-widget-container\">\n\t\t\t\t\t\t\t\t\t<p><a href=\"https:\/\/adra.org\/es\/\" rel=\"noopener\">Visit ADRA.org<\/a><\/p>\t\t\t\t\t\t\t\t<\/div>\n\t\t\t\t<\/div>\n\t\t\t\t\t<\/div>\n\t\t\t\t<\/div>\n\t\t\t\t<\/div>","protected":false},"excerpt":{"rendered":"<p>Donde los sue\u00f1os toman forma, \u00a1sobre el hielo y en todo el mundo! ADRA es la organizaci\u00f3n ben\u00e9fica oficial de la gira nacional de 2026-27 de Stars on Ice en Estados Unidos.<\/p>","protected":false},"author":42,"featured_media":47787,"parent":0,"menu_order":0,"comment_status":"closed","ping_status":"closed","template":"elementor_canvas","meta":{"_acf_changed":false,"_eb_attr":"","footnotes":""},"class_list":["post-42593","page","type-page","status-publish","has-post-thumbnail","hentry"],"acf":[],"_links":{"self":[{"href":"https:\/\/adra.org\/es\/wp-json\/wp\/v2\/pages\/42593","targetHints":{"allow":["GET"]}}],"collection":[{"href":"https:\/\/adra.org\/es\/wp-json\/wp\/v2\/pages"}],"about":[{"href":"https:\/\/adra.org\/es\/wp-json\/wp\/v2\/types\/page"}],"author":[{"embeddable":true,"href":"https:\/\/adra.org\/es\/wp-json\/wp\/v2\/users\/42"}],"replies":[{"embeddable":true,"href":"https:\/\/adra.org\/es\/wp-json\/wp\/v2\/comments?post=42593"}],"version-history":[{"count":168,"href":"https:\/\/adra.org\/es\/wp-json\/wp\/v2\/pages\/42593\/revisions"}],"predecessor-version":[{"id":48602,"href":"https:\/\/adra.org\/es\/wp-json\/wp\/v2\/pages\/42593\/revisions\/48602"}],"wp:featuredmedia":[{"embeddable":true,"href":"https:\/\/adra.org\/es\/wp-json\/wp\/v2\/media\/47787"}],"wp:attachment":[{"href":"https:\/\/adra.org\/es\/wp-json\/wp\/v2\/media?parent=42593"}],"curies":[{"name":"wp","href":"https:\/\/api.w.org\/{rel}","templated":true}]}}