{"id":28171,"date":"2023-06-30T18:12:49","date_gmt":"2023-06-30T18:12:49","guid":{"rendered":"https:\/\/adra.org\/?page_id=28171"},"modified":"2025-09-15T09:00:35","modified_gmt":"2025-09-15T09:00:35","slug":"28171-2","status":"publish","type":"page","link":"https:\/\/adra.org\/es\/28171-2","title":{"rendered":"Co-Op Disclaimer Message"},"content":{"rendered":"<div data-elementor-type=\"wp-page\" data-elementor-id=\"28171\" class=\"elementor elementor-28171\" data-elementor-post-type=\"page\">\n\t\t\t\t\t\t<section data-particle_enable=\"false\" data-particle-mobile-disabled=\"false\" class=\"elementor-section elementor-top-section elementor-element elementor-element-50fbf7a elementor-section-boxed elementor-section-height-default elementor-section-height-default\" data-id=\"50fbf7a\" data-element_type=\"section\" data-e-type=\"section\" data-settings=\"{&quot;jet_parallax_layout_list&quot;:[]}\">\n\t\t\t\t\t\t<div class=\"elementor-container elementor-column-gap-default\">\n\t\t\t\t\t<div class=\"elementor-column elementor-col-100 elementor-top-column elementor-element elementor-element-b11856d\" data-id=\"b11856d\" data-element_type=\"column\" data-e-type=\"column\">\n\t\t\t<div class=\"elementor-widget-wrap elementor-element-populated\">\n\t\t\t\t\t\t<div class=\"elementor-element elementor-element-a394b8d elementor-widget elementor-widget-spacer\" data-id=\"a394b8d\" data-element_type=\"widget\" data-e-type=\"widget\" data-widget_type=\"spacer.default\">\n\t\t\t\t<div class=\"elementor-widget-container\">\n\t\t\t\t\t\t\t<div class=\"elementor-spacer\">\n\t\t\t<div class=\"elementor-spacer-inner\"><\/div>\n\t\t<\/div>\n\t\t\t\t\t\t<\/div>\n\t\t\t\t<\/div>\n\t\t\t\t<div class=\"elementor-element elementor-element-d880ca1 elementor-widget elementor-widget-text-editor\" data-id=\"d880ca1\" data-element_type=\"widget\" data-e-type=\"widget\" data-widget_type=\"text-editor.default\">\n\t\t\t\t<div class=\"elementor-widget-container\">\n\t\t\t\t\t\t\t\t\t<h2>Un mensaje importante para usted<\/h2><hr \/><p><br \/>En ADRA, nos sentimos realmente honrados por su apoyo. Por eso queremos ser totalmente transparentes contigo sobre la informaci\u00f3n que compartes con nosotros.<\/p><p>Como parte de nuestros esfuerzos para recaudar fondos para nuestros proyectos en curso, podemos utilizar sus datos de donaci\u00f3n para crear un modelo (llamado lista \u201ccooperativa\u201d) que ayudar\u00e1 a identificar a otros donantes potenciales para ADRA. Puede obtener m\u00e1s informaci\u00f3n sobre nuestras pol\u00edticas de datos y los terceros con los que trabajamos <a href=\"https:\/\/adra.org\/es\/policies\/\"><strong>aqu\u00ed<\/strong><\/a>.<\/p><p>Utilizar el modelo de \u201ccooperativa\u201d nos permitir\u00e1 localizar mejor a quienes sienten inter\u00e9s por la labor que realizamos, pero que de otro modo no conocer\u00edan nuestro ministerio.<\/p><p>Nuestra esperanza es que muchos nuevos amigos se sientan motivados -como t\u00fa- a prestar su apoyo financiero para que podamos continuar nuestra labor humanitaria y de socorro en todo el mundo, con el fin de ayudar a todos a vivir como Dios manda.<\/p><p>Hoy le pedimos que nos comunique si desea <i>no <\/i>desea que su informaci\u00f3n se utilice de este modo. Si es as\u00ed, visite nuestro <a href=\"https:\/\/adra.org\/es\/about-adra\/contact\/\"><strong>Contacto<\/strong><\/a> para que no se comparta su informaci\u00f3n.<\/p><p>Gracias de nuevo por asociarse con ADRA para llegar a los m\u00e1s necesitados con el amor y la esperanza de Dios.<\/p><p>Le estamos muy agradecidos.<\/p>\t\t\t\t\t\t\t\t<\/div>\n\t\t\t\t<\/div>\n\t\t\t\t<div class=\"elementor-element elementor-element-7f37122 elementor-widget elementor-widget-spacer\" data-id=\"7f37122\" data-element_type=\"widget\" data-e-type=\"widget\" data-widget_type=\"spacer.default\">\n\t\t\t\t<div class=\"elementor-widget-container\">\n\t\t\t\t\t\t\t<div class=\"elementor-spacer\">\n\t\t\t<div class=\"elementor-spacer-inner\"><\/div>\n\t\t<\/div>\n\t\t\t\t\t\t<\/div>\n\t\t\t\t<\/div>\n\t\t\t\t\t<\/div>\n\t\t<\/div>\n\t\t\t\t\t<\/div>\n\t\t<\/section>\n\t\t\t\t<\/div>","protected":false},"excerpt":{"rendered":"<p>An important message for you At ADRA, we are truly honored by your support. That\u2019s why we want to be fully transparent with you about the information you share with us. As part of our efforts to raise funds for our ongoing projects, we may use your donation data to create a model (called a [&hellip;]<\/p>\n","protected":false},"author":5,"featured_media":0,"parent":0,"menu_order":0,"comment_status":"closed","ping_status":"closed","template":"","meta":{"_acf_changed":false,"_eb_attr":"","footnotes":""},"class_list":["post-28171","page","type-page","status-publish","hentry"],"acf":[],"_links":{"self":[{"href":"https:\/\/adra.org\/es\/wp-json\/wp\/v2\/pages\/28171","targetHints":{"allow":["GET"]}}],"collection":[{"href":"https:\/\/adra.org\/es\/wp-json\/wp\/v2\/pages"}],"about":[{"href":"https:\/\/adra.org\/es\/wp-json\/wp\/v2\/types\/page"}],"author":[{"embeddable":true,"href":"https:\/\/adra.org\/es\/wp-json\/wp\/v2\/users\/5"}],"replies":[{"embeddable":true,"href":"https:\/\/adra.org\/es\/wp-json\/wp\/v2\/comments?post=28171"}],"version-history":[{"count":34,"href":"https:\/\/adra.org\/es\/wp-json\/wp\/v2\/pages\/28171\/revisions"}],"predecessor-version":[{"id":40227,"href":"https:\/\/adra.org\/es\/wp-json\/wp\/v2\/pages\/28171\/revisions\/40227"}],"wp:attachment":[{"href":"https:\/\/adra.org\/es\/wp-json\/wp\/v2\/media?parent=28171"}],"curies":[{"name":"wp","href":"https:\/\/api.w.org\/{rel}","templated":true}]}}