{"id":25408,"date":"2023-01-09T15:34:06","date_gmt":"2023-01-09T15:34:06","guid":{"rendered":"https:\/\/adra.org\/?page_id=25408"},"modified":"2025-09-15T09:09:38","modified_gmt":"2025-09-15T09:09:38","slug":"employer-gift-matching","status":"publish","type":"page","link":"https:\/\/adra.org\/es\/employer-gift-matching","title":{"rendered":"Donaciones del empleador"},"content":{"rendered":"<div data-elementor-type=\"wp-page\" data-elementor-id=\"25408\" class=\"elementor elementor-25408\" data-elementor-post-type=\"page\">\n\t\t\t\t\t\t<section data-particle_enable=\"false\" data-particle-mobile-disabled=\"false\" class=\"elementor-section elementor-top-section elementor-element elementor-element-9a4f459 elementor-section-boxed elementor-section-height-default elementor-section-height-default\" data-id=\"9a4f459\" data-element_type=\"section\" data-e-type=\"section\" data-settings=\"{&quot;jet_parallax_layout_list&quot;:[]}\">\n\t\t\t\t\t\t<div class=\"elementor-container elementor-column-gap-default\">\n\t\t\t\t\t<div class=\"elementor-column elementor-col-100 elementor-top-column elementor-element elementor-element-3e1b176\" data-id=\"3e1b176\" data-element_type=\"column\" data-e-type=\"column\">\n\t\t\t<div class=\"elementor-widget-wrap elementor-element-populated\">\n\t\t\t\t\t\t<div class=\"elementor-element elementor-element-4ec2ead elementor--h-position-center elementor--v-position-middle elementor-arrows-position-inside elementor-pagination-position-inside elementor-widget elementor-widget-slides\" data-id=\"4ec2ead\" data-element_type=\"widget\" data-e-type=\"widget\" data-settings=\"{&quot;navigation&quot;:&quot;both&quot;,&quot;autoplay&quot;:&quot;yes&quot;,&quot;pause_on_hover&quot;:&quot;yes&quot;,&quot;pause_on_interaction&quot;:&quot;yes&quot;,&quot;autoplay_speed&quot;:5000,&quot;infinite&quot;:&quot;yes&quot;,&quot;transition&quot;:&quot;slide&quot;,&quot;transition_speed&quot;:500}\" data-widget_type=\"slides.default\">\n\t\t\t\t<div class=\"elementor-widget-container\">\n\t\t\t\t\t\t\t\t\t<div class=\"elementor-swiper\">\n\t\t\t\t\t<div class=\"elementor-slides-wrapper elementor-main-swiper swiper\" role=\"region\" aria-roledescription=\"carousel\" aria-label=\"Diapositivas\" dir=\"ltr\" data-animation=\"fadeInUp\">\n\t\t\t\t<div class=\"swiper-wrapper elementor-slides\">\n\t\t\t\t\t\t\t\t\t\t<div class=\"elementor-repeater-item-fda54dd swiper-slide\" role=\"group\" aria-roledescription=\"slide\"><div class=\"swiper-slide-bg\" role=\"img\" aria-label=\"Igualaci\u00f3n de donativos de empleados\"><\/div><div class=\"swiper-slide-inner\" ><div class=\"swiper-slide-contents\"><div class=\"elementor-slide-heading\">Donaciones del empleador<\/div><div class=\"elementor-slide-description\">A trav\u00e9s de su empresa, podr\u00eda duplicar o incluso triplicar su impacto.<\/div><\/div><\/div><\/div><div class=\"elementor-repeater-item-1465e1b swiper-slide\" role=\"group\" aria-roledescription=\"slide\"><div class=\"swiper-slide-bg\" role=\"img\" aria-label=\"Igualaci\u00f3n de donativos de empleados\"><\/div><div class=\"swiper-slide-inner\" ><div class=\"swiper-slide-contents\"><div class=\"elementor-slide-heading\">Igualaci\u00f3n de donativos de empleados<\/div><div class=\"elementor-slide-description\">A trav\u00e9s de su empresa, podr\u00eda duplicar o incluso triplicar su impacto.<\/div><\/div><\/div><\/div><div class=\"elementor-repeater-item-0e739db swiper-slide\" role=\"group\" aria-roledescription=\"slide\"><div class=\"swiper-slide-bg\" role=\"img\" aria-label=\"Aportaciones del empleador\"><\/div><div class=\"swiper-slide-inner\" ><div class=\"swiper-slide-contents\"><div class=\"elementor-slide-heading\">Igualaci\u00f3n de donativos de empleados<\/div><div class=\"elementor-slide-description\">A trav\u00e9s de su empresa, podr\u00eda duplicar o incluso triplicar su impacto.<\/div><\/div><\/div><\/div>\t\t\t\t<\/div>\n\t\t\t\t\t\t\t\t\t\t\t\t\t\t\t<div class=\"elementor-swiper-button elementor-swiper-button-prev\" role=\"button\" tabindex=\"0\" aria-label=\"Previous slide\">\n\t\t\t\t\t\t\t<i aria-hidden=\"true\" class=\"eicon-chevron-left\"><\/i>\t\t\t\t\t\t<\/div>\n\t\t\t\t\t\t<div class=\"elementor-swiper-button elementor-swiper-button-next\" role=\"button\" tabindex=\"0\" aria-label=\"Next slide\">\n\t\t\t\t\t\t\t<i aria-hidden=\"true\" class=\"eicon-chevron-right\"><\/i>\t\t\t\t\t\t<\/div>\n\t\t\t\t\t\t\t\t\t\t\t\t\t\t\t\t<div class=\"swiper-pagination\"><\/div>\n\t\t\t\t\t\t\t\t\t\t\t\t<\/div>\n\t\t\t\t<\/div>\n\t\t\t\t\t\t\t\t<\/div>\n\t\t\t\t<\/div>\n\t\t\t\t\t<\/div>\n\t\t<\/div>\n\t\t\t\t\t<\/div>\n\t\t<\/section>\n\t\t\t\t<section data-particle_enable=\"false\" data-particle-mobile-disabled=\"false\" class=\"elementor-section elementor-top-section elementor-element elementor-element-3a0def2c elementor-section-boxed elementor-section-height-default elementor-section-height-default\" data-id=\"3a0def2c\" data-element_type=\"section\" data-e-type=\"section\" data-settings=\"{&quot;jet_parallax_layout_list&quot;:[]}\">\n\t\t\t\t\t\t<div class=\"elementor-container elementor-column-gap-default\">\n\t\t\t\t\t<div class=\"elementor-column elementor-col-100 elementor-top-column elementor-element elementor-element-37c72e9f\" data-id=\"37c72e9f\" data-element_type=\"column\" data-e-type=\"column\">\n\t\t\t<div class=\"elementor-widget-wrap elementor-element-populated\">\n\t\t\t\t\t\t<div class=\"elementor-element elementor-element-3a3b9300 elementor-widget elementor-widget-text-editor\" data-id=\"3a3b9300\" data-element_type=\"widget\" data-e-type=\"widget\" data-widget_type=\"text-editor.default\">\n\t\t\t\t<div class=\"elementor-widget-container\">\n\t\t\t\t\t\t\t\t\t<h4>Usted puede aumentar dr\u00e1sticamente su impacto iniciando una donaci\u00f3n de contrapartida del empleador, que puede <u>doble<\/u> o <u>incluso triplicar su regalo<\/u> para marcar la diferencia en el mundo.<\/h4><p><b>\u00bfLo sab\u00edas?<\/b> Muchas empresas patrocinan programas de donaciones de contrapartida e igualan las aportaciones ben\u00e9ficas de sus empleados, a veces incluso de c\u00f3nyuges y jubilados.<\/p><p>Para averiguar si su empresa tiene un programa de donaciones equivalentes, introduzca el nombre de su empresa en el cuadro de b\u00fasqueda que aparece a continuaci\u00f3n. A continuaci\u00f3n, env\u00ede a su empresa el formulario de donativo de contrapartida que le han facilitado. Una vez que su empresa haya aprobado la donaci\u00f3n de contrapartida, <strong><a href=\"mailto:hello@adra.org\">informar al equipo de Atenci\u00f3n al Donante de ADRA<\/a><\/strong> que un regalo est\u00e1 en camino de su parte. Aqu\u00ed tienes algunos datos de ADRA que puede requerir tu empresa:<\/p><div><p><strong>Agencia Adventista de Desarrollo y Recursos Asistenciales (ADRA), Internacional<\/strong><\/p><\/div><div><p>12501 Old Columbia Pike<br \/>Silver Spring, Maryland 20904<\/p><\/div><div><p>Tel\u00e9fono: <strong><a href=\"tel:18004242372\">800.424.ADRA<\/a><\/strong> (2372)<br \/><strong><a href=\"mailto:hello@adra.org\">Correo electr\u00f3nico<\/a><\/strong><br \/>NIF: 52-1314847<\/p><\/div><p><strong>Busque ahora para saber si su donaci\u00f3n puede ser igualada.<\/strong> Si su empleador no aparece en nuestra herramienta de b\u00fasqueda pero desea que ADRA colabore con su organizaci\u00f3n para ofrecer un programa de emparejamiento de empleadores, env\u00ede un <strong><a href=\"mailto:hello@adra.org\">correo electr\u00f3nico <\/a><\/strong>para informarnos, nos pondremos en contacto con ellos.<\/p><p><!-- \/wp:quote --><\/p>\t\t\t\t\t\t\t\t<\/div>\n\t\t\t\t<\/div>\n\t\t\t\t\t<\/div>\n\t\t<\/div>\n\t\t\t\t\t<\/div>\n\t\t<\/section>\n\t\t\t\t<section data-particle_enable=\"false\" data-particle-mobile-disabled=\"false\" class=\"elementor-section elementor-top-section elementor-element elementor-element-b395c28 elementor-section-boxed elementor-section-height-default elementor-section-height-default\" data-id=\"b395c28\" data-element_type=\"section\" data-e-type=\"section\" data-settings=\"{&quot;jet_parallax_layout_list&quot;:[]}\">\n\t\t\t\t\t\t<div class=\"elementor-container elementor-column-gap-default\">\n\t\t\t\t\t<div class=\"elementor-column elementor-col-100 elementor-top-column elementor-element elementor-element-a2ccbaa\" data-id=\"a2ccbaa\" data-element_type=\"column\" data-e-type=\"column\">\n\t\t\t<div class=\"elementor-widget-wrap elementor-element-populated\">\n\t\t\t\t\t\t<div class=\"elementor-element elementor-element-80ad4f0 elementor-widget elementor-widget-html\" data-id=\"80ad4f0\" data-element_type=\"widget\" data-e-type=\"widget\" data-widget_type=\"html.default\">\n\t\t\t\t<div class=\"elementor-widget-container\">\n\t\t\t\t\t<iframe  src=\"https:\/\/ww2.matchinggifts.com\/BB_13287_iframe\" width=\"80%\" height=\"650\" scrolling=\"auto\" frameborder=\"0\"><\/iframe>\t\t\t\t<\/div>\n\t\t\t\t<\/div>\n\t\t\t\t\t<\/div>\n\t\t<\/div>\n\t\t\t\t\t<\/div>\n\t\t<\/section>\n\t\t\t\t<\/div>","protected":false},"excerpt":{"rendered":"<p>Employer Gift MatchingThrough your employer, you could double or even triple your impact.Employee Gift MatchingThrough your employer, you could double or even triple your impact.Employee Gift MatchingThrough your employer, you could double or even triple your impact. You can dramatically increase your impact by initiating an employer matching gift, which can double or even triple [&hellip;]<\/p>\n","protected":false},"author":1,"featured_media":0,"parent":0,"menu_order":0,"comment_status":"closed","ping_status":"closed","template":"","meta":{"_acf_changed":false,"_eb_attr":"","footnotes":""},"class_list":["post-25408","page","type-page","status-publish","hentry"],"acf":[],"_links":{"self":[{"href":"https:\/\/adra.org\/es\/wp-json\/wp\/v2\/pages\/25408","targetHints":{"allow":["GET"]}}],"collection":[{"href":"https:\/\/adra.org\/es\/wp-json\/wp\/v2\/pages"}],"about":[{"href":"https:\/\/adra.org\/es\/wp-json\/wp\/v2\/types\/page"}],"author":[{"embeddable":true,"href":"https:\/\/adra.org\/es\/wp-json\/wp\/v2\/users\/1"}],"replies":[{"embeddable":true,"href":"https:\/\/adra.org\/es\/wp-json\/wp\/v2\/comments?post=25408"}],"version-history":[{"count":80,"href":"https:\/\/adra.org\/es\/wp-json\/wp\/v2\/pages\/25408\/revisions"}],"predecessor-version":[{"id":40230,"href":"https:\/\/adra.org\/es\/wp-json\/wp\/v2\/pages\/25408\/revisions\/40230"}],"wp:attachment":[{"href":"https:\/\/adra.org\/es\/wp-json\/wp\/v2\/media?parent=25408"}],"curies":[{"name":"wp","href":"https:\/\/api.w.org\/{rel}","templated":true}]}}