{"id":44852,"date":"2026-03-06T05:52:58","date_gmt":"2026-03-06T05:52:58","guid":{"rendered":"https:\/\/adra.org\/?page_id=44852"},"modified":"2026-03-12T06:15:34","modified_gmt":"2026-03-12T06:15:34","slug":"ukraine-hope-continues","status":"publish","type":"page","link":"https:\/\/adra.org\/de\/ukraine-hope-continues","title":{"rendered":"Die Hoffnung in der Ukraine geht weiter"},"content":{"rendered":"<div data-elementor-type=\"wp-page\" data-elementor-id=\"44852\" class=\"elementor elementor-44852\" data-elementor-post-type=\"page\">\n\t\t\t\t<div data-particle_enable=\"false\" data-particle-mobile-disabled=\"false\" class=\"elementor-element elementor-element-02bddd0 e-flex e-con-boxed e-con e-parent\" data-id=\"02bddd0\" data-element_type=\"container\" data-e-type=\"container\" data-settings=\"{&quot;background_background&quot;:&quot;classic&quot;,&quot;jet_parallax_layout_list&quot;:[]}\">\n\t\t\t\t\t<div class=\"e-con-inner\">\n\t\t\t\t<div class=\"elementor-element elementor-element-0180076 elementor-widget elementor-widget-video\" data-id=\"0180076\" data-element_type=\"widget\" data-e-type=\"widget\" data-settings=\"{&quot;video_type&quot;:&quot;vimeo&quot;,&quot;show_image_overlay&quot;:&quot;yes&quot;,&quot;image_overlay&quot;:{&quot;url&quot;:&quot;https:\\\/\\\/adra.org\\\/wp-content\\\/uploads\\\/2026\\\/03\\\/Ukraine-Hope-Continues-FI.png&quot;,&quot;id&quot;:44853,&quot;size&quot;:&quot;&quot;,&quot;alt&quot;:&quot;A young Ukrainian girl with blonde hair in winter clothing looks down at a lit candle using her hand to block wind from blowing it out in a temporary shelter tent.&quot;,&quot;source&quot;:&quot;library&quot;}}\" data-widget_type=\"video.default\">\n\t\t\t\t<div class=\"elementor-widget-container\">\n\t\t\t\t\t\t\t<div class=\"elementor-wrapper elementor-open-inline\">\n\t\t\t<iframe class=\"elementor-video-iframe\" allowfullscreen allow=\"clipboard-write\" title=\"vimeo Video Player\" src=\"https:\/\/player.vimeo.com\/video\/1171962611?color&amp;autopause=0&amp;loop=0&amp;muted=0&amp;title=1&amp;portrait=1&amp;byline=1&amp;h=39ee8bd589#t=\"><\/iframe>\t\t\t\t<div class=\"elementor-custom-embed-image-overlay\" style=\"background-image: url(https:\/\/adra.org\/wp-content\/uploads\/2026\/03\/Ukraine-Hope-Continues-FI.png);\">\n\t\t\t\t\t\t\t\t\t\t\t\t\t\t\t\t<div class=\"elementor-custom-embed-play\" role=\"button\" aria-label=\"Play Video about Ein junges ukrainisches M\u00e4dchen mit blondem Haar in Winterkleidung schaut auf eine brennende Kerze, die sie mit der Hand vor dem Ausblasen durch den Wind in einem provisorischen Schutzzelt sch\u00fctzt.\" tabindex=\"0\">\n\t\t\t\t\t\t\t<i aria-hidden=\"true\" class=\"eicon-play\"><\/i>\t\t\t\t\t\t<\/div>\n\t\t\t\t\t\t\t\t\t<\/div>\n\t\t\t\t\t<\/div>\n\t\t\t\t\t\t<\/div>\n\t\t\t\t<\/div>\n\t\t\t\t<div class=\"elementor-element elementor-element-f11844d elementor-widget elementor-widget-heading\" data-id=\"f11844d\" data-element_type=\"widget\" data-e-type=\"widget\" data-widget_type=\"heading.default\">\n\t\t\t\t<div class=\"elementor-widget-container\">\n\t\t\t\t\t<h2 class=\"elementor-heading-title elementor-size-default\">Sie haben der Ukraine Hoffnung gebracht - sehen Sie Ihre Wirkung<\/h2>\t\t\t\t<\/div>\n\t\t\t\t<\/div>\n\t\t\t\t<div class=\"elementor-element elementor-element-76da179 elementor-widget elementor-widget-text-editor\" data-id=\"76da179\" data-element_type=\"widget\" data-e-type=\"widget\" data-widget_type=\"text-editor.default\">\n\t\t\t\t<div class=\"elementor-widget-container\">\n\t\t\t\t\t\t\t\t\t<p>Sie haben der Ukraine geholfen, vier Jahre des Konflikts zu \u00fcberstehen. Sehen Sie, wie Ihre Unterst\u00fctzung Leben rettet ... und wie Sie noch heute Hoffnung und dringend ben\u00f6tigte Hilfe bringen k\u00f6nnen.<\/p>\t\t\t\t\t\t\t\t<\/div>\n\t\t\t\t<\/div>\n\t\t\t\t<div class=\"elementor-element elementor-element-875d8b2 elementor-align-center elementor-mobile-align-left elementor-widget elementor-widget-button\" data-id=\"875d8b2\" data-element_type=\"widget\" data-e-type=\"widget\" data-widget_type=\"button.default\">\n\t\t\t\t<div class=\"elementor-widget-container\">\n\t\t\t\t\t\t\t\t\t<div class=\"elementor-button-wrapper\">\n\t\t\t\t\t<a class=\"elementor-button elementor-button-link elementor-size-sm\" href=\"https:\/\/give.adra.org\/site\/Donation2?mfc_pref=T&#038;5800.donation=form1&#038;df_id=5800&#038;s_src=26PC02EMLP01&#038;s_subsrc=1592_2026PERSCPGN2\">\n\t\t\t\t\t\t<span class=\"elementor-button-content-wrapper\">\n\t\t\t\t\t\t\t\t\t<span class=\"elementor-button-text\">Jetzt geben<\/span>\n\t\t\t\t\t<\/span>\n\t\t\t\t\t<\/a>\n\t\t\t\t<\/div>\n\t\t\t\t\t\t\t\t<\/div>\n\t\t\t\t<\/div>\n\t\t\t\t\t<\/div>\n\t\t\t\t<\/div>\n\t\t\t\t<\/div>","protected":false},"excerpt":{"rendered":"<p>Sehen Sie, wie Ihre Unterst\u00fctzung den Menschen in der Ukraine geholfen hat, vier Jahre des Konflikts zu \u00fcberstehen - und wie Sie weiterhin helfen k\u00f6nnen. .<\/p>","protected":false},"author":1,"featured_media":44853,"parent":0,"menu_order":0,"comment_status":"closed","ping_status":"closed","template":"","meta":{"_acf_changed":false,"_eb_attr":"","footnotes":""},"class_list":["post-44852","page","type-page","status-publish","has-post-thumbnail","hentry"],"acf":[],"_links":{"self":[{"href":"https:\/\/adra.org\/de\/wp-json\/wp\/v2\/pages\/44852","targetHints":{"allow":["GET"]}}],"collection":[{"href":"https:\/\/adra.org\/de\/wp-json\/wp\/v2\/pages"}],"about":[{"href":"https:\/\/adra.org\/de\/wp-json\/wp\/v2\/types\/page"}],"author":[{"embeddable":true,"href":"https:\/\/adra.org\/de\/wp-json\/wp\/v2\/users\/1"}],"replies":[{"embeddable":true,"href":"https:\/\/adra.org\/de\/wp-json\/wp\/v2\/comments?post=44852"}],"version-history":[{"count":12,"href":"https:\/\/adra.org\/de\/wp-json\/wp\/v2\/pages\/44852\/revisions"}],"predecessor-version":[{"id":45220,"href":"https:\/\/adra.org\/de\/wp-json\/wp\/v2\/pages\/44852\/revisions\/45220"}],"wp:featuredmedia":[{"embeddable":true,"href":"https:\/\/adra.org\/de\/wp-json\/wp\/v2\/media\/44853"}],"wp:attachment":[{"href":"https:\/\/adra.org\/de\/wp-json\/wp\/v2\/media?parent=44852"}],"curies":[{"name":"wp","href":"https:\/\/api.w.org\/{rel}","templated":true}]}}