{"id":35047,"date":"2024-08-21T10:02:05","date_gmt":"2024-08-21T10:02:05","guid":{"rendered":"https:\/\/adra.org\/?page_id=35047"},"modified":"2025-08-07T12:06:07","modified_gmt":"2025-08-07T12:06:07","slug":"strangersamongyou","status":"publish","type":"page","link":"https:\/\/adra.org\/de\/strangersamongyou","title":{"rendered":"Fremde unter euch"},"content":{"rendered":"<div data-elementor-type=\"wp-page\" data-elementor-id=\"35047\" class=\"elementor elementor-35047\" data-elementor-post-type=\"page\">\n\t\t\t\t<div data-particle_enable=\"false\" data-particle-mobile-disabled=\"false\" class=\"elementor-element elementor-element-1b6c4f6 e-flex e-con-boxed e-con e-parent\" data-id=\"1b6c4f6\" data-element_type=\"container\" data-e-type=\"container\" data-settings=\"{&quot;background_background&quot;:&quot;classic&quot;,&quot;jet_parallax_layout_list&quot;:[]}\">\n\t\t\t\t\t<div class=\"e-con-inner\">\n\t\t\t\t<div class=\"elementor-element elementor-element-a510f2c elementor-widget elementor-widget-video\" data-id=\"a510f2c\" data-element_type=\"widget\" data-e-type=\"widget\" data-settings=\"{&quot;youtube_url&quot;:&quot;https:\\\/\\\/www.youtube.com\\\/watch?v=_glxcT5tI3c&quot;,&quot;video_type&quot;:&quot;youtube&quot;,&quot;controls&quot;:&quot;yes&quot;}\" data-widget_type=\"video.default\">\n\t\t\t\t<div class=\"elementor-widget-container\">\n\t\t\t\t\t\t\t<div class=\"elementor-wrapper elementor-open-inline\">\n\t\t\t<div class=\"elementor-video\"><\/div>\t\t<\/div>\n\t\t\t\t\t\t<\/div>\n\t\t\t\t<\/div>\n\t\t\t\t\t<\/div>\n\t\t\t\t<\/div>\n\t\t\t\t<section data-particle_enable=\"false\" data-particle-mobile-disabled=\"false\" class=\"elementor-section elementor-top-section elementor-element elementor-element-9fb870d elementor-section-boxed elementor-section-height-default elementor-section-height-default\" data-id=\"9fb870d\" data-element_type=\"section\" data-e-type=\"section\" data-settings=\"{&quot;background_background&quot;:&quot;classic&quot;,&quot;jet_parallax_layout_list&quot;:[]}\">\n\t\t\t\t\t\t<div class=\"elementor-container elementor-column-gap-default\">\n\t\t\t\t\t<div class=\"elementor-column elementor-col-100 elementor-top-column elementor-element elementor-element-46216a6\" data-id=\"46216a6\" data-element_type=\"column\" data-e-type=\"column\">\n\t\t\t<div class=\"elementor-widget-wrap elementor-element-populated\">\n\t\t\t\t\t\t<div class=\"elementor-element elementor-element-c22a75c elementor-widget elementor-widget-spacer\" data-id=\"c22a75c\" data-element_type=\"widget\" data-e-type=\"widget\" data-widget_type=\"spacer.default\">\n\t\t\t\t<div class=\"elementor-widget-container\">\n\t\t\t\t\t\t\t<div class=\"elementor-spacer\">\n\t\t\t<div class=\"elementor-spacer-inner\"><\/div>\n\t\t<\/div>\n\t\t\t\t\t\t<\/div>\n\t\t\t\t<\/div>\n\t\t\t\t<div class=\"elementor-element elementor-element-5d18c32 elementor-widget elementor-widget-heading\" data-id=\"5d18c32\" data-element_type=\"widget\" data-e-type=\"widget\" data-widget_type=\"heading.default\">\n\t\t\t\t<div class=\"elementor-widget-container\">\n\t\t\t\t\t<h2 class=\"elementor-heading-title elementor-size-default\">Ein Dokumentarfilm von ADRA International<\/h2>\t\t\t\t<\/div>\n\t\t\t\t<\/div>\n\t\t\t\t<div class=\"elementor-element elementor-element-3d407e8 elementor-widget elementor-widget-heading\" data-id=\"3d407e8\" data-element_type=\"widget\" data-e-type=\"widget\" data-widget_type=\"heading.default\">\n\t\t\t\t<div class=\"elementor-widget-container\">\n\t\t\t\t\t<h2 class=\"elementor-heading-title elementor-size-default\">Fremde unter euch<\/h2>\t\t\t\t<\/div>\n\t\t\t\t<\/div>\n\t\t\t\t<div class=\"elementor-element elementor-element-abd3c49 elementor-widget elementor-widget-spacer\" data-id=\"abd3c49\" data-element_type=\"widget\" data-e-type=\"widget\" data-widget_type=\"spacer.default\">\n\t\t\t\t<div class=\"elementor-widget-container\">\n\t\t\t\t\t\t\t<div class=\"elementor-spacer\">\n\t\t\t<div class=\"elementor-spacer-inner\"><\/div>\n\t\t<\/div>\n\t\t\t\t\t\t<\/div>\n\t\t\t\t<\/div>\n\t\t\t\t<div class=\"elementor-element elementor-element-f355f8f elementor-widget elementor-widget-text-editor\" data-id=\"f355f8f\" data-element_type=\"widget\" data-e-type=\"widget\" data-widget_type=\"text-editor.default\">\n\t\t\t\t<div class=\"elementor-widget-container\">\n\t\t\t\t\t\t\t\t\t<p>Sie sind vor Krieg, Verfolgung und Katastrophen geflohen - nur um sich einem tieferen Kampf zu stellen: wahrhaft gesehen zu werden.<\/p><p><strong><em>Fremde unter euch<\/em><\/strong>\u00a0ist ein fesselnder neuer Dokumentarfilm von ADRA International, der das Leben von Fl\u00fcchtlingen, Migranten, Staatenlosen und Binnenfl\u00fcchtlingen beleuchtet. Gefilmt in Kolumbien, dem Libanon, der Demokratischen Republik Kongo, Kanada und Thailand, zeigt diese globale Reise die menschlichen Geschichten hinter den Schlagzeilen.<\/p><p>Durch aussagekr\u00e4ftige Interviews, intime Erz\u00e4hlungen und unvergessliche Bilder fordert uns dieser auf dem Glauben basierende Dokumentarfilm dazu auf, \u00fcber Grenzen und Etiketten hinwegzusehen und das Heilige in jedem Fremden zu sehen. Ausgehend von den tiefen christlichen Wurzeln erinnert uns der Film daran, dass viele biblische Helden - Abraham, Rut, sogar Jesus - einst vertrieben wurden.<\/p><p>Dies ist nicht nur ein Film \u00fcber Migration. Er ist ein Aufruf zum Handeln - eine Erinnerung daran, dass\u00a0<strong>W\u00fcrde, Mitgef\u00fchl und Hoffnung<\/strong>\u00a0muss unsere Reaktion auf die Schw\u00e4chsten unter uns bestimmen.<\/p><p>Denn hinter jeder Reise steht ein Mensch, der sich danach sehnt, dazuzugeh\u00f6ren.<br \/>Denn den Fremden zu lieben ist mehr als ein Wert - es ist ein Gebot.<\/p>\t\t\t\t\t\t\t\t<\/div>\n\t\t\t\t<\/div>\n\t\t\t\t\t<\/div>\n\t\t<\/div>\n\t\t\t\t\t<\/div>\n\t\t<\/section>\n\t\t\t\t<section data-particle_enable=\"false\" data-particle-mobile-disabled=\"false\" class=\"elementor-section elementor-top-section elementor-element elementor-element-816df06 elementor-section-height-min-height elementor-section-boxed elementor-section-height-default elementor-section-items-middle\" data-id=\"816df06\" data-element_type=\"section\" data-e-type=\"section\" data-settings=\"{&quot;background_background&quot;:&quot;classic&quot;,&quot;jet_parallax_layout_list&quot;:[]}\">\n\t\t\t\t\t\t<div class=\"elementor-container elementor-column-gap-default\">\n\t\t\t\t\t<div class=\"elementor-column elementor-col-50 elementor-top-column elementor-element elementor-element-b5ce075\" data-id=\"b5ce075\" data-element_type=\"column\" data-e-type=\"column\">\n\t\t\t<div class=\"elementor-widget-wrap elementor-element-populated\">\n\t\t\t\t\t\t<div class=\"elementor-element elementor-element-0351146 elementor-widget elementor-widget-heading\" data-id=\"0351146\" data-element_type=\"widget\" data-e-type=\"widget\" data-widget_type=\"heading.default\">\n\t\t\t\t<div class=\"elementor-widget-container\">\n\t\t\t\t\t<h2 class=\"elementor-heading-title elementor-size-default\">Hinter den Kulissen<\/h2>\t\t\t\t<\/div>\n\t\t\t\t<\/div>\n\t\t\t\t<div class=\"elementor-element elementor-element-9358644 elementor--h-position-left elementor-hidden-desktop elementor-hidden-tablet elementor--v-position-middle elementor-pagination-position-inside elementor-widget elementor-widget-slides\" data-id=\"9358644\" data-element_type=\"widget\" data-e-type=\"widget\" data-settings=\"{&quot;navigation&quot;:&quot;dots&quot;,&quot;autoplay&quot;:&quot;yes&quot;,&quot;pause_on_hover&quot;:&quot;yes&quot;,&quot;pause_on_interaction&quot;:&quot;yes&quot;,&quot;autoplay_speed&quot;:5000,&quot;infinite&quot;:&quot;yes&quot;,&quot;transition&quot;:&quot;slide&quot;,&quot;transition_speed&quot;:500}\" data-widget_type=\"slides.default\">\n\t\t\t\t<div class=\"elementor-widget-container\">\n\t\t\t\t\t\t\t\t\t<div class=\"elementor-swiper\">\n\t\t\t\t\t<div class=\"elementor-slides-wrapper elementor-main-swiper swiper\" role=\"region\" aria-roledescription=\"carousel\" aria-label=\"Folien\" dir=\"ltr\" data-animation=\"fadeInRight\">\n\t\t\t\t<div class=\"swiper-wrapper elementor-slides\">\n\t\t\t\t\t\t\t\t\t\t<div class=\"elementor-repeater-item-a98b09c swiper-slide\" role=\"group\" aria-roledescription=\"slide\"><div class=\"swiper-slide-bg\"><\/div><div class=\"swiper-slide-inner\" ><div class=\"swiper-slide-contents\"><div class=\"elementor-slide-description\">Gegenw\u00e4rtig sind weltweit fast 110 Millionen Menschen auf der Flucht, eine Zahl, die sich in den letzten 20 Jahren verdoppelt hat. Mehr als die H\u00e4lfte der Vertriebenen sind Frauen und M\u00e4dchen.<\/div><\/div><\/div><\/div><div class=\"elementor-repeater-item-81c945c swiper-slide\" role=\"group\" aria-roledescription=\"slide\"><div class=\"swiper-slide-bg\"><\/div><div class=\"swiper-slide-inner\" ><div class=\"swiper-slide-contents\"><div class=\"elementor-slide-description\">Dieser Dokumentarfilm verfolgt das Leben von f\u00fcnf dieser Frauen, die Menschenhandel, Krieg, Migration, Obdachlosigkeit, Arbeitslosigkeit und vieles mehr \u00fcberlebt haben. Heute k\u00e4mpfen sie weiter um Freiheit, Zugeh\u00f6rigkeit und Sicherheit. Sie k\u00e4mpfen f\u00fcr sich selbst, und sie k\u00e4mpfen f\u00fcr ihre Gemeinschaft.<\/div><\/div><\/div><\/div><div class=\"elementor-repeater-item-2917fe0 swiper-slide\" role=\"group\" aria-roledescription=\"slide\"><div class=\"swiper-slide-bg\"><\/div><div class=\"swiper-slide-inner\" ><div class=\"swiper-slide-contents\"><div class=\"elementor-slide-description\">Am Rande des \u00dcberlebens \u00fcberdauert die Widerstandsf\u00e4higkeit. Es bilden sich Gemeinschaften. Es entstehen neue Tr\u00e4ume. Diejenigen, die dem Trauma entkommen sind, kehren zur\u00fcck, um den Zur\u00fcckgebliebenen zu helfen.<\/div><\/div><\/div><\/div><div class=\"elementor-repeater-item-b702d03 swiper-slide\" role=\"group\" aria-roledescription=\"slide\"><div class=\"swiper-slide-bg\"><\/div><div class=\"swiper-slide-inner\" ><div class=\"swiper-slide-contents\"><div class=\"elementor-slide-description\">Ein M\u00e4dchen wird vor der Zwangsarbeit in Thailand gerettet; als Frau verpflichtet sie sich, andere M\u00e4dchen wie sie zu retten. Ein kolumbianischer Emigrant in Amerika kehrt auf die Stra\u00dfen von Bucaramanga zur\u00fcck, um venezolanische Migranten zu unterst\u00fctzen. Eine Witwe, die durch Gewalt aus der Demokratischen Republik Kongo vertrieben wurde, kehrt nach Hause zur\u00fcck, um mit ihrer Gemeinschaft ein Haus aufzubauen. Eine Mutter und ihre beiden T\u00f6chter fliehen vor dem Krieg in der Ukraine und versuchen, sich in Kanada ein neues Leben aufzubauen. Syrische Frauen, die als Fl\u00fcchtlinge im Libanon leben, bilden ein Kollektiv, um sich f\u00fcr sich und andere einzusetzen. <\/div><\/div><\/div><\/div><div class=\"elementor-repeater-item-98123f9 swiper-slide\" role=\"group\" aria-roledescription=\"slide\"><div class=\"swiper-slide-bg\"><\/div><div class=\"swiper-slide-inner\" ><div class=\"swiper-slide-contents\"><div class=\"elementor-slide-description\">Aus dem Schmerz entsteht etwas Sch\u00f6nes: Gemeinschaft, Mitgef\u00fchl und Sinn. <\/div><\/div><\/div><\/div><div class=\"elementor-repeater-item-b233089 swiper-slide\" role=\"group\" aria-roledescription=\"slide\"><div class=\"swiper-slide-bg\"><\/div><div class=\"swiper-slide-inner\" ><div class=\"swiper-slide-contents\"><div class=\"elementor-slide-description\">Dieser Dokumentarfilm untersucht diese Spannung zwischen Schmerz und Sch\u00f6nheit, ohne das Erstere auszunutzen oder das Letztere zu manipulieren. Er ist eine ehrliche, unverf\u00e4lschte und vorurteilsfreie Erkundung derjenigen, die ihren Platz verlieren und dann einen neuen Platz f\u00fcr sich und ihre Gemeinschaft schaffen. Es geht um \u00dcberwindung, nicht durch Willenskraft, sondern durch die Kraft der Absicht. <\/div><\/div><\/div><\/div>\t\t\t\t<\/div>\n\t\t\t\t\t\t\t\t\t\t\t\t\t\t\t\t\t\t\t\t<div class=\"swiper-pagination\"><\/div>\n\t\t\t\t\t\t\t\t\t\t\t\t<\/div>\n\t\t\t\t<\/div>\n\t\t\t\t\t\t\t\t<\/div>\n\t\t\t\t<\/div>\n\t\t\t\t<div class=\"elementor-element elementor-element-427f87c elementor--h-position-left elementor-hidden-mobile elementor--v-position-middle elementor-arrows-position-inside elementor-pagination-position-inside elementor-widget elementor-widget-slides\" data-id=\"427f87c\" data-element_type=\"widget\" data-e-type=\"widget\" data-settings=\"{&quot;navigation&quot;:&quot;both&quot;,&quot;autoplay&quot;:&quot;yes&quot;,&quot;pause_on_hover&quot;:&quot;yes&quot;,&quot;pause_on_interaction&quot;:&quot;yes&quot;,&quot;autoplay_speed&quot;:5000,&quot;infinite&quot;:&quot;yes&quot;,&quot;transition&quot;:&quot;slide&quot;,&quot;transition_speed&quot;:500}\" data-widget_type=\"slides.default\">\n\t\t\t\t<div class=\"elementor-widget-container\">\n\t\t\t\t\t\t\t\t\t<div class=\"elementor-swiper\">\n\t\t\t\t\t<div class=\"elementor-slides-wrapper elementor-main-swiper swiper\" role=\"region\" aria-roledescription=\"carousel\" aria-label=\"Folien\" dir=\"ltr\" data-animation=\"fadeInRight\">\n\t\t\t\t<div class=\"swiper-wrapper elementor-slides\">\n\t\t\t\t\t\t\t\t\t\t<div class=\"elementor-repeater-item-a98b09c swiper-slide\" role=\"group\" aria-roledescription=\"slide\"><div class=\"swiper-slide-bg\"><\/div><div class=\"swiper-slide-inner\" ><div class=\"swiper-slide-contents\"><div class=\"elementor-slide-description\">Gegenw\u00e4rtig sind weltweit fast 110 Millionen Menschen auf der Flucht, eine Zahl, die sich in den letzten 20 Jahren verdoppelt hat. Mehr als die H\u00e4lfte der Vertriebenen sind Frauen und M\u00e4dchen.<\/div><\/div><\/div><\/div><div class=\"elementor-repeater-item-81c945c swiper-slide\" role=\"group\" aria-roledescription=\"slide\"><div class=\"swiper-slide-bg\"><\/div><div class=\"swiper-slide-inner\" ><div class=\"swiper-slide-contents\"><div class=\"elementor-slide-description\">Dieser Dokumentarfilm verfolgt das Leben von f\u00fcnf dieser Frauen, die Menschenhandel, Krieg, Migration, Obdachlosigkeit, Arbeitslosigkeit und vieles mehr \u00fcberlebt haben. Heute k\u00e4mpfen sie weiter um Freiheit, Zugeh\u00f6rigkeit und Sicherheit. Sie k\u00e4mpfen f\u00fcr sich selbst, und sie k\u00e4mpfen f\u00fcr ihre Gemeinschaft.<\/div><\/div><\/div><\/div><div class=\"elementor-repeater-item-2917fe0 swiper-slide\" role=\"group\" aria-roledescription=\"slide\"><div class=\"swiper-slide-bg\"><\/div><div class=\"swiper-slide-inner\" ><div class=\"swiper-slide-contents\"><div class=\"elementor-slide-description\">Am Rande des \u00dcberlebens \u00fcberdauert die Widerstandsf\u00e4higkeit. Es bilden sich Gemeinschaften. Es entstehen neue Tr\u00e4ume. Diejenigen, die dem Trauma entkommen sind, kehren zur\u00fcck, um den Zur\u00fcckgebliebenen zu helfen.<\/div><\/div><\/div><\/div><div class=\"elementor-repeater-item-b702d03 swiper-slide\" role=\"group\" aria-roledescription=\"slide\"><div class=\"swiper-slide-bg\"><\/div><div class=\"swiper-slide-inner\" ><div class=\"swiper-slide-contents\"><div class=\"elementor-slide-description\">Ein M\u00e4dchen wird vor der Zwangsarbeit in Thailand gerettet; als Frau verpflichtet sie sich, andere M\u00e4dchen wie sie zu retten. Ein kolumbianischer Emigrant in Amerika kehrt auf die Stra\u00dfen von Bucaramanga zur\u00fcck, um venezolanische Migranten zu unterst\u00fctzen. Eine Witwe, die durch Gewalt aus der Demokratischen Republik Kongo vertrieben wurde, kehrt nach Hause zur\u00fcck, um mit ihrer Gemeinschaft ein Haus aufzubauen. Eine Mutter und ihre beiden T\u00f6chter fliehen vor dem Krieg in der Ukraine und versuchen, sich in Kanada ein neues Leben aufzubauen. Syrische Frauen, die als Fl\u00fcchtlinge im Libanon leben, bilden ein Kollektiv, um sich f\u00fcr sich und andere einzusetzen. <\/div><\/div><\/div><\/div><div class=\"elementor-repeater-item-98123f9 swiper-slide\" role=\"group\" aria-roledescription=\"slide\"><div class=\"swiper-slide-bg\"><\/div><div class=\"swiper-slide-inner\" ><div class=\"swiper-slide-contents\"><div class=\"elementor-slide-description\">Aus dem Schmerz entsteht etwas Sch\u00f6nes: Gemeinschaft, Mitgef\u00fchl und Sinn. <\/div><\/div><\/div><\/div><div class=\"elementor-repeater-item-b233089 swiper-slide\" role=\"group\" aria-roledescription=\"slide\"><div class=\"swiper-slide-bg\"><\/div><div class=\"swiper-slide-inner\" ><div class=\"swiper-slide-contents\"><div class=\"elementor-slide-description\">Dieser Dokumentarfilm untersucht diese Spannung zwischen Schmerz und Sch\u00f6nheit, ohne das Erstere auszunutzen oder das Letztere zu manipulieren. Er ist eine ehrliche, unverf\u00e4lschte und vorurteilsfreie Erkundung derjenigen, die ihren Platz verlieren und dann einen neuen Platz f\u00fcr sich und ihre Gemeinschaft schaffen. Es geht um \u00dcberwindung, nicht durch Willenskraft, sondern durch die Kraft der Absicht. <\/div><\/div><\/div><\/div>\t\t\t\t<\/div>\n\t\t\t\t\t\t\t\t\t\t\t\t\t\t\t<div class=\"elementor-swiper-button elementor-swiper-button-prev\" role=\"button\" tabindex=\"0\" aria-label=\"Vorheriges Dia\">\n\t\t\t\t\t\t\t<i aria-hidden=\"true\" class=\"eicon-chevron-left\"><\/i>\t\t\t\t\t\t<\/div>\n\t\t\t\t\t\t<div class=\"elementor-swiper-button elementor-swiper-button-next\" role=\"button\" tabindex=\"0\" aria-label=\"N\u00e4chste Folie\">\n\t\t\t\t\t\t\t<i aria-hidden=\"true\" class=\"eicon-chevron-right\"><\/i>\t\t\t\t\t\t<\/div>\n\t\t\t\t\t\t\t\t\t\t\t\t\t\t\t\t<div class=\"swiper-pagination\"><\/div>\n\t\t\t\t\t\t\t\t\t\t\t\t<\/div>\n\t\t\t\t<\/div>\n\t\t\t\t\t\t\t\t<\/div>\n\t\t\t\t<\/div>\n\t\t\t\t\t<\/div>\n\t\t<\/div>\n\t\t\t\t<div class=\"elementor-column elementor-col-50 elementor-top-column elementor-element elementor-element-df81e09\" data-id=\"df81e09\" data-element_type=\"column\" data-e-type=\"column\" data-settings=\"{&quot;background_background&quot;:&quot;classic&quot;}\">\n\t\t\t<div class=\"elementor-widget-wrap elementor-element-populated\">\n\t\t\t\t\t\t<div class=\"elementor-element elementor-element-7607f1d elementor-pagination-position-outside elementor--h-position-center elementor--v-position-middle elementor-arrows-position-inside elementor-widget elementor-widget-slides\" data-id=\"7607f1d\" data-element_type=\"widget\" data-e-type=\"widget\" data-settings=\"{&quot;navigation&quot;:&quot;both&quot;,&quot;autoplay&quot;:&quot;yes&quot;,&quot;pause_on_hover&quot;:&quot;yes&quot;,&quot;pause_on_interaction&quot;:&quot;yes&quot;,&quot;autoplay_speed&quot;:5000,&quot;infinite&quot;:&quot;yes&quot;,&quot;transition&quot;:&quot;slide&quot;,&quot;transition_speed&quot;:500}\" data-widget_type=\"slides.default\">\n\t\t\t\t<div class=\"elementor-widget-container\">\n\t\t\t\t\t\t\t\t\t<div class=\"elementor-swiper\">\n\t\t\t\t\t<div class=\"elementor-slides-wrapper elementor-main-swiper swiper\" role=\"region\" aria-roledescription=\"carousel\" aria-label=\"Folien\" dir=\"ltr\" data-animation=\"fadeInRight\">\n\t\t\t\t<div class=\"swiper-wrapper elementor-slides\">\n\t\t\t\t\t\t\t\t\t\t<div class=\"elementor-repeater-item-c28c638 swiper-slide\" role=\"group\" aria-roledescription=\"slide\"><div class=\"swiper-slide-bg\" role=\"img\" aria-label=\"Strangers Among You - Screenshots-06\"><\/div><div class=\"swiper-slide-inner\" ><div class=\"swiper-slide-contents\"><\/div><\/div><\/div><div class=\"elementor-repeater-item-7f4bdf1 swiper-slide\" role=\"group\" aria-roledescription=\"slide\"><div class=\"swiper-slide-bg\" role=\"img\" aria-label=\"Strangers Among You - Screenshots-22\"><\/div><div class=\"swiper-slide-inner\" ><div class=\"swiper-slide-contents\"><\/div><\/div><\/div><div class=\"elementor-repeater-item-387308c swiper-slide\" role=\"group\" aria-roledescription=\"slide\"><div class=\"swiper-slide-bg\" role=\"img\" aria-label=\"Strangers Among You - Screenshots-16\"><\/div><div class=\"swiper-slide-inner\" ><div class=\"swiper-slide-contents\"><\/div><\/div><\/div><div class=\"elementor-repeater-item-dd3c716 swiper-slide\" role=\"group\" aria-roledescription=\"slide\"><div class=\"swiper-slide-bg\" role=\"img\" aria-label=\"Strangers Among You - Screenshots-23\"><\/div><div class=\"swiper-slide-inner\" ><div class=\"swiper-slide-contents\"><\/div><\/div><\/div><div class=\"elementor-repeater-item-dd92939 swiper-slide\" role=\"group\" aria-roledescription=\"slide\"><div class=\"swiper-slide-bg\" role=\"img\" aria-label=\"Strangers Among You - Screenshots-10\"><\/div><div class=\"swiper-slide-inner\" ><div class=\"swiper-slide-contents\"><\/div><\/div><\/div><div class=\"elementor-repeater-item-b4ec0b7 swiper-slide\" role=\"group\" aria-roledescription=\"slide\"><div class=\"swiper-slide-bg\" role=\"img\" aria-label=\"Strangers Among You - Screenshots-08\"><\/div><div class=\"swiper-slide-inner\" ><div class=\"swiper-slide-contents\"><\/div><\/div><\/div><div class=\"elementor-repeater-item-3d8fe47 swiper-slide\" role=\"group\" aria-roledescription=\"slide\"><div class=\"swiper-slide-bg\" role=\"img\" aria-label=\"Strangers Among You - Screenshots-01\"><\/div><div class=\"swiper-slide-inner\" ><div class=\"swiper-slide-contents\"><\/div><\/div><\/div><div class=\"elementor-repeater-item-34ad117 swiper-slide\" role=\"group\" aria-roledescription=\"slide\"><div class=\"swiper-slide-bg\" role=\"img\" aria-label=\"Strangers Among You - Screenshots-17\"><\/div><div class=\"swiper-slide-inner\" ><div class=\"swiper-slide-contents\"><\/div><\/div><\/div><div class=\"elementor-repeater-item-97e792a swiper-slide\" role=\"group\" aria-roledescription=\"slide\"><div class=\"swiper-slide-bg\" role=\"img\" aria-label=\"Strangers Among You - Screenshots-04\"><\/div><div class=\"swiper-slide-inner\" ><div class=\"swiper-slide-contents\"><\/div><\/div><\/div><div class=\"elementor-repeater-item-1124613 swiper-slide\" role=\"group\" aria-roledescription=\"slide\"><div class=\"swiper-slide-bg\" role=\"img\" aria-label=\"Strangers Among You - Screenshots-19\"><\/div><div class=\"swiper-slide-inner\" ><div class=\"swiper-slide-contents\"><\/div><\/div><\/div><div class=\"elementor-repeater-item-9362175 swiper-slide\" role=\"group\" aria-roledescription=\"slide\"><div class=\"swiper-slide-bg\" role=\"img\" aria-label=\"Strangers Among You - Screenshots-18\"><\/div><div class=\"swiper-slide-inner\" ><div class=\"swiper-slide-contents\"><\/div><\/div><\/div><div class=\"elementor-repeater-item-e28b6fc swiper-slide\" role=\"group\" aria-roledescription=\"slide\"><div class=\"swiper-slide-bg\" role=\"img\" aria-label=\"Strangers Among You - Screenshots-12\"><\/div><div class=\"swiper-slide-inner\" ><div class=\"swiper-slide-contents\"><\/div><\/div><\/div>\t\t\t\t<\/div>\n\t\t\t\t\t\t\t\t\t\t\t\t\t\t\t<div class=\"elementor-swiper-button elementor-swiper-button-prev\" role=\"button\" tabindex=\"0\" aria-label=\"Vorheriges Dia\">\n\t\t\t\t\t\t\t<i aria-hidden=\"true\" class=\"eicon-chevron-left\"><\/i>\t\t\t\t\t\t<\/div>\n\t\t\t\t\t\t<div class=\"elementor-swiper-button elementor-swiper-button-next\" role=\"button\" tabindex=\"0\" aria-label=\"N\u00e4chste Folie\">\n\t\t\t\t\t\t\t<i aria-hidden=\"true\" class=\"eicon-chevron-right\"><\/i>\t\t\t\t\t\t<\/div>\n\t\t\t\t\t\t\t\t\t\t\t\t\t\t\t\t<div class=\"swiper-pagination\"><\/div>\n\t\t\t\t\t\t\t\t\t\t\t\t<\/div>\n\t\t\t\t<\/div>\n\t\t\t\t\t\t\t\t<\/div>\n\t\t\t\t<\/div>\n\t\t\t\t\t<\/div>\n\t\t<\/div>\n\t\t\t\t\t<\/div>\n\t\t<\/section>\n\t\t\t\t<\/div>","protected":false},"excerpt":{"rendered":"<p>Join us as we share life-changing stories from vulnerable communities, both local and global, as a network of social change-makers.<\/p>","protected":false},"author":42,"featured_media":38704,"parent":0,"menu_order":0,"comment_status":"closed","ping_status":"closed","template":"","meta":{"_acf_changed":false,"_eb_attr":"","footnotes":""},"class_list":["post-35047","page","type-page","status-publish","has-post-thumbnail","hentry"],"acf":[],"_links":{"self":[{"href":"https:\/\/adra.org\/de\/wp-json\/wp\/v2\/pages\/35047","targetHints":{"allow":["GET"]}}],"collection":[{"href":"https:\/\/adra.org\/de\/wp-json\/wp\/v2\/pages"}],"about":[{"href":"https:\/\/adra.org\/de\/wp-json\/wp\/v2\/types\/page"}],"author":[{"embeddable":true,"href":"https:\/\/adra.org\/de\/wp-json\/wp\/v2\/users\/42"}],"replies":[{"embeddable":true,"href":"https:\/\/adra.org\/de\/wp-json\/wp\/v2\/comments?post=35047"}],"version-history":[{"count":48,"href":"https:\/\/adra.org\/de\/wp-json\/wp\/v2\/pages\/35047\/revisions"}],"predecessor-version":[{"id":39355,"href":"https:\/\/adra.org\/de\/wp-json\/wp\/v2\/pages\/35047\/revisions\/39355"}],"wp:featuredmedia":[{"embeddable":true,"href":"https:\/\/adra.org\/de\/wp-json\/wp\/v2\/media\/38704"}],"wp:attachment":[{"href":"https:\/\/adra.org\/de\/wp-json\/wp\/v2\/media?parent=35047"}],"curies":[{"name":"wp","href":"https:\/\/api.w.org\/{rel}","templated":true}]}}