{"id":32976,"date":"2024-04-02T13:00:53","date_gmt":"2024-04-02T13:00:53","guid":{"rendered":"https:\/\/adra.org\/?page_id=32976"},"modified":"2025-06-03T07:48:14","modified_gmt":"2025-06-03T07:48:14","slug":"fundraising","status":"publish","type":"page","link":"https:\/\/adra.org\/de\/fundraising","title":{"rendered":"Fundraising"},"content":{"rendered":"<div data-elementor-type=\"wp-page\" data-elementor-id=\"32976\" class=\"elementor elementor-32976\" data-elementor-post-type=\"page\">\n\t\t\t\t\t\t<section data-particle_enable=\"false\" data-particle-mobile-disabled=\"false\" class=\"elementor-section elementor-top-section elementor-element elementor-element-e2bceb0 elementor-section-height-min-height elementor-section-full_width elementor-section-height-default elementor-section-items-middle\" data-id=\"e2bceb0\" data-element_type=\"section\" data-e-type=\"section\" data-settings=\"{&quot;background_background&quot;:&quot;classic&quot;,&quot;jet_parallax_layout_list&quot;:[]}\">\n\t\t\t\t\t\t<div class=\"elementor-container elementor-column-gap-default\">\n\t\t\t\t\t<div class=\"elementor-column elementor-col-100 elementor-top-column elementor-element elementor-element-2affc1a\" data-id=\"2affc1a\" data-element_type=\"column\" data-e-type=\"column\">\n\t\t\t<div class=\"elementor-widget-wrap elementor-element-populated\">\n\t\t\t\t\t\t<div class=\"elementor-element elementor-element-96212b3 authenia-angled elementor-widget elementor-widget-heading\" data-id=\"96212b3\" data-element_type=\"widget\" data-e-type=\"widget\" authenia=\"true\" data-widget_type=\"heading.default\">\n\t\t\t\t<div class=\"elementor-widget-container\">\n\t\t\t\t\t<h1 class=\"elementor-heading-title elementor-size-default\">Ihre finanzielle Partnerschaft...\n Ein heiliges Vertrauen<\/h1>\t\t\t\t<\/div>\n\t\t\t\t<\/div>\n\t\t\t\t\t<\/div>\n\t\t<\/div>\n\t\t\t\t\t<\/div>\n\t\t<\/section>\n\t\t\t\t<section data-particle_enable=\"false\" data-particle-mobile-disabled=\"false\" class=\"elementor-section elementor-top-section elementor-element elementor-element-9fec35a elementor-section-boxed elementor-section-height-default elementor-section-height-default\" data-id=\"9fec35a\" data-element_type=\"section\" data-e-type=\"section\" data-settings=\"{&quot;jet_parallax_layout_list&quot;:[]}\">\n\t\t\t\t\t\t<div class=\"elementor-container elementor-column-gap-default\">\n\t\t\t\t\t<div class=\"elementor-column elementor-col-100 elementor-top-column elementor-element elementor-element-edc9285\" data-id=\"edc9285\" data-element_type=\"column\" data-e-type=\"column\">\n\t\t\t<div class=\"elementor-widget-wrap elementor-element-populated\">\n\t\t\t\t\t\t<div class=\"elementor-element elementor-element-546ce5a elementor-widget elementor-widget-spacer\" data-id=\"546ce5a\" data-element_type=\"widget\" data-e-type=\"widget\" data-widget_type=\"spacer.default\">\n\t\t\t\t<div class=\"elementor-widget-container\">\n\t\t\t\t\t\t\t<div class=\"elementor-spacer\">\n\t\t\t<div class=\"elementor-spacer-inner\"><\/div>\n\t\t<\/div>\n\t\t\t\t\t\t<\/div>\n\t\t\t\t<\/div>\n\t\t\t\t<div class=\"elementor-element elementor-element-2437603 elementor-widget elementor-widget-text-editor\" data-id=\"2437603\" data-element_type=\"widget\" data-e-type=\"widget\" data-widget_type=\"text-editor.default\">\n\t\t\t\t<div class=\"elementor-widget-container\">\n\t\t\t\t\t\t\t\t\t<h5><span data-contrast=\"auto\">Wir betrachten Ihre Partnerschaft mit ADRA International als ein heiliges Vertrauen. Wir verpflichten uns, mit den Ressourcen, die Sie uns gro\u00dfz\u00fcgig zur Verf\u00fcgung stellen, gut umzugehen, ehrlich zu kommunizieren und kosteneffizient Spenden zu sammeln.\u00a0<\/span><span data-ccp-props=\"{}\">\u00a0<\/span><\/h5><p><span data-contrast=\"auto\">ADRA International nutzt <\/span><i><span data-contrast=\"auto\">Allgemein anerkannte Rechnungslegungsgrunds\u00e4tze<\/span><\/i><span data-contrast=\"auto\"> wie vom Financial Accounting Standards Board und dem Governmental Account Standards Board festgelegt. Unsere Jahresabschl\u00fcsse werden j\u00e4hrlich von einer unabh\u00e4ngigen Wirtschaftspr\u00fcfungsgesellschaft gepr\u00fcft.<\/span><span data-ccp-props=\"{}\">\u00a0<\/span><\/p><p><span data-contrast=\"auto\">ADRA International ist eine gemeinn\u00fctzige Organisation, die gem\u00e4\u00df Abschnitt 501(c)(3) des Internal Revenue Code von der Steuer befreit ist. Ihre Spenden sind als wohlt\u00e4tige Zuwendungen steuerlich absetzbar, soweit dies nach geltendem Recht zul\u00e4ssig ist. Finanzielle und andere Informationen \u00fcber den Zweck, die Programme und Aktivit\u00e4ten von ADRA International finden Sie online unter <\/span><a href=\"https:\/\/adra.org\/de\/financials\/\"><span data-contrast=\"none\">ADRA.org\/financials<\/span><\/a><span data-contrast=\"auto\">, oder per Post an 12501 Old Columbia Pike, Maryland 20904, oder per Telefon unter 800.424.2372 oder wie in der Fu\u00dfnote unten angegeben. *\u00a0<\/span><span data-ccp-props=\"{}\">\u00a0<\/span><\/p><p><span data-contrast=\"auto\">Wir m\u00f6chten auch, dass Sie genau wissen, wie ADRA Ihre passenden und zweckgebundenen Spenden verwaltet.\u00a0<\/span><span data-ccp-props=\"{}\">\u00a0<\/span><\/p>\t\t\t\t\t\t\t\t<\/div>\n\t\t\t\t<\/div>\n\t\t\t\t<div class=\"elementor-element elementor-element-25318b6 elementor-widget elementor-widget-spacer\" data-id=\"25318b6\" data-element_type=\"widget\" data-e-type=\"widget\" data-widget_type=\"spacer.default\">\n\t\t\t\t<div class=\"elementor-widget-container\">\n\t\t\t\t\t\t\t<div class=\"elementor-spacer\">\n\t\t\t<div class=\"elementor-spacer-inner\"><\/div>\n\t\t<\/div>\n\t\t\t\t\t\t<\/div>\n\t\t\t\t<\/div>\n\t\t\t\t<div class=\"elementor-element elementor-element-1d0258b elementor-widget elementor-widget-text-editor\" data-id=\"1d0258b\" data-element_type=\"widget\" data-e-type=\"widget\" data-widget_type=\"text-editor.default\">\n\t\t\t\t<div class=\"elementor-widget-container\">\n\t\t\t\t\t\t\t\t\t<h3><b>Entsprechende Geschenke<\/b>\u00a0<\/h3><p><span data-contrast=\"auto\">ADRA International kann eine der folgenden Arten von Matching Gift-Kampagnen nutzen, um neue und bestehende Unterst\u00fctzer zu finanziellen Beitr\u00e4gen zu bewegen:\u00a0<\/span><span data-ccp-props=\"{}\">\u00a0<\/span><\/p><ol><li><b><span data-contrast=\"auto\">Dollar f\u00fcr Dollar<\/span><\/b><span data-contrast=\"auto\">. Jeder Dollar wird durch einen weiteren Dollar erg\u00e4nzt.<\/span><span data-ccp-props=\"{&quot;201341983&quot;:0,&quot;335559740&quot;:259}\">\u00a0<\/span><\/li><li><b><span data-contrast=\"auto\">Mehrfache \u00dcbereinstimmung<\/span><\/b><span data-contrast=\"auto\">. Jeder Dollar wird durch zwei oder mehr weitere Dollar erg\u00e4nzt.<\/span><span data-ccp-props=\"{&quot;201341983&quot;:0,&quot;335559740&quot;:259}\">\u00a0<\/span><\/li><li><b><span data-contrast=\"auto\">Dehnungsspiel<\/span><\/b><span data-contrast=\"auto\">. Jede Spende wird nur dann verdoppelt, wenn sie einen bestimmten Betrag \u00fcbersteigt.<\/span><span data-ccp-props=\"{&quot;201341983&quot;:0,&quot;335559740&quot;:259}\">\u00a0<\/span><\/li><li><b><span data-contrast=\"auto\">Flaches Streichholz<\/span><\/b><span data-contrast=\"auto\">. Jede Spende wird unabh\u00e4ngig von ihrer H\u00f6he um einen bestimmten Betrag aufgestockt.<\/span><span data-ccp-props=\"{&quot;201341983&quot;:0,&quot;335559740&quot;:259}\">\u00a0<\/span><\/li><li><b><span data-contrast=\"auto\">Teilweise \u00dcbereinstimmung<\/span><\/b><span data-contrast=\"auto\">. Jede einzelne Spende wird bis zu einem bestimmten Betrag verdoppelt.\u00a0<\/span><span data-ccp-props=\"{&quot;201341983&quot;:0,&quot;335559740&quot;:259}\">\u00a0<br \/><br \/><\/span><\/li><\/ol><p><i><span data-contrast=\"auto\">Schatztruhe<\/span><\/i><span data-contrast=\"auto\"> ist der Name des ADRA-Fonds f\u00fcr passende Spenden. Spenden an den Fonds <\/span><i><span data-contrast=\"auto\">Schatztruhe <\/span><\/i><span data-contrast=\"auto\">Match Offer-Kampagnen werden in der Regel von Gro\u00dfspendern erbeten und k\u00f6nnen auch <\/span><i><span data-contrast=\"auto\">Crowdsourced<\/span><\/i><span data-contrast=\"auto\"> von anderen Unterst\u00fctzern \u00fcber verschiedene Kommunikationskan\u00e4le wie Direktpost, E-Mail und die ADRA-Website. Alle Gelder werden auf ein zweckgebundenes Konto \u00fcberwiesen und f\u00fcr die Arbeit freigegeben, wenn andere Unterst\u00fctzer den gleichen Betrag spenden.\u00a0<\/span><span data-ccp-props=\"{}\">\u00a0<\/span><\/p><p><span data-contrast=\"auto\">ADRA beschreibt klar die Bedingungen f\u00fcr jedes Matching-Angebot, einschlie\u00dflich des Enddatums, der Gesamtsumme der angebotenen Mittel und der geeigneten Methoden, um auf das Angebot zu reagieren. Spendenaufrufe als Reaktion auf das Matching-Angebot werden nach spezifischen Appellen und f\u00fcr jeden Kommunikationskanal kodiert. Die Spenden, die als Reaktion auf das jeweilige Angebot eingehen, werden nachverfolgt und mit den jeweiligen Aufrufen in Verbindung gebracht, wenn die angegebenen Antwortmethoden verwendet werden. Spenden, die unter Verwendung der im Angebot angegebenen Methoden eingehen, aber ansonsten nicht den ver\u00f6ffentlichten Bedingungen entsprechen, werden nicht zugeordnet. Geschenke, die \u00fcber eine Kommunikationsmethode eingehen, die nicht im Angebot angegeben ist, aber als <\/span><i><span data-contrast=\"auto\">\u00fcbereinstimmen, Angebot \u00fcbereinstimmen,<\/span><\/i><span data-contrast=\"auto\"> oder \u00e4hnliches gelten als <\/span><i><span data-contrast=\"auto\">Schatztruhe<\/span><\/i><span data-contrast=\"auto\"> Pre-Match-Geschenk und verf\u00fcgbar f\u00fcr eine nachfolgende Match-Angebotskampagne.<\/span><span data-ccp-props=\"{}\">\u00a0<\/span><\/p>\t\t\t\t\t\t\t\t<\/div>\n\t\t\t\t<\/div>\n\t\t\t\t<div class=\"elementor-element elementor-element-77bfc0f elementor-widget elementor-widget-spacer\" data-id=\"77bfc0f\" data-element_type=\"widget\" data-e-type=\"widget\" data-widget_type=\"spacer.default\">\n\t\t\t\t<div class=\"elementor-widget-container\">\n\t\t\t\t\t\t\t<div class=\"elementor-spacer\">\n\t\t\t<div class=\"elementor-spacer-inner\"><\/div>\n\t\t<\/div>\n\t\t\t\t\t\t<\/div>\n\t\t\t\t<\/div>\n\t\t\t\t<div class=\"elementor-element elementor-element-d37d508 elementor-widget elementor-widget-text-editor\" data-id=\"d37d508\" data-element_type=\"widget\" data-e-type=\"widget\" data-widget_type=\"text-editor.default\">\n\t\t\t\t<div class=\"elementor-widget-container\">\n\t\t\t\t\t\t\t\t\t<h3><b>Eingeschr\u00e4nkte Geschenke<\/b><span data-ccp-props=\"{&quot;335559738&quot;:360}\">\u00a0<\/span><\/h3><p><span data-contrast=\"auto\">ADRA erf\u00fcllt seinen Auftrag durch die Annahme von Spenden seiner Unterst\u00fctzer. Nicht zweckgebundene Spenden unterst\u00fctzen den Auftrag von ADRA am besten und geben der Organisation die Flexibilit\u00e4t, die Mittel dort einzusetzen, wo sie am dringendsten ben\u00f6tigt werden. Dar\u00fcber hinaus nimmt ADRA derzeit die folgenden Arten von zweckgebundenen Spenden entgegen.<\/span><span data-ccp-props=\"{}\">\u00a0<\/span><\/p>\t\t\t\t\t\t\t\t<\/div>\n\t\t\t\t<\/div>\n\t\t\t\t<section data-particle_enable=\"false\" data-particle-mobile-disabled=\"false\" class=\"elementor-section elementor-inner-section elementor-element elementor-element-84aca46 elementor-section-boxed elementor-section-height-default elementor-section-height-default\" data-id=\"84aca46\" data-element_type=\"section\" data-e-type=\"section\" data-settings=\"{&quot;jet_parallax_layout_list&quot;:[]}\">\n\t\t\t\t\t\t<div class=\"elementor-container elementor-column-gap-default\">\n\t\t\t\t\t<div class=\"elementor-column elementor-col-50 elementor-inner-column elementor-element elementor-element-af130c8\" data-id=\"af130c8\" data-element_type=\"column\" data-e-type=\"column\">\n\t\t\t<div class=\"elementor-widget-wrap elementor-element-populated\">\n\t\t\t\t\t\t<div class=\"elementor-element elementor-element-1be20f2 elementor-widget elementor-widget-text-editor\" data-id=\"1be20f2\" data-element_type=\"widget\" data-e-type=\"widget\" data-widget_type=\"text-editor.default\">\n\t\t\t\t<div class=\"elementor-widget-container\">\n\t\t\t\t\t\t\t\t\t<h4><span data-contrast=\"auto\">Programme nach Region<\/span><span data-ccp-props=\"{&quot;335559685&quot;:720,&quot;335559739&quot;:0}\">\u00a0<\/span><\/h4><p><span data-contrast=\"auto\">Afrika<\/span><span data-ccp-props=\"{&quot;335559685&quot;:720,&quot;335559739&quot;:0}\">\u00a0<br \/><\/span><span data-contrast=\"auto\">Amerika (Zentral)<\/span><span data-ccp-props=\"{&quot;335559685&quot;:720,&quot;335559739&quot;:0}\">\u00a0<br \/><\/span><span data-contrast=\"auto\">Amerika (Norden)<\/span><span data-ccp-props=\"{&quot;335559685&quot;:720,&quot;335559737&quot;:1440,&quot;335559739&quot;:0}\">\u00a0<br \/><\/span><span data-contrast=\"auto\">Amerika (S\u00fcden)<\/span><span data-ccp-props=\"{&quot;335559685&quot;:720,&quot;335559739&quot;:0}\">\u00a0<br \/><\/span><span data-contrast=\"auto\">Asien\u00a0<\/span><span data-ccp-props=\"{&quot;335559685&quot;:720,&quot;335559739&quot;:0}\">\u00a0<br \/><\/span><span data-contrast=\"auto\">Europa<\/span><span data-ccp-props=\"{&quot;335559685&quot;:720,&quot;335559739&quot;:0}\">\u00a0<\/span><\/p>\t\t\t\t\t\t\t\t<\/div>\n\t\t\t\t<\/div>\n\t\t\t\t\t<\/div>\n\t\t<\/div>\n\t\t\t\t<div class=\"elementor-column elementor-col-50 elementor-inner-column elementor-element elementor-element-7141d0b\" data-id=\"7141d0b\" data-element_type=\"column\" data-e-type=\"column\">\n\t\t\t<div class=\"elementor-widget-wrap elementor-element-populated\">\n\t\t\t\t\t\t<div class=\"elementor-element elementor-element-e1d14b2 elementor-widget elementor-widget-text-editor\" data-id=\"e1d14b2\" data-element_type=\"widget\" data-e-type=\"widget\" data-widget_type=\"text-editor.default\">\n\t\t\t\t<div class=\"elementor-widget-container\">\n\t\t\t\t\t\t\t\t\t<h4><span data-contrast=\"auto\">Programme nach Typ<\/span><span data-ccp-props=\"{&quot;335559685&quot;:90,&quot;335559739&quot;:0}\">\u00a0<\/span><\/h4><p><span data-contrast=\"auto\">Landwirtschaft<\/span><span data-ccp-props=\"{&quot;335559685&quot;:90,&quot;335559739&quot;:0}\">\u00a0<br \/><\/span><span data-contrast=\"auto\">Bildung<\/span><span data-ccp-props=\"{&quot;335559685&quot;:90,&quot;335559739&quot;:0}\">\u00a0<br \/><\/span><span data-contrast=\"auto\">Notfallma\u00dfnahmen und -vorbereitung<\/span><span data-ccp-props=\"{&quot;335559685&quot;:90,&quot;335559739&quot;:0}\">\u00a0<br \/><\/span>Ern\u00e4hrungssicherheit<br \/><span data-contrast=\"auto\">Lebensgrundlagen<\/span><span data-ccp-props=\"{&quot;335559685&quot;:90,&quot;335559739&quot;:0}\">\u00a0<br \/><\/span><span data-contrast=\"auto\">Gesundheit<\/span><span data-ccp-props=\"{&quot;335559685&quot;:90,&quot;335559739&quot;:0}\">\u00a0<br \/><\/span><span data-contrast=\"auto\">Schutz der Schutzbed\u00fcrftigen<\/span><span data-ccp-props=\"{&quot;335559685&quot;:90,&quot;335559739&quot;:0}\">\u00a0<br \/><\/span><span data-contrast=\"auto\">Fl\u00fcchtlinge und Vertriebene<\/span><span data-ccp-props=\"{&quot;335559685&quot;:90,&quot;335559739&quot;:0}\">\u00a0<br \/><\/span><span data-contrast=\"auto\">Wasser, sanit\u00e4re Einrichtungen und Hygiene<\/span><span data-ccp-props=\"{&quot;335559685&quot;:90,&quot;335559739&quot;:0}\">\u00a0<\/span><\/p>\t\t\t\t\t\t\t\t<\/div>\n\t\t\t\t<\/div>\n\t\t\t\t\t<\/div>\n\t\t<\/div>\n\t\t\t\t\t<\/div>\n\t\t<\/section>\n\t\t\t\t<div class=\"elementor-element elementor-element-e1ee9c3 elementor-widget elementor-widget-text-editor\" data-id=\"e1ee9c3\" data-element_type=\"widget\" data-e-type=\"widget\" data-widget_type=\"text-editor.default\">\n\t\t\t\t<div class=\"elementor-widget-container\">\n\t\t\t\t\t\t\t\t\t<p><span data-contrast=\"auto\">In einigen F\u00e4llen kann ADRA International Spenden annehmen, die f\u00fcr ADRA-B\u00fcros in bestimmten L\u00e4ndern oder f\u00fcr eine Kombination aus einem ADRA-B\u00fcro und einem bestimmten Programm bestimmt sind. An Standorten, an denen solche Optionen nicht bestehen, oder wenn ADRA keinen zweckgebundenen Fonds mit dem auf den Spendenunterlagen angegebenen Grad an Spezifit\u00e4t unterh\u00e4lt, werden die Spenden von ADRA f\u00fcr ein Programm umgewidmet, das in Bezug auf Standort und Art so \u00e4hnlich wie m\u00f6glich ist. Wenn eine Spende von ADRA wesentlich ge\u00e4ndert wurde, erh\u00e4lt der Spender eine schriftliche Benachrichtigung und die M\u00f6glichkeit, die urspr\u00fcngliche Einschr\u00e4nkung aufzuheben, seine Spende in einen anderen zweckgebundenen Fonds umzuwidmen oder die R\u00fcckerstattung seiner Spende zu verlangen.<\/span><span data-ccp-props=\"{}\">\u00a0<\/span><\/p><p><span data-contrast=\"auto\">ADRA International beh\u00e4lt sich das Recht vor, die Verwendung einer Spende f\u00fcr jeden Zweck zu \u00e4ndern, der mit dem steuerbefreiten Auftrag von ADRA \u00fcbereinstimmt, falls der vorgesehene Zweck bereits erreicht wurde oder die Spende nicht mehr in den Rahmen des Auftrags oder der Programme von ADRA passt.<\/span><span data-ccp-props=\"{}\">\u00a0<\/span><\/p><p><span data-contrast=\"auto\">Zehn Prozent aller Spenden, die auf einen bestimmten Ort und\/oder eine bestimmte Programmart beschr\u00e4nkt sind, werden von ADRA International f\u00fcr Verwaltungszwecke einbehalten, einschlie\u00dflich der Verwaltung, \u00dcberwachung und Bewertung der Aktivit\u00e4ten im Zusammenhang mit dem Programm, f\u00fcr das die Mittel bestimmt sind.<\/span><span data-ccp-props=\"{}\">\u00a0<\/span><\/p><p><span data-contrast=\"auto\">ADRA f\u00fchlt sich geehrt, mit Ihnen zusammenzuarbeiten, um Gerechtigkeit, Mitgef\u00fchl und Liebe in eine Welt voller Menschen zu bringen, damit alle so leben k\u00f6nnen, wie Gott es will.\u00a0<\/span><span data-ccp-props=\"{}\">\u00a0<\/span><\/p><p><span data-contrast=\"auto\">F\u00fcr weitere Informationen lesen Sie bitte <\/span><a href=\"https:\/\/adra.org\/wp-content\/uploads\/pdfs\/Gift_Acceptance_Policy_Board_Approved_20230501.pdf\"><span data-contrast=\"none\">ADRA Internationals Richtlinie zur Annahme von Geschenken<\/span><\/a><span data-contrast=\"auto\">. (PDF)<\/span><\/p>\t\t\t\t\t\t\t\t<\/div>\n\t\t\t\t<\/div>\n\t\t\t\t<div class=\"elementor-element elementor-element-b6410f4 elementor-widget elementor-widget-spacer\" data-id=\"b6410f4\" data-element_type=\"widget\" data-e-type=\"widget\" data-widget_type=\"spacer.default\">\n\t\t\t\t<div class=\"elementor-widget-container\">\n\t\t\t\t\t\t\t<div class=\"elementor-spacer\">\n\t\t\t<div class=\"elementor-spacer-inner\"><\/div>\n\t\t<\/div>\n\t\t\t\t\t\t<\/div>\n\t\t\t\t<\/div>\n\t\t\t\t<div class=\"elementor-element elementor-element-275289e elementor-widget elementor-widget-text-editor\" data-id=\"275289e\" data-element_type=\"widget\" data-e-type=\"widget\" data-widget_type=\"text-editor.default\">\n\t\t\t\t<div class=\"elementor-widget-container\">\n\t\t\t\t\t\t\t\t\t<h3><strong>Staatliche Bekanntmachungen<\/strong><span class=\"EOP SCXW202696631 BCX4\" data-ccp-props=\"{&quot;335559738&quot;:360}\">&nbsp;<\/span><\/h3>\n<p><b><span data-contrast=\"auto\">Colorado<\/span><\/b><span data-contrast=\"auto\">: Einwohner von Colorado k\u00f6nnen Kopien der Registrierungs- und Finanzdokumente beim B\u00fcro des Secretary of State, (303) 894-2680, http:\/\/www.sos.state.co.us\/, anfordern. Nr. <\/span><span data-contrast=\"none\">20043007011<\/span><span data-contrast=\"auto\">.&nbsp;<\/span><span data-ccp-props=\"{&quot;335559738&quot;:360}\">&nbsp;<\/span><\/p>\n<p><b><span data-contrast=\"auto\">Florida<\/span><\/b><span data-contrast=\"auto\">: SC Nr. 01008 Eine Kopie der amtlichen Registrierung und der Finanzinformationen k\u00f6nnen Sie bei der Abteilung f\u00fcr Verbraucherdienste (DIVISION OF CONSUMER SERVICES) unter der Telefonnummer 1-800-HELP-FLA oder \u00fcber das Internet unter WWW.800HELPFLORIDA.COM erhalten.&nbsp;<\/span><span data-ccp-props=\"{&quot;335559738&quot;:360}\">&nbsp;<\/span><\/p>\n<p><b><span data-contrast=\"auto\">Georgien<\/span><\/b><span data-contrast=\"auto\">: Eine vollst\u00e4ndige und wahrheitsgetreue Beschreibung der Programme und Aktivit\u00e4ten von ADRA International sowie der Finanzbericht sind auf Anfrage bei der oben angegebenen Adresse erh\u00e4ltlich.&nbsp;<\/span><span data-ccp-props=\"{&quot;335559738&quot;:360}\">&nbsp;<\/span><\/p>\n<p><b><span data-contrast=\"auto\">Illinois<\/span><\/b><span data-contrast=\"auto\">: Vertr\u00e4ge und Berichte \u00fcber ADRA International sind beim Generalstaatsanwalt von Illinois hinterlegt.&nbsp;<\/span><span data-ccp-props=\"{&quot;335559738&quot;:360}\">&nbsp;<\/span><\/p>\n<p><b><span data-contrast=\"auto\">Kansas<\/span><\/b><span data-contrast=\"auto\">: In Kansas lautet unsere Lizenznummer 21-022753.&nbsp;<\/span><span data-ccp-props=\"{&quot;335559738&quot;:360}\">&nbsp;<\/span><\/p>\n<p><b><span data-contrast=\"auto\">Maryland<\/span><\/b><span data-contrast=\"auto\">: Dokumente und Informationen, die gem\u00e4\u00df den Gesetzen \u00fcber gemeinn\u00fctzige Organisationen in Maryland eingereicht werden, k\u00f6nnen gegen die Kosten f\u00fcr Porto und Kopien beim Secretary of State, Charitable Division, State House, Annapolis, MD 21401, (800) 825-4510 angefordert werden.&nbsp;<\/span><span data-ccp-props=\"{&quot;335559738&quot;:360}\">&nbsp;<\/span><\/p>\n<p><b><span data-contrast=\"auto\">Michigan<\/span><\/b><span data-contrast=\"auto\">: In Michigan lautet die Registrierungsnummer von ADRA MICS 19073.&nbsp;<\/span><span data-ccp-props=\"{&quot;335559738&quot;:360}\">&nbsp;<\/span><\/p>\n<p><b><span data-contrast=\"auto\">Mississippi<\/span><\/b><span data-contrast=\"auto\">: Die offiziellen Registrierungs- und Finanzinformationen von ADRA Inernational k\u00f6nnen beim Mississippi Secretary of State's Office unter der Telefonnummer 1-888-236-6167 erfragt werden.&nbsp;&nbsp;<\/span><span data-ccp-props=\"{&quot;335559738&quot;:360}\">&nbsp;<\/span><\/p>\n<p><b><span data-contrast=\"auto\">Nevada<\/span><\/b><span data-contrast=\"auto\">: Das Aktenzeichen von ADRA International ist E0568412016-6.&nbsp;&nbsp;<\/span><span data-ccp-props=\"{&quot;335559738&quot;:360}\">&nbsp;<\/span><\/p>\n<p><span data-contrast=\"auto\"><strong>New Jersey:<\/strong> DIE BEIM GENERALSTAATSANWALT HINTERLEGTEN INFORMATIONEN \u00dcBER DIESE WOHLT\u00c4TIGE WERBUNG UND DEN PROZENTUALEN ANTEIL DER SPENDEN, DIE DIE WOHLT\u00c4TIGE ORGANISATION W\u00c4HREND DES LETZTEN BERICHTSZEITRAUMS ERHALTEN HAT UND DIE DEM WOHLT\u00c4TIGEN ZWECK GEWIDMET WAREN, K\u00d6NNEN BEIM GENERALSTAATSANWALT DES STAATES NEW JERSEY UNTER DER TELEFONNUMMER (973) 504-6215 ANGEFORDERT WERDEN UND SIND IM INTERNET UNTER http:\/\/www.state.nj.us\/lps\/ca\/charfrm.htm VERF\u00dcGBAR.&nbsp;&nbsp;<\/span><span data-ccp-props=\"{&quot;335559738&quot;:360}\">&nbsp;<\/span><\/p>\n<p><b><span data-contrast=\"auto\">New York<\/span><\/b><span data-contrast=\"auto\">: Auf Anfrage beim Attorney General Charities Bureau, 120 Broadway, New York, NY 10271.&nbsp;&nbsp;<\/span><span data-ccp-props=\"{&quot;335559738&quot;:360}\">&nbsp;<\/span><\/p>\n<p><b><span data-contrast=\"auto\">North Carolina<\/span><\/b><span data-contrast=\"auto\">: Finanzielle Informationen \u00fcber diese Organisation und eine Kopie ihrer Lizenz sind bei der State Solicitation Licensing Branch unter 1-888-830-4989 (innerhalb North Carolina) oder (919) 807-2214 (au\u00dferhalb North Carolina) erh\u00e4ltlich.&nbsp;&nbsp;<\/span><span data-ccp-props=\"{&quot;335559738&quot;:360}\">&nbsp;<\/span><\/p>\n<p><b><span data-contrast=\"auto\">Pennsylvania<\/span><\/b><span data-contrast=\"auto\">: Die offiziellen Registrierungs- und Finanzinformationen von ADRA International sind beim Pennsylvania Department of State unter der geb\u00fchrenfreien Rufnummer 1-800-732-0999 erh\u00e4ltlich (innerhalb Pennsylvanias).&nbsp;<\/span><span data-ccp-props=\"{&quot;335559738&quot;:360}\">&nbsp;<\/span><\/p>\n<p><b><span data-contrast=\"auto\">Virginia<\/span><\/b><span data-contrast=\"auto\">: Finanzberichte sind erh\u00e4ltlich beim State Office of Consumer Affairs, PO. Box 1163, Richmond, VA 23218.&nbsp;<\/span><span data-ccp-props=\"{&quot;335559738&quot;:360}\">&nbsp;<\/span><\/p>\n<p><b><span data-contrast=\"auto\">Washington<\/span><\/b><span data-contrast=\"auto\">: Die nach dem Charitable Solicitation Act vorgeschriebene Aufforderung zur Einwerbung von Spenden liegt dem Washingtoner Au\u00dfenministerium vor, und Informationen \u00fcber die finanziellen Angelegenheiten von ADRA International sind beim Au\u00dfenministerium und unter der geb\u00fchrenfreien Nummer f\u00fcr Einwohner von Washington erh\u00e4ltlich: 1-800-332-4483.&nbsp;<\/span><span data-ccp-props=\"{&quot;335559738&quot;:360}\">&nbsp;<\/span><\/p>\n<p><b><span data-contrast=\"auto\">West Virginia<\/span><\/b><span data-contrast=\"auto\">: Einwohner von West Virginia k\u00f6nnen eine Zusammenfassung der Registrierungs- und Finanzunterlagen beim Secretary of State, State Capitol, Charleston, WV 25305, erhalten.  Anfragen k\u00f6nnen auch an das B\u00fcro f\u00fcr Spenderbeziehungen bei ADRA International gerichtet werden. DIE BEITR\u00c4GE SIND NACH GELTENDEM RECHT VON DER BUNDESSTEUER ABSETZBAR.<\/span><span data-ccp-props=\"{&quot;335559738&quot;:360}\">&nbsp;<\/span><\/p><p><span data-ccp-props=\"{&quot;335559738&quot;:360}\"><br><\/span><\/p>\n<p><span data-contrast=\"auto\">DIE REGISTRIERUNG IN DEN OBEN GENANNTEN STAATEN BEDEUTET KEINE BILLIGUNG, GENEHMIGUNG ODER EMPFEHLUNG VON ADRA INTERNATIONAL DURCH DEN STAAT.<\/span><span data-ccp-props=\"{&quot;335559738&quot;:360}\">&nbsp;<\/span><\/p>\t\t\t\t\t\t\t\t<\/div>\n\t\t\t\t<\/div>\n\t\t\t\t<div class=\"elementor-element elementor-element-c4e120d elementor-widget elementor-widget-spacer\" data-id=\"c4e120d\" data-element_type=\"widget\" data-e-type=\"widget\" data-widget_type=\"spacer.default\">\n\t\t\t\t<div class=\"elementor-widget-container\">\n\t\t\t\t\t\t\t<div class=\"elementor-spacer\">\n\t\t\t<div class=\"elementor-spacer-inner\"><\/div>\n\t\t<\/div>\n\t\t\t\t\t\t<\/div>\n\t\t\t\t<\/div>\n\t\t\t\t\t<\/div>\n\t\t<\/div>\n\t\t\t\t\t<\/div>\n\t\t<\/section>\n\t\t\t\t<\/div>","protected":false},"excerpt":{"rendered":"<p>Your Financial Partnership\u2026 A Sacred Trust We view your partnership with ADRA International as a sacred trust. We commit to be good stewards of the resources you generously share with us, truthful in our communications, and cost-effective in our fundraising.\u00a0\u00a0 ADRA International utilizes Generally Accepted Accounting Principles as established by the Financial Accounting Standards Board [&hellip;]<\/p>\n","protected":false},"author":1,"featured_media":32982,"parent":0,"menu_order":0,"comment_status":"closed","ping_status":"closed","template":"","meta":{"_acf_changed":false,"_eb_attr":"","footnotes":""},"class_list":["post-32976","page","type-page","status-publish","has-post-thumbnail","hentry"],"acf":[],"_links":{"self":[{"href":"https:\/\/adra.org\/de\/wp-json\/wp\/v2\/pages\/32976","targetHints":{"allow":["GET"]}}],"collection":[{"href":"https:\/\/adra.org\/de\/wp-json\/wp\/v2\/pages"}],"about":[{"href":"https:\/\/adra.org\/de\/wp-json\/wp\/v2\/types\/page"}],"author":[{"embeddable":true,"href":"https:\/\/adra.org\/de\/wp-json\/wp\/v2\/users\/1"}],"replies":[{"embeddable":true,"href":"https:\/\/adra.org\/de\/wp-json\/wp\/v2\/comments?post=32976"}],"version-history":[{"count":50,"href":"https:\/\/adra.org\/de\/wp-json\/wp\/v2\/pages\/32976\/revisions"}],"predecessor-version":[{"id":38796,"href":"https:\/\/adra.org\/de\/wp-json\/wp\/v2\/pages\/32976\/revisions\/38796"}],"wp:featuredmedia":[{"embeddable":true,"href":"https:\/\/adra.org\/de\/wp-json\/wp\/v2\/media\/32982"}],"wp:attachment":[{"href":"https:\/\/adra.org\/de\/wp-json\/wp\/v2\/media?parent=32976"}],"curies":[{"name":"wp","href":"https:\/\/api.w.org\/{rel}","templated":true}]}}