{"id":28171,"date":"2023-06-30T18:12:49","date_gmt":"2023-06-30T18:12:49","guid":{"rendered":"https:\/\/adra.org\/?page_id=28171"},"modified":"2025-09-15T09:00:35","modified_gmt":"2025-09-15T09:00:35","slug":"28171-2","status":"publish","type":"page","link":"https:\/\/adra.org\/de\/28171-2","title":{"rendered":"Co-Op Disclaimer Message"},"content":{"rendered":"<div data-elementor-type=\"wp-page\" data-elementor-id=\"28171\" class=\"elementor elementor-28171\" data-elementor-post-type=\"page\">\n\t\t\t\t\t\t<section data-particle_enable=\"false\" data-particle-mobile-disabled=\"false\" class=\"elementor-section elementor-top-section elementor-element elementor-element-50fbf7a elementor-section-boxed elementor-section-height-default elementor-section-height-default\" data-id=\"50fbf7a\" data-element_type=\"section\" data-e-type=\"section\" data-settings=\"{&quot;jet_parallax_layout_list&quot;:[]}\">\n\t\t\t\t\t\t<div class=\"elementor-container elementor-column-gap-default\">\n\t\t\t\t\t<div class=\"elementor-column elementor-col-100 elementor-top-column elementor-element elementor-element-b11856d\" data-id=\"b11856d\" data-element_type=\"column\" data-e-type=\"column\">\n\t\t\t<div class=\"elementor-widget-wrap elementor-element-populated\">\n\t\t\t\t\t\t<div class=\"elementor-element elementor-element-a394b8d elementor-widget elementor-widget-spacer\" data-id=\"a394b8d\" data-element_type=\"widget\" data-e-type=\"widget\" data-widget_type=\"spacer.default\">\n\t\t\t\t<div class=\"elementor-widget-container\">\n\t\t\t\t\t\t\t<div class=\"elementor-spacer\">\n\t\t\t<div class=\"elementor-spacer-inner\"><\/div>\n\t\t<\/div>\n\t\t\t\t\t\t<\/div>\n\t\t\t\t<\/div>\n\t\t\t\t<div class=\"elementor-element elementor-element-d880ca1 elementor-widget elementor-widget-text-editor\" data-id=\"d880ca1\" data-element_type=\"widget\" data-e-type=\"widget\" data-widget_type=\"text-editor.default\">\n\t\t\t\t<div class=\"elementor-widget-container\">\n\t\t\t\t\t\t\t\t\t<h2>Eine wichtige Nachricht f\u00fcr Sie<\/h2><hr \/><p><br \/>Wir bei ADRA f\u00fchlen uns durch Ihre Unterst\u00fctzung sehr geehrt. Deshalb m\u00f6chten wir Ihnen gegen\u00fcber vollkommen transparent sein, was die Informationen angeht, die Sie uns zur Verf\u00fcgung stellen.<\/p><p>Im Rahmen unserer Bem\u00fchungen, Mittel f\u00fcr unsere laufenden Projekte zu beschaffen, k\u00f6nnen wir Ihre Spendendaten verwenden, um ein Modell (eine so genannte \u201cCo-op\u201d-Liste) zu erstellen, mit dessen Hilfe andere potenzielle Spender f\u00fcr ADRA ermittelt werden k\u00f6nnen. Sie k\u00f6nnen mehr \u00fcber unsere Datenpolitik und die Dritten, mit denen wir zusammenarbeiten, erfahren <a href=\"https:\/\/adra.org\/de\/policies\/\"><strong>hier<\/strong><\/a>.<\/p><p>Mit Hilfe des \u201cCo-op\u201d-Modells k\u00f6nnen wir diejenigen, denen unsere Arbeit am Herzen liegt, die aber sonst vielleicht nichts von unserer Arbeit wissen, besser ausfindig machen.<\/p><p>Wir hoffen, dass sich viele neue Freunde - wie Sie - dazu bewegen lassen, uns finanziell zu unterst\u00fctzen, damit wir unsere humanit\u00e4re Arbeit in der ganzen Welt fortsetzen und allen Menschen zu einem Leben verhelfen k\u00f6nnen, wie es Gott vorgesehen hat.<\/p><p>Heute m\u00f6chten wir Sie bitten, uns mitzuteilen, ob Sie <i>nicht <\/i>Sie m\u00f6chten, dass Ihre Informationen auf diese Weise verwendet werden. Wenn ja, besuchen Sie bitte unser <a href=\"https:\/\/adra.org\/de\/about-adra\/contact\/\"><strong>Kontaktieren Sie uns<\/strong><\/a> Seite, damit Ihre Informationen nicht weitergegeben werden.<\/p><p>Nochmals vielen Dank, dass Sie mit ADRA zusammenarbeiten, um die Bed\u00fcrftigsten mit Gottes Liebe und Hoffnung zu erreichen.<\/p><p>Wir sind dankbar f\u00fcr Sie!<\/p>\t\t\t\t\t\t\t\t<\/div>\n\t\t\t\t<\/div>\n\t\t\t\t<div class=\"elementor-element elementor-element-7f37122 elementor-widget elementor-widget-spacer\" data-id=\"7f37122\" data-element_type=\"widget\" data-e-type=\"widget\" data-widget_type=\"spacer.default\">\n\t\t\t\t<div class=\"elementor-widget-container\">\n\t\t\t\t\t\t\t<div class=\"elementor-spacer\">\n\t\t\t<div class=\"elementor-spacer-inner\"><\/div>\n\t\t<\/div>\n\t\t\t\t\t\t<\/div>\n\t\t\t\t<\/div>\n\t\t\t\t\t<\/div>\n\t\t<\/div>\n\t\t\t\t\t<\/div>\n\t\t<\/section>\n\t\t\t\t<\/div>","protected":false},"excerpt":{"rendered":"<p>An important message for you At ADRA, we are truly honored by your support. That\u2019s why we want to be fully transparent with you about the information you share with us. As part of our efforts to raise funds for our ongoing projects, we may use your donation data to create a model (called a [&hellip;]<\/p>\n","protected":false},"author":5,"featured_media":0,"parent":0,"menu_order":0,"comment_status":"closed","ping_status":"closed","template":"","meta":{"_acf_changed":false,"_eb_attr":"","footnotes":""},"class_list":["post-28171","page","type-page","status-publish","hentry"],"acf":[],"_links":{"self":[{"href":"https:\/\/adra.org\/de\/wp-json\/wp\/v2\/pages\/28171","targetHints":{"allow":["GET"]}}],"collection":[{"href":"https:\/\/adra.org\/de\/wp-json\/wp\/v2\/pages"}],"about":[{"href":"https:\/\/adra.org\/de\/wp-json\/wp\/v2\/types\/page"}],"author":[{"embeddable":true,"href":"https:\/\/adra.org\/de\/wp-json\/wp\/v2\/users\/5"}],"replies":[{"embeddable":true,"href":"https:\/\/adra.org\/de\/wp-json\/wp\/v2\/comments?post=28171"}],"version-history":[{"count":34,"href":"https:\/\/adra.org\/de\/wp-json\/wp\/v2\/pages\/28171\/revisions"}],"predecessor-version":[{"id":40227,"href":"https:\/\/adra.org\/de\/wp-json\/wp\/v2\/pages\/28171\/revisions\/40227"}],"wp:attachment":[{"href":"https:\/\/adra.org\/de\/wp-json\/wp\/v2\/media?parent=28171"}],"curies":[{"name":"wp","href":"https:\/\/api.w.org\/{rel}","templated":true}]}}